{"id":1014,"date":"2023-08-01T10:37:40","date_gmt":"2023-08-01T02:37:40","guid":{"rendered":"https:\/\/ambsingapore.esteri.it\/?page_id=1014"},"modified":"2023-08-01T14:53:50","modified_gmt":"2023-08-01T06:53:50","slug":"spid","status":"publish","type":"page","link":"https:\/\/ambsingapore.esteri.it\/it\/servizi-consolari-e-visti\/servizi-per-il-cittadino-italiano\/spid\/","title":{"rendered":"SPID"},"content":{"rendered":"<p style=\"text-align: justify;\"><strong>Ultimo aggiornamento: premere\u00a0<a href=\"https:\/\/ambsingapore.esteri.it\/it\/servizi-consolari-e-visti\/servizi-per-il-cittadino-italiano\/spid\/spid-ulteriore-proroga\/\">QUI<\/a><\/strong><\/p>\n<p style=\"text-align: justify;\">Il <a href=\"https:\/\/www.spid.gov.it\/\"><strong>Sistema Pubblico di Identit\u00e0 Digitale (SPID)<\/strong><\/a> \u00e8 il principale strumento di identificazione online per il cittadino e le imprese con le Pubbliche Amministrazioni. Il sistema SPID permette di accedere in maniera semplice, veloce e sicura ai servizi online delle PA e dei soggetti privati aderenti con un\u2019unica Identit\u00e0 Digitale. L\u2019utilizzo di SPID per il cittadino \u00e8 gratuito, ma puoi attivarlo scegliendo tra modalit\u00e0 gratuite o a pagamento, in base al gestore di identit\u00e0 digitale scelto. Una volta ottenuto, nessun costo o canone ti verr\u00e0 richiesto.<\/p>\n<p style=\"text-align: justify;\"><strong>Gestori di Identit\u00e0 Digitali<\/strong><\/p>\n<p style=\"text-align: justify;\">Per ottenere le credenziali SPID devi rivolgerti a uno dei gestori di identit\u00e0 digitale abilitati da AgID.Al momento i gestori d\u2019identit\u00e0 sono 9: Aruba PEC SpA, In.Te.S.A. SpA, InfoCert SpA, Lepida ScpA, Namirial SpA, Poste Italiane SpA, Register SpA, Sielte SpA e TI Trust Technologies Srl. Ogni gestore offre diverse modalit\u00e0 per richiedere e ottenere SPID: scegli quella pi\u00f9 adatta alle tue esigenze. Se sei un cittadino italiano maggiorenne residente all\u2019estero, scegli una modalit\u00e0 online di riconoscimento contrassegnata dall\u2019icona EU o mondo.<\/p>\n<p style=\"text-align: justify;\"><strong><a href=\"https:\/\/www.spid.gov.it\/cos-e-spid\/come-scegliere-tra-gli-idp\/\">Clicca qui\u00a0<\/a><\/strong>per la lista completa dei gestori con le caratteristiche di ciascuno.<\/p>\n<p style=\"text-align: justify;\"><strong>Documenti per il riconoscimento<\/strong><\/p>\n<p style=\"text-align: justify;\">\u00c8 necessario essere in possesso di un proprio documento di identit\u00e0 italiano valido (carta di identit\u00e0, passaporto, patente), il proprio codice fiscale oppure del rispettivo certificato di attribuzione (<strong><a href=\"https:\/\/ambsingapore.esteri.it\/it\/servizi-consolari-e-visti\/servizi-per-il-cittadino-italiano\/codice-fiscale\/\">clicca qui<\/a>\u00a0<\/strong>per richiederne l&#8217;emissione presso questa Ambasciata), un indirizzo di posta elettronica e un numero di cellulare. Il rilascio delle credenziali \u00e8 gratuito, ad eccezione di alcune modalit\u00e0 di riconoscimento a pagamento.<\/p>\n<p style=\"text-align: justify;\"><strong>Servizi per i cittadini\u00a0<\/strong><\/p>\n<p style=\"text-align: justify;\">A partire dal 15 novembre 2021, i cittadini iscritti nelle anagrafi italiane (sia APR che AIRE) hanno la possibilit\u00e0 di richiedere direttamente online diversi tipi di certificati anagrafici. Il rilascio di tali certificati \u00e8 gratuito e naturalmente possibile solo a condizione di avere un&#8217;identit\u00e0 digitale (CIE, Spid o CNS), dal momento che tale modalit\u00e0 \u00e8 ormai l&#8217;unica in Italia per accedere ai servizi telematici erogati dalla Pubblica Amministrazione.<\/p>\n<p style=\"text-align: justify;\">Il sito al quale \u00e8 necessario connettersi \u00e8\u00a0<strong><a href=\"https:\/\/www.anagrafenazionale.interno.it\/servizi-al-cittadino\/\">https:\/\/www.anagrafenazionale.interno.it\/servizi-al-cittadino\/<\/a><\/strong><\/p>\n<p style=\"text-align: justify;\">I certificati che si possono richiedere, per s\u00e8 oppure per i familiari conviventi anagraficamente, sono:<\/p>\n<p style=\"text-align: justify;\">\u25cf Anagrafico di nascita<br \/>\n\u25cf Anagrafico di matrimonio<br \/>\n\u25cf di Cittadinanza<br \/>\n\u25cf di Esistenza in vita<br \/>\n\u25cf di Residenza<br \/>\n\u25cf di Residenza AIRE<br \/>\n\u25cf di Stato civile<br \/>\n\u25cf di Stato di famiglia<br \/>\n\u25cf di Stato di famiglia e di stato civile<br \/>\n\u25cf di Residenza in convivenza<br \/>\n\u25cf di Stato di famiglia AIRE<br \/>\n\u25cf di Stato di famiglia con rapporti di parentela<br \/>\n\u25cf di Stato Libero<br \/>\n\u25cf Anagrafico di Unione Civile<br \/>\n\u25cf di Contratto di Convivenza<\/p>\n","protected":false},"excerpt":{"rendered":"Ultimo aggiornamento: premere\u00a0QUI Il Sistema Pubblico di Identit\u00e0 Digitale (SPID) \u00e8 il principale strumento di identificazione online per il cittadino e le imprese con le Pubbliche Amministrazioni. Il sistema SPID permette di accedere in maniera semplice, veloce e sicura ai servizi online delle PA e dei soggetti privati aderenti con un\u2019unica Identit\u00e0 Digitale. L\u2019utilizzo di [&hellip;]","protected":false},"author":4,"featured_media":0,"parent":47,"menu_order":12,"comment_status":"closed","ping_status":"closed","template":"","meta":{"footnotes":""},"class_list":["post-1014","page","type-page","status-publish","hentry"],"_links":{"self":[{"href":"https:\/\/ambsingapore.esteri.it\/it\/wp-json\/wp\/v2\/pages\/1014","targetHints":{"allow":["GET"]}}],"collection":[{"href":"https:\/\/ambsingapore.esteri.it\/it\/wp-json\/wp\/v2\/pages"}],"about":[{"href":"https:\/\/ambsingapore.esteri.it\/it\/wp-json\/wp\/v2\/types\/page"}],"author":[{"embeddable":true,"href":"https:\/\/ambsingapore.esteri.it\/it\/wp-json\/wp\/v2\/users\/4"}],"replies":[{"embeddable":true,"href":"https:\/\/ambsingapore.esteri.it\/it\/wp-json\/wp\/v2\/comments?post=1014"}],"version-history":[{"count":0,"href":"https:\/\/ambsingapore.esteri.it\/it\/wp-json\/wp\/v2\/pages\/1014\/revisions"}],"up":[{"embeddable":true,"href":"https:\/\/ambsingapore.esteri.it\/it\/wp-json\/wp\/v2\/pages\/47"}],"wp:attachment":[{"href":"https:\/\/ambsingapore.esteri.it\/it\/wp-json\/wp\/v2\/media?parent=1014"}],"curies":[{"name":"wp","href":"https:\/\/api.w.org\/{rel}","templated":true}]}}