{"id":1016,"date":"2023-08-01T10:40:44","date_gmt":"2023-08-01T02:40:44","guid":{"rendered":"https:\/\/ambsingapore.esteri.it\/?page_id=1016"},"modified":"2023-08-01T10:40:44","modified_gmt":"2023-08-01T02:40:44","slug":"spid-ulteriore-proroga","status":"publish","type":"page","link":"https:\/\/ambsingapore.esteri.it\/it\/servizi-consolari-e-visti\/servizi-per-il-cittadino-italiano\/spid\/spid-ulteriore-proroga\/","title":{"rendered":"SPID: ulteriore proroga"},"content":{"rendered":"<p style=\"text-align: justify;\"><strong>Identit\u00e0 digitale<\/strong><strong>: ulteriore proroga<\/strong><\/p>\n<ol>\n<li style=\"text-align: justify;\">Si comunica che l&#8217;art. 13, comma 1, del c.d. &#8220;Decreto Milleproroghe&#8221; (D.L. n. 198 del 29 dicembre 2022) ha disposto un&#8217;ulteriore proroga del termine del 31 dicembre 2022 relativamente all&#8217;impossibilit\u00e0 delle PA di rilasciare o rinnovare credenziali per l&#8217;identificazione e l&#8217;accesso dei cittadini ai propri servizi in rete, diverse da SPID, CIE e CNS, estendendolo di ulteriori 12 mesi, fino al\u00a0<strong>31 dicembre 2023<\/strong>.<\/li>\n<li style=\"text-align: justify;\">Coloro che sono in possesso di credenziali rilasciate prima del 31 dicembre 2023 potranno invece continuare a utilizzarle fino al 31 marzo 2024 per accedere ai servizi in rete. Pertanto, fino a tale data, i cittadini potranno continuare ad accedere ai servizi consolari in rete, senza impiegare lo SPID o la Carta d&#8217;identit\u00e0 elettronica.<\/li>\n<li style=\"text-align: justify;\">Il portale per i servizi consolari &#8220;FAST IT&#8221; potr\u00e0 quindi continuare a essere utilizzato per trasmettere le richieste di iscrizione in AIRE e per usufruire delle altre funzionalita&#8217; anche con credenziali tradizionali.<\/li>\n<li style=\"text-align: justify;\">Tuttavia, gli utenti che accedono con SPID hanno gi\u00e0 oggi il vantaggio di non dover presentare un ulteriore documento d&#8217;identit\u00e0 all&#8217;operatore consolare.<\/li>\n<li style=\"text-align: justify;\">Si ricorda che l&#8217;acquisizione dell&#8217;identit\u00e0 digitale \u00e8 un passo fondamentale verso la progressiva digitalizzazione della Pubblica Amministrazione, perch\u00e9 consente al cittadino di accedere ai servizi online in maniera semplice, sicura e rapida, e all&#8217;Amministrazione di essere certi dell&#8217;identit\u00e0 dell&#8217;utente e di garantire il rispetto di alti standard di sicurezza sia in fase di autenticazione che di accesso ai servizi.<\/li>\n<\/ol>\n","protected":false},"excerpt":{"rendered":"Identit\u00e0 digitale: ulteriore proroga Si comunica che l&#8217;art. 13, comma 1, del c.d. &#8220;Decreto Milleproroghe&#8221; (D.L. n. 198 del 29 dicembre 2022) ha disposto un&#8217;ulteriore proroga del termine del 31 dicembre 2022 relativamente all&#8217;impossibilit\u00e0 delle PA di rilasciare o rinnovare credenziali per l&#8217;identificazione e l&#8217;accesso dei cittadini ai propri servizi in rete, diverse da SPID, [&hellip;]","protected":false},"author":4,"featured_media":0,"parent":1014,"menu_order":1,"comment_status":"closed","ping_status":"closed","template":"","meta":{"footnotes":""},"class_list":["post-1016","page","type-page","status-publish","hentry"],"_links":{"self":[{"href":"https:\/\/ambsingapore.esteri.it\/it\/wp-json\/wp\/v2\/pages\/1016","targetHints":{"allow":["GET"]}}],"collection":[{"href":"https:\/\/ambsingapore.esteri.it\/it\/wp-json\/wp\/v2\/pages"}],"about":[{"href":"https:\/\/ambsingapore.esteri.it\/it\/wp-json\/wp\/v2\/types\/page"}],"author":[{"embeddable":true,"href":"https:\/\/ambsingapore.esteri.it\/it\/wp-json\/wp\/v2\/users\/4"}],"replies":[{"embeddable":true,"href":"https:\/\/ambsingapore.esteri.it\/it\/wp-json\/wp\/v2\/comments?post=1016"}],"version-history":[{"count":0,"href":"https:\/\/ambsingapore.esteri.it\/it\/wp-json\/wp\/v2\/pages\/1016\/revisions"}],"up":[{"embeddable":true,"href":"https:\/\/ambsingapore.esteri.it\/it\/wp-json\/wp\/v2\/pages\/1014"}],"wp:attachment":[{"href":"https:\/\/ambsingapore.esteri.it\/it\/wp-json\/wp\/v2\/media?parent=1016"}],"curies":[{"name":"wp","href":"https:\/\/api.w.org\/{rel}","templated":true}]}}