{"id":1039,"date":"2023-08-01T11:54:14","date_gmt":"2023-08-01T03:54:14","guid":{"rendered":"https:\/\/ambsingapore.esteri.it\/?page_id=1039"},"modified":"2024-10-10T12:18:31","modified_gmt":"2024-10-10T04:18:31","slug":"assistenza-in-caso-di-furto-o-smarrimento-di-documenti","status":"publish","type":"page","link":"https:\/\/ambsingapore.esteri.it\/it\/servizi-consolari-e-visti\/servizi-per-il-cittadino-italiano\/assistenza-ai-cittadini-allestero\/assistenza-in-caso-di-furto-o-smarrimento-di-documenti\/","title":{"rendered":"Assistenza in caso di furto o smarrimento di documenti"},"content":{"rendered":"<p style=\"text-align: justify;\">Nel caso in cui il cittadino italiano\/UE abbia smarrito o sia stato derubato del passaporto e non faccia in tempo ad esperire la necessaria istruttoria per l\u2019emissione di un nuovo passaporto (ad es. un turista che deve lasciare il Paese tempestivamente), la Rappresentanza consolare rilascia un documento di viaggio provvisorio, chiamato anche E.T.D. (Emergency Travel Document), con validit\u00e0 per il solo viaggio di rientro in Italia, nel Paese di stabile residenza all\u2019estero o, in casi eccezionali, per una diversa destinazione.<\/p>\n<p style=\"text-align: justify;\">Il cittadino dovr\u00e0 effettuare la denuncia di furto o smarrimento alle locali Autorit\u00e0 di Polizia, ai fini di facilitare il transito alla frontiera, e dovr\u00e0 presentarla all\u2019Autorit\u00e0 Consolare.<\/p>\n<p style=\"text-align: justify;\">In caso di furto\/smarrimento del passaporto per fissare l\u2019appuntamento per il rilascio dell\u2019E.T.D. l\u2019utente deve contattare l\u2019Autorit\u00e0 Consolare via\u00a0<a href=\"mailto:singapore.passaporti@esteri.it\"><strong>email<\/strong>\u00a0<\/a>o telefonicamente (+65 62506022).<\/p>\n<p style=\"text-align: justify;\">N.B. Si consiglia di conservare, in un luogo diverso da quello in cui vengono custoditi i documenti originali, una fotocopia dei documenti pi\u00f9 importanti (passaporto, carta d&#8217;identit\u00e0, carta di credito) per facilitare le procedure di assistenza in caso di furto o smarrimento.<\/p>\n<p style=\"text-align: justify;\"><strong>Restituzione passaporti rinvenuti all\u2019estero e restituiti agli uffici consolari italiani<\/strong><\/p>\n<p style=\"text-align: justify;\">I passaporti oggetto di furto o smarrimento all\u2019estero e successivamente rinvenuti da parte delle locali Autorit\u00e0, vengono restituiti all\u2019Ufficio consolare nella cui circoscrizione \u00e8 avvenuto il furto o lo smarrimento.<\/p>\n<p style=\"text-align: justify;\">Si invitano pertanto coloro che abbiano recentemente subito all\u2019estero un furto\/smarrimento e vogliano verificare se i propri passaporti siano stati rinvenuti, a contattare l\u2019Ufficio consolare territorialmente competente. L\u2019eventuale ritiro del passaporto potr\u00e0 avvenire secondo le seguenti modalit\u00e0:<\/p>\n<p style=\"text-align: justify;\">ritiro diretto presso l\u2019Ufficio consolare;invio per posta, con spese di spedizione a carico del richiedente.<\/p>\n<p style=\"text-align: justify;\">Si ricorda che trascorso il periodo massimo di un anno di giacenza presso l\u2019Ufficio consolare, a decorrere dalla data in cui le Autorit\u00e0 locali restituiscono i passaporti rubati o smarriti, senza che i documenti siano stati reclamati dai legittimi proprietari, si proceder\u00e0 alla loro distruzione senza ulteriori comunicazioni.<\/p>\n<p><strong>Modulistica<\/strong><\/p>\n<p><strong><a href=\"https:\/\/ambsingapore.esteri.it\/ambasciata_singapore\/resource\/doc\/2017\/05\/37406_f_formulariodenunciafurtosmarrimentopassaporto.pdf\">Formulario Denuncia Furto\/Smarrimento Passaporto<\/a><\/strong><\/p>\n","protected":false},"excerpt":{"rendered":"Nel caso in cui il cittadino italiano\/UE abbia smarrito o sia stato derubato del passaporto e non faccia in tempo ad esperire la necessaria istruttoria per l\u2019emissione di un nuovo passaporto (ad es. un turista che deve lasciare il Paese tempestivamente), la Rappresentanza consolare rilascia un documento di viaggio provvisorio, chiamato anche E.T.D. (Emergency Travel [&hellip;]","protected":false},"author":8,"featured_media":0,"parent":69,"menu_order":9,"comment_status":"closed","ping_status":"closed","template":"","meta":{"footnotes":""},"class_list":["post-1039","page","type-page","status-publish","hentry"],"_links":{"self":[{"href":"https:\/\/ambsingapore.esteri.it\/it\/wp-json\/wp\/v2\/pages\/1039","targetHints":{"allow":["GET"]}}],"collection":[{"href":"https:\/\/ambsingapore.esteri.it\/it\/wp-json\/wp\/v2\/pages"}],"about":[{"href":"https:\/\/ambsingapore.esteri.it\/it\/wp-json\/wp\/v2\/types\/page"}],"author":[{"embeddable":true,"href":"https:\/\/ambsingapore.esteri.it\/it\/wp-json\/wp\/v2\/users\/8"}],"replies":[{"embeddable":true,"href":"https:\/\/ambsingapore.esteri.it\/it\/wp-json\/wp\/v2\/comments?post=1039"}],"version-history":[{"count":2,"href":"https:\/\/ambsingapore.esteri.it\/it\/wp-json\/wp\/v2\/pages\/1039\/revisions"}],"predecessor-version":[{"id":4252,"href":"https:\/\/ambsingapore.esteri.it\/it\/wp-json\/wp\/v2\/pages\/1039\/revisions\/4252"}],"up":[{"embeddable":true,"href":"https:\/\/ambsingapore.esteri.it\/it\/wp-json\/wp\/v2\/pages\/69"}],"wp:attachment":[{"href":"https:\/\/ambsingapore.esteri.it\/it\/wp-json\/wp\/v2\/media?parent=1039"}],"curies":[{"name":"wp","href":"https:\/\/api.w.org\/{rel}","templated":true}]}}