{"id":1101,"date":"2023-08-01T16:55:56","date_gmt":"2023-08-01T08:55:56","guid":{"rendered":"https:\/\/ambsingapore.esteri.it\/?page_id=1101"},"modified":"2024-07-16T10:43:14","modified_gmt":"2024-07-16T02:43:14","slug":"regole-di-ingresso-in-italia-singapore-e-brunei","status":"publish","type":"page","link":"https:\/\/ambsingapore.esteri.it\/it\/servizi-consolari-e-visti\/servizi-per-il-cittadino-italiano\/turismo\/regole-di-ingresso-in-italia-singapore-e-brunei\/","title":{"rendered":"Regole di ingresso in Italia, Singapore e Brunei"},"content":{"rendered":"<div class=\"sr-only\" style=\"text-align: justify;\"><strong>1. <\/strong><strong>\u00a0ITALIA<\/strong><\/div>\n<div>\n<p style=\"text-align: justify;\"><strong>Covid-19:<\/strong><\/p>\n<p style=\"text-align: justify;\">Dal 1 giugno 2022,<strong>\u00a0non \u00e8 pi\u00f9 richiesto il Green Pass (n\u00e9 certificazione equivalente)\u00a0<\/strong>per l\u2019ingresso o il rientro in Italia.<\/p>\n<p style=\"text-align: justify;\"><strong>Passaporto:<\/strong><\/p>\n<ul style=\"text-align: justify;\">\n<li>per i cittadini dell&#8217;Unione Europea e per i cittadini dei Paesi aderenti all&#8217;Accordo di Schengen \u00e8 sufficiente una carta d&#8217;identit\u00e0 valida in alternativa al passaporto;<\/li>\n<li>i cittadini di paesi extra UE possono entrare in Italia con\u00a0<strong>passaporto valido almeno tre mesi dopo la data prevista per l&#8217;uscita dall&#8217;Area Schengen. \u00a0<\/strong><\/li>\n<\/ul>\n<p style=\"text-align: justify;\"><strong>Visto:<\/strong><\/p>\n<p style=\"text-align: justify;\">In base al tuo paese di origine potresti aver bisogno di un visto per entrare in Italia. Consulta la\u00a0<strong>\u00a0<a href=\"https:\/\/ambsingapore.esteri.it\/ambasciata_singapore\/it\/informazioni_e_servizi\/visti\/\">Sezione Visti.<\/a><\/strong><\/p>\n<p style=\"text-align: justify;\"><strong>Assicurazione<\/strong><\/p>\n<p style=\"text-align: justify;\">Un\u2019assicurazione di viaggio \u00e8 sempre consigliabile: in questo modo \u00e8 possibile garantirsi la copertura economica in caso di ritardo o cancellazione di voli e non trovarsi esposti in caso di problemi di salute.<\/p>\n<p style=\"text-align: justify;\">Per ulteriori informazioni:\u00a0<strong><a href=\"https:\/\/www.italia.it\/en\">Discover Italy: Official Tourism Website &#8211; Italia.it<\/a><\/strong><\/p>\n<p style=\"text-align: justify;\"><strong>2. SINGAPORE<br \/>\n<\/strong><\/p>\n<p style=\"text-align: justify;\"><strong>Covid-19:<\/strong><\/p>\n<p style=\"text-align: justify;\">A partire dal 13 febbraio 2023 sono\u00a0<strong>rimossi tutti i requisiti COVID-19<\/strong>\u00a0per i viaggiatori in arrivo a Singapore, ovvero per gli &#8220;Short-terms visitors&#8221; a cui e&#8217; consentito soggiornare fino ad un massimo di 90 giorni.<\/p>\n<p style=\"text-align: justify;\">Si precisa che rimane obbligatorio completare la dichiarazione sul proprio stato di salute <a href=\"https:\/\/eservices.ica.gov.sg\/sgarrivalcard\/\"><strong>&#8220;SG Arrival Card&#8221;<\/strong><\/a>\u00a0utilizzando il seguente form nelle 72 ore precedenti l\u2019ingresso;<\/p>\n<p style=\"text-align: justify;\">Per ulteriori informazioni:<strong><a href=\"https:\/\/www.ica.gov.sg\/enter-transit-depart\/entering-singapore#general\">\u00a0ICA Singapore.<\/a><\/strong><\/p>\n<p style=\"text-align: justify;\"><strong>Validita&#8217; del passaporto:<\/strong><\/p>\n<p style=\"text-align: justify;\">Se non sei titolare di passaporto di Singapore il tuo passaporto deve avere una\u00a0<strong>validit\u00e0 minima di 6 mesi al momento dell&#8217;ingresso.\u00a0<\/strong><\/p>\n<p style=\"text-align: justify;\"><strong>Visto:<\/strong><\/p>\n<p style=\"text-align: justify;\">Per i cittadini italiani non \u00e8 necessario il visto di ingresso per turismo o affari per soggiorni inferiori a 90 giorni.<\/p>\n<p style=\"text-align: justify;\">Per risiedere, lavorare, studiare a Singapore consulta\u00a0<strong><a href=\"https:\/\/www.ica.gov.sg\/reside\">ICA Singapore-reside.<\/a><\/strong><\/p>\n<p style=\"text-align: justify;\"><strong>Assicurazione:<\/strong><\/p>\n<p style=\"text-align: justify;\">Il sistema sanitario locale non prevede alcuna forma di tutela; e&#8217; esclusa anche la copertura delle prestazioni di pronto soccorso.<br \/>\nSi raccomanda di stipulare prima della partenza una polizza assicurativa che preveda la copertura delle spese mediche e l\u2019eventuale rimpatrio aereo sanitario (o il trasferimento in altro Paese) del paziente.<\/p>\n<p style=\"text-align: justify;\">Per ulteriori informazioni, anche sulla normativa locale rilevante:<strong>\u00a0<a href=\"https:\/\/www.viaggiaresicuri.it\/find-country\/country\/SGP\">Viaggiare Sicuri<\/a><\/strong><\/p>\n<p style=\"text-align: justify;\"><strong>3.<\/strong>\u00a0<strong>BRUNEI<\/strong><\/p>\n<p style=\"text-align: justify;\"><strong>Covid-19:<\/strong><\/p>\n<p style=\"text-align: justify;\">Per l\u2019ingresso e l\u2019uscita dal Brunei\u00a0<strong>non \u00e8 pi\u00f9 richiesto alcun requisito<\/strong>\u00a0(vaccino, modulo di dichiarazione di arrivo, test COVID-19 post-arrivo per i non vaccinati, assicurazione sanitaria con copertura Covid-19).<\/p>\n<p style=\"text-align: justify;\">Non \u00e8 comunque da escludersi l&#8217;entrata in vigore di restrizioni di viaggio, con poco o nessun preavviso.<\/p>\n<p style=\"text-align: justify;\">Prima di mettersi in viaggio \u00e9, pertanto, sempre consigliabile consultare il sito web della\u00a0<a href=\"https:\/\/www.pmo.gov.bn\/SitePages\/Home.aspx\"><strong>Presidenza del Consiglio dei Ministri del Brunei<\/strong>.<\/a><\/p>\n<p style=\"text-align: justify;\"><strong>Validita&#8217; del passaporto:<\/strong><\/p>\n<p style=\"text-align: justify;\">E&#8217; necessario il passaporto, con\u00a0<strong>validit\u00e0 residua di almeno 6 mesi<\/strong>. Si consiglia in ogni caso di informarsi preventivamente presso l\u2019Ambasciata o il Consolato del Paese se presenti in Italia o presso il proprio Agente di viaggio.<\/p>\n<p style=\"text-align: justify;\"><strong>Visto:<\/strong><\/p>\n<p style=\"text-align: justify;\">Il visto di ingresso non \u00e8 necessario per permanenze non superiori ai 90 giorni. Per maggiori informazioni clicca <strong><a href=\"https:\/\/www.mfa.gov.bn\/Pages\/Visa-Information.aspx#close\">QUI<\/a><\/strong>.<br \/>\nIn caso di permanenza superiore ai 90 giorni, il visto pu\u00f2 essere richiesto transitando per Singapore, oppure in una delle citt\u00e0 europee sedi di Ambasciate del Brunei (in Italia, l&#8217;Ambasciata del Brunei non \u00e8 presente).<\/p>\n<p style=\"text-align: justify;\"><strong>Assicurazione:<\/strong><\/p>\n<p style=\"text-align: justify;\">Si raccomanda di stipulare prima della partenza una polizza assicurativa che preveda la copertura delle spese mediche e l\u2019eventuale rimpatrio aereo sanitario (o il trasferimento in altro Paese) del paziente.<\/p>\n<p style=\"text-align: justify;\">Per ulteriori informazioni, anche sulla normativa locale rilevante:<strong>\u00a0<a href=\"https:\/\/www.viaggiaresicuri.it\/find-country\/country\/BRN\">Viaggiare Sicuri<\/a><\/strong><\/p>\n<\/div>\n","protected":false},"excerpt":{"rendered":"1. \u00a0ITALIA Covid-19: Dal 1 giugno 2022,\u00a0non \u00e8 pi\u00f9 richiesto il Green Pass (n\u00e9 certificazione equivalente)\u00a0per l\u2019ingresso o il rientro in Italia. Passaporto: per i cittadini dell&#8217;Unione Europea e per i cittadini dei Paesi aderenti all&#8217;Accordo di Schengen \u00e8 sufficiente una carta d&#8217;identit\u00e0 valida in alternativa al passaporto; i cittadini di paesi extra UE possono [&hellip;]","protected":false},"author":8,"featured_media":0,"parent":100,"menu_order":0,"comment_status":"closed","ping_status":"closed","template":"","meta":{"footnotes":""},"class_list":["post-1101","page","type-page","status-publish","hentry"],"_links":{"self":[{"href":"https:\/\/ambsingapore.esteri.it\/it\/wp-json\/wp\/v2\/pages\/1101","targetHints":{"allow":["GET"]}}],"collection":[{"href":"https:\/\/ambsingapore.esteri.it\/it\/wp-json\/wp\/v2\/pages"}],"about":[{"href":"https:\/\/ambsingapore.esteri.it\/it\/wp-json\/wp\/v2\/types\/page"}],"author":[{"embeddable":true,"href":"https:\/\/ambsingapore.esteri.it\/it\/wp-json\/wp\/v2\/users\/8"}],"replies":[{"embeddable":true,"href":"https:\/\/ambsingapore.esteri.it\/it\/wp-json\/wp\/v2\/comments?post=1101"}],"version-history":[{"count":3,"href":"https:\/\/ambsingapore.esteri.it\/it\/wp-json\/wp\/v2\/pages\/1101\/revisions"}],"predecessor-version":[{"id":3876,"href":"https:\/\/ambsingapore.esteri.it\/it\/wp-json\/wp\/v2\/pages\/1101\/revisions\/3876"}],"up":[{"embeddable":true,"href":"https:\/\/ambsingapore.esteri.it\/it\/wp-json\/wp\/v2\/pages\/100"}],"wp:attachment":[{"href":"https:\/\/ambsingapore.esteri.it\/it\/wp-json\/wp\/v2\/media?parent=1101"}],"curies":[{"name":"wp","href":"https:\/\/api.w.org\/{rel}","templated":true}]}}