{"id":1257,"date":"2023-08-03T12:17:35","date_gmt":"2023-08-03T04:17:35","guid":{"rendered":"https:\/\/ambsingapore.esteri.it\/?page_id=1257"},"modified":"2024-11-25T13:07:47","modified_gmt":"2024-11-25T05:07:47","slug":"studiare-in-italia-2","status":"publish","type":"page","link":"https:\/\/ambsingapore.esteri.it\/it\/servizi-consolari-e-visti\/servizi-per-il-cittadino-straniero\/studiare-in-italia-2\/","title":{"rendered":"Studiare in Italia"},"content":{"rendered":"<p class=\"x_boxlevel03\"><span lang=\"IT\">Questa sezione fornisce informazioni per l&#8217;iscrizione a Scuole e Universit\u00e0 in Italia e rilascia le necessarie dichiarazioni di valore per i titoli conseguiti presso Scuole e Universit\u00e0 della circoscrizione consolare affinch\u00e8 gli interessati possano ottenere l\u2019equipollenza dei titoli di studio primari e secondari con analoghi titoli italiani, l\u2019iscrizione a scuole ed Universit\u00e0 italiane, il riconoscimento in Italia degli studi universitari e l\u2019assegnazione di borse di studio.<\/span><\/p>\n<p class=\"x_boxlevel03\"><span lang=\"IT\">Maggiori informazioni sull&#8217;offerta formativa in Italia sono disponibili su:\u00a0<\/span><a href=\"https:\/\/www.universitaly.it\/\" target=\"_blank\" rel=\"noopener noreferrer\"><span lang=\"IT\">https:\/\/www.universitaly.it\/<\/span><\/a><\/p>\n<p>&nbsp;<\/p>\n<p style=\"margin: 6.0pt 0in 0in 0in;\"><b><span style=\"font-family: 'Arial',sans-serif; color: black;\"><span style=\"text-decoration: underline;\">L&#8217;UNIVERSIT\u00c0 DEGLI STUDI DI PAVIA ANNUNCIA L&#8217;APERTURA ALLE CANDIDATURE DEL PROGRAMMA FOUNDATION YEAR 2025-26<\/span><\/span><\/b><\/p>\n<p style=\"text-align: justify;\">l\u2019Universit\u00e0 degli Studi di Pavia ha annunciato l&#8217;apertura alle candidature del Programma Foundation Year 2025-26, corso propedeutico impartito interamente in italiano e destinato a studenti internazionali che non soddisfano i 12 anni di scolarit\u00e0 minimi richiesti per l&#8217;iscrizione ad un corso di laurea universitario in Italia o studenti interessati ad imparare l&#8217;italiano e a migliorare le proprie competenze linguistiche.<\/p>\n<p>Avrai la possibilit\u00e0 di presentare la tua candidatura online <a href=\"https:\/\/apply.unipv.eu\/it_IT\/courses\/course\/198-foundation-year-program\/\"><strong>qui<\/strong><\/a> entro <strong>26 Giugno 2025 *<\/strong><\/p>\n<p><strong> *<\/strong> Le ultime due call saranno aperte solo nel caso dei posti disponibili.<\/p>\n<p>Per maggiori informazioni visita il sito: <a href=\"https:\/\/foundationyear.unipv.it\/it\"><strong>foundationyear.unipv.it<\/strong><\/a>, o contatta l\u2019indirizzo: <a href=\"mailto:foundationyear@unipv.it\"><strong>foundationyear@unipv.it<\/strong><\/a>.<\/p>\n","protected":false},"excerpt":{"rendered":"Questa sezione fornisce informazioni per l&#8217;iscrizione a Scuole e Universit\u00e0 in Italia e rilascia le necessarie dichiarazioni di valore per i titoli conseguiti presso Scuole e Universit\u00e0 della circoscrizione consolare affinch\u00e8 gli interessati possano ottenere l\u2019equipollenza dei titoli di studio primari e secondari con analoghi titoli italiani, l\u2019iscrizione a scuole ed Universit\u00e0 italiane, il riconoscimento [&hellip;]","protected":false},"author":8,"featured_media":0,"parent":48,"menu_order":0,"comment_status":"closed","ping_status":"closed","template":"","meta":{"footnotes":""},"class_list":["post-1257","page","type-page","status-publish","hentry"],"_links":{"self":[{"href":"https:\/\/ambsingapore.esteri.it\/it\/wp-json\/wp\/v2\/pages\/1257","targetHints":{"allow":["GET"]}}],"collection":[{"href":"https:\/\/ambsingapore.esteri.it\/it\/wp-json\/wp\/v2\/pages"}],"about":[{"href":"https:\/\/ambsingapore.esteri.it\/it\/wp-json\/wp\/v2\/types\/page"}],"author":[{"embeddable":true,"href":"https:\/\/ambsingapore.esteri.it\/it\/wp-json\/wp\/v2\/users\/8"}],"replies":[{"embeddable":true,"href":"https:\/\/ambsingapore.esteri.it\/it\/wp-json\/wp\/v2\/comments?post=1257"}],"version-history":[{"count":2,"href":"https:\/\/ambsingapore.esteri.it\/it\/wp-json\/wp\/v2\/pages\/1257\/revisions"}],"predecessor-version":[{"id":4520,"href":"https:\/\/ambsingapore.esteri.it\/it\/wp-json\/wp\/v2\/pages\/1257\/revisions\/4520"}],"up":[{"embeddable":true,"href":"https:\/\/ambsingapore.esteri.it\/it\/wp-json\/wp\/v2\/pages\/48"}],"wp:attachment":[{"href":"https:\/\/ambsingapore.esteri.it\/it\/wp-json\/wp\/v2\/media?parent=1257"}],"curies":[{"name":"wp","href":"https:\/\/api.w.org\/{rel}","templated":true}]}}