{"id":2688,"date":"2024-01-11T12:09:29","date_gmt":"2024-01-11T04:09:29","guid":{"rendered":"https:\/\/ambsingapore.esteri.it\/?page_id=2688"},"modified":"2024-11-14T16:59:32","modified_gmt":"2024-11-14T08:59:32","slug":"carta-didentita-elettronica-cie","status":"publish","type":"page","link":"https:\/\/ambsingapore.esteri.it\/it\/servizi-consolari-e-visti\/servizi-per-il-cittadino-italiano\/carta-didentita-elettronica-cie\/","title":{"rendered":"Carta d&#8217;identit\u00e0 Elettronica (CIE)"},"content":{"rendered":"<p style=\"text-align: center;\"><img loading=\"lazy\" decoding=\"async\" class=\"img-fluid aligncenter wp-image-2819 size-medium\" src=\"https:\/\/ambsingapore.esteri.it\/wp-content\/uploads\/2024\/01\/Facsimile-CIE-300x190.jpg\" alt=\"\" width=\"300\" height=\"190\" srcset=\"https:\/\/ambsingapore.esteri.it\/wp-content\/uploads\/2024\/01\/Facsimile-CIE-300x190.jpg 300w, https:\/\/ambsingapore.esteri.it\/wp-content\/uploads\/2024\/01\/Facsimile-CIE.jpg 650w\" sizes=\"auto, (max-width: 300px) 100vw, 300px\" \/><\/p>\n<p style=\"text-align: justify;\"><strong>Che cos\u2019\u00e8 la carta d\u2019identit\u00e0 elettronica (CIE)?<\/strong><\/p>\n<p style=\"text-align: justify;\">La Carta di Identit\u00e0 Elettronica \u00e8 il documento d\u2019identit\u00e0 dei cittadini italiani emesso dal Ministero dell\u2019Interno e prodotto dal Poligrafico e Zecca dello Stato che, grazie a sofisticati elementi di sicurezza e anticontraffazione, permette l\u2019accertamento dell\u2019identit\u00e0 del possessore e l\u2019accesso ai servizi digitali delle Pubblica Amministrazione.<\/p>\n<p style=\"text-align: justify;\">La CIE valida per l\u2019espatrio permette la circolazione nell\u2019Unione Europea, in alcuni Stati dell\u2019area Schengen (ad es. Islanda, Norvegia e Svizzera) e in altri Stati con cui sono stati raggiunti accordi bilaterali (vedasi le singole \u201cschede Paese\u201d sul sito <a href=\"http:\/\/www.viaggiaresicuri.it\/\"><strong>www.viaggiaresicuri.it<\/strong><\/a>).<\/p>\n<p style=\"text-align: justify;\"><strong>Chi pu\u00f2 richiedere il rilascio della CIE?<\/strong><\/p>\n<p style=\"text-align: justify;\"><strong>La CIE sar\u00e0 rilasciata esclusivamente ai cittadini italiani stabilmente residenti in questa circoscrizione consolare (Singapore e Brunei) con iscrizione AIRE in regola. <\/strong><\/p>\n<p style=\"text-align: justify;\">E\u2019 altres\u00ec indispensabile, per i cittadini italiani nati all\u2019estero, che il relativo <strong>atto di nascita risulti gi\u00e0 trascritto nei registri di Stato Civile del Comune<\/strong> di riferimento, in quanto gli estremi della trascrizione devono essere riportati sulla CIE.<\/p>\n<p style=\"text-align: justify;\"><strong>Nel caso si sia cambiato indirizzo di residenza<\/strong> (rispetto a quello comunicato in precedenza all\u2019Ufficio Consolare), sar\u00e0 necessario chiedere la variazione di indirizzo tramite il portale <strong><a href=\"https:\/\/serviziconsolari.esteri.it\/ScoFE\/index.sco\">FAST.IT<\/a> <\/strong>prima di procedere alla prenotazione per il rilascio della CIE.<\/p>\n<p style=\"text-align: justify;\"><strong>Quando e come richiedere la CIE?<\/strong><\/p>\n<p style=\"text-align: justify;\">\u00c8 possibile richiedere la CIE nei seguenti casi:<\/p>\n<ul style=\"text-align: justify;\">\n<li>prima emissione (non si sia in possesso di una carta d\u2019identit\u00e0);<\/li>\n<li>furto, smarrimento o deterioramento della carta d\u2019identit\u00e0;<\/li>\n<li>in sostituzione di una carta di identit\u00e0 cartacea o di una CIE di I e II generazione (emessa prima del 4 luglio 2016).<\/li>\n<\/ul>\n<p style=\"text-align: justify;\">Per richiedere il rilascio della carta d\u2019identit\u00e0 elettronica \u00e8 necessario:<\/p>\n<ul style=\"text-align: justify;\">\n<li><strong>prenotare un appuntamento selezionando il <u>servizio &#8220;rilascio Carta d&#8217;Identit\u00e0 Elettronica CIE&#8221;<\/u> sulla piattaforma <\/strong><strong><a href=\"https:\/\/prenotami.esteri.it\/\">Prenot@mi<\/a><\/strong>.<\/li>\n<li><strong>Inviare il formulario di richiesta (scarica il form per <a href=\"https:\/\/ambsingapore.esteri.it\/wp-content\/uploads\/2024\/03\/Modulo-Richiesta-Emissione-CIE-per-Adulti-2.pdf\">ADULTI<\/a> &#8211; <a href=\"https:\/\/ambsingapore.esteri.it\/wp-content\/uploads\/2024\/03\/Modulo-Richiesta-Emissione-CIE-per-Figli-Minori-2.pdf\">MINORENNI<\/a>) e copia fronte retro della carta d\u2019identit\u00e0 in uso <span style=\"text-decoration: underline;\">almeno 7 giorni prima dell&#8217;appuntamento<\/span> all\u2019indirizzo email <\/strong><a href=\"mailto:singapore.passaporti@esteri.it\"><strong>singapore.passaporti@esteri.it<\/strong><\/a><strong>.<\/strong><\/li>\n<\/ul>\n<p style=\"text-align: justify;\">Sar\u00e0 possibile effettuare una prenotazione singola oppure una prenotazione multipla da un unico account (per un massimo di due familiari aggiuntivi).<\/p>\n<p style=\"text-align: justify;\">Prima di accedere al calendario del servizio CIE e scegliere la prima data utile, \u00e8 necessario compilare i campi obbligatori proposti dal sistema.<\/p>\n<p style=\"text-align: justify;\">Nel caso in cui, a seguito delle verifiche, emergessero elementi ostativi al rilascio della CIE, sar\u00e0 cura di questa Ambasciata informarne l\u2019interessato anche ai fini della cancellazione dell\u2019appuntamento.<\/p>\n<p style=\"text-align: justify;\">La presenza del richiedente e\/o del titolare della carta, se maggiore di 12 anni, \u00e8 obbligatoria al momento dell\u2019appuntamento ai fini dell\u2019acquisizione dei dati biometrici.<\/p>\n<p style=\"text-align: justify;\"><strong>La presenza di entrambi i genitori all&#8217;appuntamento \u00e8 obbligatoria per le richieste di CIE dei minori di 18 anni.\u00a0<\/strong><\/p>\n<p>In caso di smarrimento\/furto della carta d&#8217;identit\u00e0 cartacea\/elettronica in corso di validit\u00e0 sar\u00e0 necessario presentare formale denuncia alla Polizia di Singapore e presentarla a questo Ufficio in concomitanza dell&#8217;appuntamento congiuntamente all&#8217;apposito modulo <strong><a href=\"https:\/\/ambsingapore.esteri.it\/wp-content\/uploads\/2024\/01\/MOD.-SMARRIMENTO-FURTO-CIE.pdf\">scaricabile qui<\/a><\/strong>.<\/p>\n<p style=\"text-align: justify;\"><strong>Qual \u00e8 la documentazione necessaria da portare con s\u00e9 al momento dell\u2019appuntamento per richiedere la CIE?<\/strong><\/p>\n<ul style=\"text-align: justify;\">\n<li>Una fotografia recente, formato tessera (facoltativa per i maggiori di 12 anni che potranno effettuare le foto allo sportello consolare);<\/li>\n<li>Carta di identit\u00e0 in uso. In mancanza di questa, un documento di riconoscimento italiano in corso di validit\u00e0;<\/li>\n<li>Dichiarazione di smarrimento\/furto precedente documento in corso di validit\u00e0 (<strong><a href=\"https:\/\/ambsingapore.esteri.it\/wp-content\/uploads\/2024\/01\/MOD.-SMARRIMENTO-FURTO-CIE.pdf\">scarica<\/a><\/strong>);<\/li>\n<li>Atto di assenso di entrambi genitori nel caso in cui il richiedente sia un minore di 18 anni (<strong><a href=\"https:\/\/ambsingapore.esteri.it\/wp-content\/uploads\/2024\/01\/MODULO-ASSENSO-CIE.pdf\">scarica<\/a><\/strong>);<\/li>\n<li><strong>Carta di debito NETS o contanti<\/strong> per il pagamento in SGD.<\/li>\n<\/ul>\n<p style=\"text-align: justify;\">Il costo della CIE ammonta al corrispettivo in SGD di <strong>\u20ac 21,95<\/strong> in caso di primo rilascio o rinnovo e <strong>\u20ac 27,11<\/strong> in caso di duplicato per furto, smarrimento o deterioramento di CIE ancora in corso di validit\u00e0.<\/p>\n<p style=\"text-align: justify;\"><strong>Come si riceve la Carta d\u2019identit\u00e0 elettronica?<\/strong><\/p>\n<p style=\"text-align: justify;\">La CIE non \u00e8 rilasciata il giorno dell\u2019appuntamento ma sar\u00e0 inviata dall\u2019Italia tramite raccomandata, a cura dell\u2019Istituto Poligrafico e Zecca dello Stato, direttamente all\u2019indirizzo prescelto dal richiedente. Il richiedente potr\u00e0 verificare la tracciabilit\u00e0 della spedizione sul sito di Poste italiane <strong><a href=\"https:\/\/www.poste.it\/prodotti\/raccomandata.html\">https:\/\/www.poste.it\/prodotti\/raccomandata.html<\/a><\/strong> cliccando su \u201cCerca spedizioni\u201d e inserendo il numero di raccomandata indicato sulla ricevuta di richiesta CIE consegnata in sede di appuntamento. Quando la spedizione raggiunger\u00e0 lo stato &#8220;in lavorazione presso paese estero &#8211; SINGAPORE&#8221; si potr\u00e0 verificare lo stato della consegna sul sito di Singpost <strong><a href=\"https:\/\/www.singpost.com\/track-items\">https:\/\/www.singpost.com\/track-items <\/a><\/strong>con lo stesso numero di riferimento spedizione.<\/p>\n<p style=\"text-align: justify;\">In caso di mancato ritiro a seguito di tre tentativi, la CIE verr\u00e0\u00a0 presa in consegna dall\u2019Ambasciata che provveder\u00e0 a contattare l&#8217;interessato\/a per dar seguito al ritiro brevi manu.<\/p>\n<p style=\"text-align: justify;\"><strong>Quanto tempo vale la CIE?<\/strong><\/p>\n<p style=\"text-align: justify;\">La validit\u00e0 della CIE varia a seconda dell\u2019et\u00e0 del titolare ed \u00e8 di:<\/p>\n<p style=\"text-align: justify;\">\u2013 3 anni per i minori di et\u00e0 inferiore a 3 anni;<\/p>\n<p style=\"text-align: justify;\">\u2013 5 anni per i minori di et\u00e0 compresa tra i 3 e i 18 anni;<\/p>\n<p style=\"text-align: justify;\">\u2013 10 anni per i maggiorenni.<\/p>\n<p style=\"text-align: justify;\"><strong>Cos\u2019\u00e8 l\u2019atto di assenso?<\/strong><\/p>\n<p style=\"text-align: justify;\">L\u2019assenso per il rilascio della carta di identit\u00e0 per minorenni \u00e8 necessario anche in caso di genitori non sposati, separati o divorziati. Se l\u2019altro genitore \u00e8 un cittadino comunitario, non \u00e8 necessaria la presenza in Consolato dello stesso ma sar\u00e0 sufficiente presentare il formulario di assenso debitamente compilato e firmato insieme alla copia del passaporto o della carta d\u2019identit\u00e0 di chi concede l\u2019assenso. Se il genitore che concede l\u2019assenso ha cittadinanza di un Paese extra-UE, deve firmare la dichiarazione di assenso in presenza nel giorno dell\u2019appuntamento, munito di documento di identit\u00e0;<\/p>\n<p style=\"text-align: justify;\"><span style=\"text-decoration: underline;\"><strong>Modulistica:<\/strong><\/span><\/p>\n<p style=\"text-align: justify;\">1) <strong><a href=\"https:\/\/ambsingapore.esteri.it\/wp-content\/uploads\/2024\/03\/Modulo-Richiesta-Emissione-CIE-per-Adulti-2.pdf\">Modulo Richiesta Emissione CIE per Adulti<\/a><\/strong><\/p>\n<p style=\"text-align: justify;\">2) <strong><a href=\"https:\/\/ambsingapore.esteri.it\/wp-content\/uploads\/2024\/03\/Modulo-Richiesta-Emissione-CIE-per-Figli-Minori-2.pdf\">Modulo Richiesta Emissione CIE per Figli Minori<\/a><\/strong><\/p>\n<p style=\"text-align: justify;\">3) <a href=\"https:\/\/ambsingapore.esteri.it\/wp-content\/uploads\/2024\/01\/MOD.-SMARRIMENTO-FURTO-CIE.pdf\"><strong>Modulo smarrimento\/furto CI\/CIE<\/strong><\/a><\/p>\n<p style=\"text-align: justify;\">4) <a href=\"https:\/\/ambsingapore.esteri.it\/wp-content\/uploads\/2024\/01\/MODULO-ASSENSO-CIE.pdf\"><strong>Modulo assenso<\/strong><\/a><\/p>\n","protected":false},"excerpt":{"rendered":"Che cos\u2019\u00e8 la carta d\u2019identit\u00e0 elettronica (CIE)? La Carta di Identit\u00e0 Elettronica \u00e8 il documento d\u2019identit\u00e0 dei cittadini italiani emesso dal Ministero dell\u2019Interno e prodotto dal Poligrafico e Zecca dello Stato che, grazie a sofisticati elementi di sicurezza e anticontraffazione, permette l\u2019accertamento dell\u2019identit\u00e0 del possessore e l\u2019accesso ai servizi digitali delle Pubblica Amministrazione. La CIE [&hellip;]","protected":false},"author":8,"featured_media":0,"parent":47,"menu_order":3,"comment_status":"closed","ping_status":"closed","template":"","meta":{"footnotes":""},"class_list":["post-2688","page","type-page","status-publish","hentry"],"_links":{"self":[{"href":"https:\/\/ambsingapore.esteri.it\/it\/wp-json\/wp\/v2\/pages\/2688","targetHints":{"allow":["GET"]}}],"collection":[{"href":"https:\/\/ambsingapore.esteri.it\/it\/wp-json\/wp\/v2\/pages"}],"about":[{"href":"https:\/\/ambsingapore.esteri.it\/it\/wp-json\/wp\/v2\/types\/page"}],"author":[{"embeddable":true,"href":"https:\/\/ambsingapore.esteri.it\/it\/wp-json\/wp\/v2\/users\/8"}],"replies":[{"embeddable":true,"href":"https:\/\/ambsingapore.esteri.it\/it\/wp-json\/wp\/v2\/comments?post=2688"}],"version-history":[{"count":6,"href":"https:\/\/ambsingapore.esteri.it\/it\/wp-json\/wp\/v2\/pages\/2688\/revisions"}],"predecessor-version":[{"id":4483,"href":"https:\/\/ambsingapore.esteri.it\/it\/wp-json\/wp\/v2\/pages\/2688\/revisions\/4483"}],"up":[{"embeddable":true,"href":"https:\/\/ambsingapore.esteri.it\/it\/wp-json\/wp\/v2\/pages\/47"}],"wp:attachment":[{"href":"https:\/\/ambsingapore.esteri.it\/it\/wp-json\/wp\/v2\/media?parent=2688"}],"curies":[{"name":"wp","href":"https:\/\/api.w.org\/{rel}","templated":true}]}}