{"id":281,"date":"2023-06-07T12:00:32","date_gmt":"2023-06-07T04:00:32","guid":{"rendered":"https:\/\/ambsingapore.esteri.it\/?page_id=281"},"modified":"2024-01-25T11:23:17","modified_gmt":"2024-01-25T03:23:17","slug":"ufficio-addetto-scientifico","status":"publish","type":"page","link":"https:\/\/ambsingapore.esteri.it\/it\/italia-e-singapore\/diplomazia-scientifica\/ufficio-addetto-scientifico\/","title":{"rendered":"Ufficio Addetto Scientifico"},"content":{"rendered":"<p style=\"text-align: justify;\">Nel corso del 2018 \u00e8 stata istituita la nuova posizione di Addetto Scientifico a Singapore la cui presa servizio \u00e8 avvenuta il <strong>2 gennaio 2019<\/strong>. La\u00a0<a href=\"https:\/\/ambsingapore.esteri.it\/ambasciata_singapore\/it\/ambasciata\/news\/dall_ambasciata\/2019\/04\/nuovo-addetto-scientifico.html\"><strong>presentazione ufficiale<\/strong><\/a>\u00a0\u00e8 avvenuta nella Residenza dell\u2019Ambasciatore alla presenza di una nutrita rappresentanza della comunit\u00e0 di ricercatori italiani.<\/p>\n<p style=\"text-align: justify;\">L\u2019Addetto Scientifico \u00e8 il Dr. <strong><a href=\"https:\/\/ambsingapore.esteri.it\/wp-content\/uploads\/2023\/07\/curriculum_europeo_bianchi.pdf\">Nicola Bianchi<\/a><\/strong>, Dirigente di Ricerca dell\u2019<strong>Istituto Nazionale di Fisica Nucleare<\/strong>, gi\u00e0 Esperto Scientifico presso la UST e l\u2019Ufficio IX della DGSP del Ministero degli Affari Esteri e della Cooperazione Internaznale. Ha svolto attivit\u00e0 di Ricerca nel campo della Fisica Nucleare e Subnucleare pubblicando oltre 300 lavori, con un <a href=\"https:\/\/scholar.google.it\/citations?user=q1jehcMAAAAJ&amp;hl=it\"><strong>H-index superiore a 100<\/strong><\/a>, e con diverse Responsabilit\u00e0 di progetti scientifici in Italia, Germania e Svizzera. Fra i suoi incarichi pi\u00f9 recenti risultano la Presidenza del Comitato Europeo per la Fisica Nucleare della Societ\u00e0 Europea di Fisica, la Presidenza del Premio Europeo Lise Meitner, la partecipazione come membro a diversi comitati internazionali come il Council del progetto SESAME in Giordania, il Council del progetto ALICE al CERN in Svizzera, l\u2019International Advisory Committee del progetto LHeC al CERN in Svizzera, il Program Advisory Committee del Laboratorio TJNAF in USA, l\u2019Editorial Board del progetto HERMES a DESY in Germania, la Commissione Scientifica Nazionale III INFN in Italia. \u00c8\u00a0fellow della European Physical Society.<\/p>\n<p style=\"text-align: justify;\">Da Maggio 2020, Nicola Bianchi ha avuto l\u2019estensione del suo accreditamento diplomatico e attualmente opera come Addetto Scientifico anche presso <strong>la Ambasciata Italiana di Kuala Lumpur. <\/strong><\/p>\n<p style=\"text-align: justify;\">Il suo recapito \u00e8:<\/p>\n<p style=\"text-align: justify;\"><strong>Nicola Bianchi<\/strong><\/p>\n<p style=\"text-align: justify;\"><strong>Embassy of Italy in Singapore<\/strong><\/p>\n<p style=\"text-align: justify;\"><strong>09 Raffles Place, #33-01 Republic Plaza, Singapore 048619<\/strong><\/p>\n<p style=\"text-align: justify;\"><strong>Tel : +65 6253 0472<\/strong><\/p>\n<p style=\"text-align: justify;\"><strong>Email:\u00a0<a href=\"mailto:nicola.bianchi@esteri.it\">nicola.bianchi@esteri.it<\/a>\u00a0;\u00a0<a href=\"mailto:singapore.scienza@esteri.it\">singapore.scienza@esteri.it<\/a>\u00a0<\/strong><\/p>\n<p style=\"text-align: justify;\">L\u2019Addetto Scientifico \u00e8 il Responsabile locale della nuova piattaforma\u00a0<a href=\"https:\/\/innovitalia.esteri.it\/\"><strong>Innovitalia<\/strong><\/a>\u00a0<strong>del MAECI<\/strong>\u00a0dedicata ai ricercatori italiani all\u2019estero.\u00a0<strong>Tutti i ricercatori italiani a Singapore sono invitati ad richiedere l\u2019iscrizione<\/strong>. La richiesta verr\u00e0 quindi validata dall\u2019Addetto Scientifico. Tale piattaforma oltre a consentire di conoscere i ricercatori italiani nel mondo con le loro relative competenze, consente l\u2019inserimento di opportunit\u00e0 di lavoro, di notizie e di eventi relativi al mondo della scienza e della tecnologia.\u00a0Attualmente sono iscritti circa 80 ricercatori italiani nella sezione Innovitalia di Singapore.<\/p>\n<p style=\"text-align: justify;\"><strong>Tutti i Ricercatori e Docenti italiani in visita a Singapore sono anche invitati a contattare l\u2019Addetto Scientifico<\/strong>\u00a0sia a scopo informativo sia per un possibile miglior coinvolgimento delle realt\u00e0 accademiche e di ricerca locali.<\/p>\n<p style=\"text-align: justify;\">Gli\u00a0<strong>Uffici delle Relazioni Internazionali<\/strong>\u00a0di Universit\u00e0 ed Enti di Ricerca Italiani, possono rivolgersi all\u2019Addetto Scientifico per facilitare contatti, incontri e accordi con le controparti. Tali uffici sono altr\u00ec invitati a comunicare all\u2019addetto Scientifico eventuali nuovi MoU e Accordi di Collaborazione e a registrare gli stessi accordi sul sito del\u00a0<a href=\"https:\/\/www.cineca.it\/\"><strong>CINECA<\/strong><\/a>.<\/p>\n<p style=\"text-align: justify;\">L\u2019ufficio dell\u2019Addetto Scientifico si rivolge anche a\u00a0<strong>Istituzioni Accademiche o di Ricerca di Singapore<\/strong>, gruppi di ricerca, ricercatori ed imprese interessati a collaborare con le controparti italiane in settori specifici.<\/p>\n<p><strong><a href=\"https:\/\/ambsingapore.esteri.it\/wp-content\/uploads\/2023\/07\/Singapore-Scienza-e-Tecnologia-1.pdf\">QUI<\/a><\/strong> si pu\u00f2 trovare una presentazione sull\u2019ecosistema della Ricerca a Singapore.<\/p>\n","protected":false},"excerpt":{"rendered":"Nel corso del 2018 \u00e8 stata istituita la nuova posizione di Addetto Scientifico a Singapore la cui presa servizio \u00e8 avvenuta il 2 gennaio 2019. La\u00a0presentazione ufficiale\u00a0\u00e8 avvenuta nella Residenza dell\u2019Ambasciatore alla presenza di una nutrita rappresentanza della comunit\u00e0 di ricercatori italiani. L\u2019Addetto Scientifico \u00e8 il Dr. Nicola Bianchi, Dirigente di Ricerca dell\u2019Istituto Nazionale di [&hellip;]","protected":false},"author":4,"featured_media":0,"parent":45,"menu_order":7,"comment_status":"closed","ping_status":"closed","template":"","meta":{"footnotes":""},"class_list":["post-281","page","type-page","status-publish","hentry"],"_links":{"self":[{"href":"https:\/\/ambsingapore.esteri.it\/it\/wp-json\/wp\/v2\/pages\/281","targetHints":{"allow":["GET"]}}],"collection":[{"href":"https:\/\/ambsingapore.esteri.it\/it\/wp-json\/wp\/v2\/pages"}],"about":[{"href":"https:\/\/ambsingapore.esteri.it\/it\/wp-json\/wp\/v2\/types\/page"}],"author":[{"embeddable":true,"href":"https:\/\/ambsingapore.esteri.it\/it\/wp-json\/wp\/v2\/users\/4"}],"replies":[{"embeddable":true,"href":"https:\/\/ambsingapore.esteri.it\/it\/wp-json\/wp\/v2\/comments?post=281"}],"version-history":[{"count":1,"href":"https:\/\/ambsingapore.esteri.it\/it\/wp-json\/wp\/v2\/pages\/281\/revisions"}],"predecessor-version":[{"id":2983,"href":"https:\/\/ambsingapore.esteri.it\/it\/wp-json\/wp\/v2\/pages\/281\/revisions\/2983"}],"up":[{"embeddable":true,"href":"https:\/\/ambsingapore.esteri.it\/it\/wp-json\/wp\/v2\/pages\/45"}],"wp:attachment":[{"href":"https:\/\/ambsingapore.esteri.it\/it\/wp-json\/wp\/v2\/media?parent=281"}],"curies":[{"name":"wp","href":"https:\/\/api.w.org\/{rel}","templated":true}]}}