{"id":343,"date":"2023-06-08T14:00:59","date_gmt":"2023-06-08T06:00:59","guid":{"rendered":"https:\/\/ambsingapore.esteri.it\/?page_id=343"},"modified":"2024-02-27T17:15:43","modified_gmt":"2024-02-27T09:15:43","slug":"richiesta-passaporto-per-minorenni","status":"publish","type":"page","link":"https:\/\/ambsingapore.esteri.it\/it\/servizi-consolari-e-visti\/servizi-per-il-cittadino-italiano\/passaporti-e-carte-didentita\/richiesta-passaporto-per-minorenni\/","title":{"rendered":"Richiesta Passaporto per Minorenni"},"content":{"rendered":"<p style=\"text-align: justify;\"><strong>LA PROCEDURA<\/strong><\/p>\n<p style=\"text-align: justify;\"><strong>Prima di avviare la richiesta di rilascio<\/strong>\u00a0del passaporto, \u00e8 necessario accertarsi che:<\/p>\n<ul style=\"text-align: justify;\">\n<li>almeno uno dei due genitori sia regolarmente iscritto all\u2019AIRE (Anagrafe Italiani Residenti all\u2019Estero). Per informazioni su come iscriversi all\u2019AIRE, premere\u00a0<a href=\"https:\/\/ambsingapore.esteri.it\/it\/servizi-consolari-e-visti\/servizi-per-il-cittadino-italiano\/anagrafe-aire\/\"><strong>qui<\/strong><\/a>.<\/li>\n<li>l&#8217;Atto di nascita del minore sia stato registrato presso il proprio Comune di riferimento in Italia.<\/li>\n<\/ul>\n<p style=\"text-align: justify;\">In caso di\u00a0<strong>rilascio di primo passaporto per il neonato nato a Singapore<\/strong>, l&#8217;interessato dovr\u00e0 farsi rilasciare dall\u2019Autorit\u00e0 competente di Singapore (<strong><a href=\"http:\/\/www.ica.gov.sg\/\">www.ica.gov.sg<\/a><\/strong>) il certificato di nascita digitale che dovr\u00e0 essere legalizzato presso la <a href=\"https:\/\/legalisation.sal.sg\/App\/Templates\/Poster_for_Legalisation_2_Dec_2020.pdf\"><strong><em>Singapore Academy of Law<\/em><\/strong><\/a><strong><em> (SAL) <\/em><\/strong><em>per procedere alla trascrizione dello stesso presso il Registro di Stato Civile Italiano del proprio Comune AIRE<\/em><strong><em>.\u00a0<\/em><\/strong><\/p>\n<p style=\"text-align: justify;\"><strong>Appuntamento<\/strong><\/p>\n<p style=\"text-align: justify;\">\u00c8 necessario fissare un appuntamento attraverso il sistema di prenotazione online al seguente link\u00a0<a href=\"https:\/\/prenotami.esteri.it\/\"><strong>Prenot@mi<\/strong><\/a>\u00a0selezionando la voce &#8220;Servizi Consolari&#8221;.<\/p>\n<p><span style=\"text-decoration: underline;\"><strong>L&#8217;istanza di rinnovo passaporto potr\u00e0 essere presentata non prima di sette mesi dalla data di scadenza indicata nel documento, salvo esaurimento pagine, smarrimento (con obbligo di presentazione denuncia effettuata presso la Polizia Locale) e deterioramento.<\/strong><\/span><\/p>\n<p>Il nuovo passaporto verr\u00e0 rilasciato il giorno stesso dell&#8217;appuntamento previo il buon fine delle verifiche d&#8217;ufficio.<\/p>\n<p style=\"text-align: justify;\"><strong>Documentazione da anticipare per email<\/strong><\/p>\n<ul style=\"text-align: justify;\">\n<li>Copia del <strong><a href=\"https:\/\/ambsingapore.esteri.it\/wp-content\/uploads\/2023\/07\/15.-37550_f_formulario_rilascio_passaporto_minori2-info_privacy_new_ott_2018.pdf\">formulario di richiesta di rilascio di passaporti a minori<\/a><\/strong>\u00a0accuratamente compilato e firmato da entrambi i genitori.<\/li>\n<li>Copia scansionata del passaporto in possesso del richiedente (se in possesso) e dei genitori nelle pagine dove compaiono i dati personali e dove compare l\u2019Autorit\u00e0 di rilascio.<\/li>\n<\/ul>\n<p style=\"text-align: justify;\">Da inviare per posta elettronica all&#8217;indirizzo:\u00a0<strong><a href=\"mailto:singapore.passaporti@esteri.it\">singapore.passaporti@esteri.it<\/a><\/strong><\/p>\n<p style=\"text-align: justify;\"><strong>Documentazione da presentare in Consolato<\/strong>:<\/p>\n<ul style=\"text-align: justify;\">\n<li>Originale del\u00a0<a href=\"https:\/\/ambsingapore.esteri.it\/wp-content\/uploads\/2023\/07\/15.-37550_f_formulario_rilascio_passaporto_minori2-info_privacy_new_ott_2018.pdf\"><strong>formulario di richiesta<\/strong><\/a> di rilascio di passaporti a minori accuratamente compilato e firmato da entrambi i genitori. Qualora uno dei due risultasse impossibilitato a firmare il formulario \u00e8 indispensabile la compilazione dell\u2019<strong><a href=\"https:\/\/ambsingapore.esteri.it\/wp-content\/uploads\/2023\/07\/16.-37405_f_moduloperassensopassaportominore.pdf\">atto di assenso<\/a><\/strong>\u00a0da parte di entrambi i genitori prima dell\u2019appuntamento (v.infra)<\/li>\n<li>2 fotografie recenti (uguali, frontali, a colori, sfondo bianco, formato 35 x 40 mm), acquisite da non oltre 6 mesi, conformi agli\u00a0<a href=\"https:\/\/www.icao.int\/Security\/mrtd\/Downloads\/technical%20reports\/annex_A-photograph_guidelines.pdf\"><strong>standard internazionali ICAO<\/strong><\/a>;<\/li>\n<li>Passaporto in uso se esistente;<\/li>\n<li>In mancanza del passaporto documento di riconoscimento ai sensi del D.P.R. 445\/2000;<\/li>\n<\/ul>\n<p style=\"text-align: justify;\"><strong>Atto di assenso<\/strong><\/p>\n<p style=\"text-align: justify;\">L&#8217;atto di assenso \u00e8 una dichiarazione personale che il genitore pu\u00f2 sottoscrivere utilizzando l&#8217;apposito modulo disponibile presso l&#8217;Ufficio passaporti o redigendo una dichiarazione sostitutiva di certificazione; all&#8217;atto di assenso va allegata una fotocopia del proprio documento di identit\u00e0.<\/p>\n<p style=\"text-align: justify;\"><strong>Se cittadino italiano o UE<\/strong>, potr\u00e0 firmare a casa e inviare all&#8217;Ufficio consolare l\u2019atto di assenso insieme a una copia del passaporto nella pagina dove ci sono i dati personali e nella pagina dove \u00e8 visibile la firma.<\/p>\n<p style=\"text-align: justify;\"><strong>I cittadini extra-comunitari<\/strong>\u00a0dovranno presentarsi allo sportello di persona per la firma esibendo un documento d\u2019identit\u00e0.<\/p>\n<p style=\"text-align: justify;\"><strong>Il cittadino Non\u2013UE residente in Italia o in altro Paese<\/strong>\u00a0dovr\u00e0 firmare l\u2019atto di assenso presso gli Uffici comunali o la Questura competente per residenza o presso la rappresentanza consolare competente per territorio di residenza.<\/p>\n<p style=\"text-align: justify;\">In mancanza dell\u2019assenso dell\u2019altro genitore, il Capo della Rappresentanza consolare, nella sua veste di Giudice Tutelare dei minori residenti nella circoscrizione pu\u00f2, dopo aver effettuato gli accertamenti di rito, autorizzare il rilascio del passaporto al richiedente con apposito Decreto consolare.<\/p>\n<p style=\"text-align: justify;\">Questo procedimento deve essere richiesto tramite una <strong><a href=\"https:\/\/ambsingapore.esteri.it\/wp-content\/uploads\/2023\/07\/modulo_istanza_giudice_tutelare_2021_bilingual.pdf\">domanda scritta dell&#8217;interessato<\/a><\/strong>, indicando i motivi del mancato assenso e le ragioni per cui il rifiuto viene eventualmente ritenuto pretestuoso o ingiustificato. La richiesta deve indicare inoltre l&#8217;ultimo indirizzo e i contatti telefonici del genitore non consenziente, in modo che l&#8217;Ufficio Consolare possa provare a contattarlo direttamente.<\/p>\n<p style=\"text-align: justify;\"><strong>Presenza in Consolato<\/strong><\/p>\n<p style=\"text-align: justify;\">Nel caso in cui uno dei due genitori abbia nazionalit\u00e0 extra-UE \u00e8 tenuto ad essere presente all\u2019appuntamento munito di passaporto. Non e&#8217; necessaria la presenza dell&#8217;altro genitore se cittadino comunitario.<\/p>\n<p style=\"text-align: justify;\">Non \u00e8 necessaria la presenza del minore fino al compimento di 12 anni. A partire dai 12 anni \u00e8 necessaria la presenza del minore che dovr\u00e0 firmare e lasciare le proprie impronte digitali.<\/p>\n<p style=\"text-align: justify;\"><strong>Pagamento<\/strong><\/p>\n<p style=\"text-align: justify;\">Il costo del passaporto del passaporto \u00e8 soggetto a tassi di ragguaglio trimestrali tra euro e dollari di Singapore (EUR\/SGD). Per verificare gli importi aggiornati consultare le <a href=\"https:\/\/ambsingapore.esteri.it\/it\/servizi-consolari-e-visti\/servizi-per-il-cittadino-italiano\/tariffe-consolari\/\"><strong>Tariffe Consolari<\/strong><\/a>. Le somme relative alla tassa amministrativa e al libretto possono essere pagate in loco al momento del rilascio in contanti o tramite NETS.<\/p>\n<p style=\"text-align: justify;\"><strong>Modulistica<\/strong><\/p>\n<ul>\n<li style=\"text-align: justify;\"><a href=\"https:\/\/ambsingapore.esteri.it\/wp-content\/uploads\/2023\/07\/15.-37550_f_formulario_rilascio_passaporto_minori2-info_privacy_new_ott_2018.pdf\"><strong>Formulario richiesta passaporto per minori<\/strong><\/a><\/li>\n<li style=\"text-align: justify;\"><a href=\"https:\/\/ambsingapore.esteri.it\/wp-content\/uploads\/2023\/07\/16.-37405_f_moduloperassensopassaportominore.pdf\"><strong>Atto di assenso nel caso in cui il richiedente sia minorenne<\/strong><\/a><\/li>\n<li style=\"text-align: justify;\"><strong><a href=\"https:\/\/ambsingapore.esteri.it\/wp-content\/uploads\/2023\/07\/39.-37547_f_Dichiarazione_accompagnamento_MINORI2-2.docx\">Modulo di Accompagnamento<\/a><\/strong><\/li>\n<\/ul>\n","protected":false},"excerpt":{"rendered":"LA PROCEDURA Prima di avviare la richiesta di rilascio\u00a0del passaporto, \u00e8 necessario accertarsi che: almeno uno dei due genitori sia regolarmente iscritto all\u2019AIRE (Anagrafe Italiani Residenti all\u2019Estero). Per informazioni su come iscriversi all\u2019AIRE, premere\u00a0qui. l&#8217;Atto di nascita del minore sia stato registrato presso il proprio Comune di riferimento in Italia. In caso di\u00a0rilascio di primo [&hellip;]","protected":false},"author":4,"featured_media":0,"parent":49,"menu_order":2,"comment_status":"closed","ping_status":"closed","template":"","meta":{"footnotes":""},"class_list":["post-343","page","type-page","status-publish","hentry"],"_links":{"self":[{"href":"https:\/\/ambsingapore.esteri.it\/it\/wp-json\/wp\/v2\/pages\/343","targetHints":{"allow":["GET"]}}],"collection":[{"href":"https:\/\/ambsingapore.esteri.it\/it\/wp-json\/wp\/v2\/pages"}],"about":[{"href":"https:\/\/ambsingapore.esteri.it\/it\/wp-json\/wp\/v2\/types\/page"}],"author":[{"embeddable":true,"href":"https:\/\/ambsingapore.esteri.it\/it\/wp-json\/wp\/v2\/users\/4"}],"replies":[{"embeddable":true,"href":"https:\/\/ambsingapore.esteri.it\/it\/wp-json\/wp\/v2\/comments?post=343"}],"version-history":[{"count":5,"href":"https:\/\/ambsingapore.esteri.it\/it\/wp-json\/wp\/v2\/pages\/343\/revisions"}],"predecessor-version":[{"id":3234,"href":"https:\/\/ambsingapore.esteri.it\/it\/wp-json\/wp\/v2\/pages\/343\/revisions\/3234"}],"up":[{"embeddable":true,"href":"https:\/\/ambsingapore.esteri.it\/it\/wp-json\/wp\/v2\/pages\/49"}],"wp:attachment":[{"href":"https:\/\/ambsingapore.esteri.it\/it\/wp-json\/wp\/v2\/media?parent=343"}],"curies":[{"name":"wp","href":"https:\/\/api.w.org\/{rel}","templated":true}]}}