{"id":352,"date":"2023-06-08T14:54:51","date_gmt":"2023-06-08T06:54:51","guid":{"rendered":"https:\/\/ambsingapore.esteri.it\/?page_id=352"},"modified":"2023-06-08T14:54:51","modified_gmt":"2023-06-08T06:54:51","slug":"anagrafe-aire","status":"publish","type":"page","link":"https:\/\/ambsingapore.esteri.it\/it\/servizi-consolari-e-visti\/servizi-per-il-cittadino-italiano\/anagrafe-aire\/","title":{"rendered":"Anagrafe (AIRE)"},"content":{"rendered":"<p style=\"text-align: center;\"><strong>ISCRIZIONE ALL\u2019ANAGRAFE ITALIANI RESIDENTI ALL&#8217;ESTERO (A.I.R.E.)<\/strong><\/p>\n<p style=\"text-align: justify;\">L\u2019Anagrafe degli Italiani Residenti all\u2019Estero (A.I.R.E.) \u00e8 stata istituita con legge 27 ottobre 1988, n. 470 e contiene i dati dei cittadini italiani che intendono risiedere all\u2019estero per un periodo superiore ai dodici mesi. Essa \u00e8 gestita dai Comuni sulla base dei dati e delle informazioni provenienti dalle Rappresentanze consolari all\u2019estero.<\/p>\n<p style=\"text-align: justify;\"><strong>L\u2019iscrizione all\u2019A.I.R.E. \u00e8 un diritto-dovere del cittadino<\/strong>\u00a0(art. 6 legge 470\/1988) e costituisce il presupposto per usufruire di una serie di servizi forniti dall\u2019Ambasciata d\u2019Italia a SIngapore, nonch\u00e9 per l\u2019esercizio di importanti diritti, quali per esempio:<\/p>\n<ul style=\"text-align: justify;\">\n<li>la possibilit\u00e0 di votare per corrispondenza alle elezioni politiche e referendum;<\/li>\n<li>la possibilit\u00e0 di ottenere il rilascio o rinnovo di documenti di identit\u00e0 e di viaggio, nonch\u00e9 certificazioni;<\/li>\n<li>la possibilit\u00e0 di rinnovare la patente di guida.<\/li>\n<\/ul>\n<p style=\"text-align: justify;\"><strong>Devono iscriversi all\u2019A.I.R.E.:<\/strong><\/p>\n<ul style=\"text-align: justify;\">\n<li>i cittadini che trasferiscono la propria residenza all\u2019estero per periodi superiori a 12 mesi;<\/li>\n<li>quelli che gi\u00e0 vi risiedono, sia perch\u00e9 nati all\u2019estero che per successivo acquisto della cittadinanza italiana a qualsiasi titolo.<\/li>\n<\/ul>\n<p style=\"text-align: justify;\"><strong>Non devono &#8211; per contro &#8211; iscriversi all\u2019A.I.R.E.:<\/strong><\/p>\n<ul style=\"text-align: justify;\">\n<li>le persone che si recano all\u2019estero per un periodo di tempo inferiore ad un anno;<\/li>\n<li>i lavoratori stagionali;<\/li>\n<li>i dipendenti di ruolo dello Stato in servizio all\u2019estero, che siano notificati ai sensi delle Convenzioni di Vienna sulle relazioni\u00a0 diplomatiche e sulle relazioni consolari rispettivamente del 1961 e del 1963;<\/li>\n<li>i militari italiani in servizio presso gli uffici e le strutture della NATO dislocate all\u2019estero.<\/li>\n<\/ul>\n<p style=\"text-align: justify;\">L\u2019iscrizione all\u2019A.I.R.E. comporta la contestuale cancellazione dall\u2019Anagrafe della Popolazione Residente (A.P.R.) del Comune di provenienza.<\/p>\n<p style=\"text-align: justify;\"><strong>Modalit\u00e0 di iscrizione all\u2019A.I.R.E<\/strong>.<\/p>\n<p style=\"text-align: justify;\">L\u2019iscrizione all\u2019A.I.R.E. \u00e8 effettuata a seguito di dichiarazione resa dall\u2019interessato all\u2019Ufficio consolare competente per territorio, entro 90 giorni dal trasferimento della residenza.<\/p>\n<p style=\"text-align: justify;\">Tale dichiarazione deve essere trasmessa tramite il\u00a0<a href=\"https:\/\/serviziconsolarionline.esteri.it\/\"><strong>portale FAST-IT<\/strong><\/a>. Consulta la sezione FAST-IT per le indicazioni sulla documentazione da presentare e la procedura da seguire.<\/p>\n<p style=\"text-align: justify;\"><strong>L\u2019iscrizione pu\u00f2 anche avvenire d\u2019ufficio<\/strong>, sulla base di informazioni di cui l\u2019Ufficio consolare sia venuto a conoscenza. L&#8217;iscrizione all&#8217;A.I.R.E. \u00e8\u00a0<strong>gratuita<\/strong>.<\/p>\n","protected":false},"excerpt":{"rendered":"ISCRIZIONE ALL\u2019ANAGRAFE ITALIANI RESIDENTI ALL&#8217;ESTERO (A.I.R.E.) L\u2019Anagrafe degli Italiani Residenti all\u2019Estero (A.I.R.E.) \u00e8 stata istituita con legge 27 ottobre 1988, n. 470 e contiene i dati dei cittadini italiani che intendono risiedere all\u2019estero per un periodo superiore ai dodici mesi. Essa \u00e8 gestita dai Comuni sulla base dei dati e delle informazioni provenienti dalle Rappresentanze [&hellip;]","protected":false},"author":4,"featured_media":0,"parent":47,"menu_order":1,"comment_status":"closed","ping_status":"closed","template":"","meta":{"footnotes":""},"class_list":["post-352","page","type-page","status-publish","hentry"],"_links":{"self":[{"href":"https:\/\/ambsingapore.esteri.it\/it\/wp-json\/wp\/v2\/pages\/352","targetHints":{"allow":["GET"]}}],"collection":[{"href":"https:\/\/ambsingapore.esteri.it\/it\/wp-json\/wp\/v2\/pages"}],"about":[{"href":"https:\/\/ambsingapore.esteri.it\/it\/wp-json\/wp\/v2\/types\/page"}],"author":[{"embeddable":true,"href":"https:\/\/ambsingapore.esteri.it\/it\/wp-json\/wp\/v2\/users\/4"}],"replies":[{"embeddable":true,"href":"https:\/\/ambsingapore.esteri.it\/it\/wp-json\/wp\/v2\/comments?post=352"}],"version-history":[{"count":0,"href":"https:\/\/ambsingapore.esteri.it\/it\/wp-json\/wp\/v2\/pages\/352\/revisions"}],"up":[{"embeddable":true,"href":"https:\/\/ambsingapore.esteri.it\/it\/wp-json\/wp\/v2\/pages\/47"}],"wp:attachment":[{"href":"https:\/\/ambsingapore.esteri.it\/it\/wp-json\/wp\/v2\/media?parent=352"}],"curies":[{"name":"wp","href":"https:\/\/api.w.org\/{rel}","templated":true}]}}