{"id":354,"date":"2023-06-08T15:10:15","date_gmt":"2023-06-08T07:10:15","guid":{"rendered":"https:\/\/ambsingapore.esteri.it\/?page_id=354"},"modified":"2024-09-27T11:44:21","modified_gmt":"2024-09-27T03:44:21","slug":"iscrizione-aire-su-fast-it","status":"publish","type":"page","link":"https:\/\/ambsingapore.esteri.it\/it\/servizi-consolari-e-visti\/servizi-per-il-cittadino-italiano\/anagrafe-aire\/iscrizione-aire-su-fast-it\/","title":{"rendered":"Iscrizione AIRE su FAST IT"},"content":{"rendered":"<div class=\"sr-only\" style=\"text-align: center;\"><\/div>\n<div style=\"text-align: center;\"><a href=\"https:\/\/serviziconsolari.esteri.it\"><img loading=\"lazy\" decoding=\"async\" class=\"img-fluid aligncenter wp-image-4138 size-full\" src=\"https:\/\/ambsingapore.esteri.it\/wp-content\/uploads\/2024\/09\/FastIt.jpg\" alt=\"\" width=\"867\" height=\"531\" srcset=\"https:\/\/ambsingapore.esteri.it\/wp-content\/uploads\/2024\/09\/FastIt.jpg 867w, https:\/\/ambsingapore.esteri.it\/wp-content\/uploads\/2024\/09\/FastIt-300x184.jpg 300w, https:\/\/ambsingapore.esteri.it\/wp-content\/uploads\/2024\/09\/FastIt-768x470.jpg 768w\" sizes=\"auto, (max-width: 867px) 100vw, 867px\" \/><\/a><\/div>\n<div>\n<p>&nbsp;<\/p>\n<p style=\"text-align: justify;\">Il portale Fast It (Farnesina-servizi telematici per Italiani all\u2019estero) \u00e8 la piattaforma di servizi online che consente di presentare la richiesta di iscrizione all&#8217;AIRE, di comunicare la variazione dell&#8217;indirizzo di residenza e di visualizzare la propria scheda anagrafica.<\/p>\n<p style=\"text-align: justify;\">\u00c8 possibile accedere\u00a0al portale collengandosi al link: <strong><a href=\"https:\/\/serviziconsolarionline.esteri.it\">https:\/\/serviziconsolarionline.esteri.it.<\/a>\u00a0<\/strong><\/p>\n<p style=\"text-align: justify;\">Quando si accede per la prima volta al portale \u00e8 necessario effettuare una registrazione.<\/p>\n<p style=\"text-align: justify;\"><strong>Iscrizione al portale Fast It<\/strong><\/p>\n<ol style=\"text-align: justify;\">\n<li><strong>Collegarsi: <a href=\"https:\/\/serviziconsolarionline.esteri.it\">https:\/\/serviziconsolarionline.esteri.it<\/a><\/strong><\/li>\n<li><strong>Registrarsi: <\/strong>Si dovr\u00e0 confermare il possesso della cittadinanza italiana.Sar\u00e0 necessario indicare un indirizzo email e una password (da un minimo di 8 caratteri ad un massimo di 16, perlomeno una lettera maiuscola, un numero e un carattere speciale).<\/li>\n<li><strong>Attivare l&#8217;account: <\/strong>Si dovr\u00e0 confermare il possesso della cittadinanza italiana.Sar\u00e0 necessario indicare un indirizzo email e una password (da un minimo di 8 caratteri ad un massimo di 16, perlomeno una lettera maiuscola, un numero e un carattere speciale).\u00a0 Si prega di prestare attenzione al fatto che la mail potrebbe essere spostata nella casella di SPAM del proprio account di posta elettronica<\/li>\n<li><strong>Possibilit\u00e0 di accedere ai servizi consolari online con le credenziali del Sistema Pubblico di Identit\u00e0 Digitale (SPID). <\/strong>Le credenziali SPID possono essere utilizzate per accedere anche ai servizi consolari online sul portale \u201cFast It\u201d. Per maggiori informazioni su come ottenere le credenziali SPID, consultare il sito: <strong><a href=\"https:\/\/www.spid.gov.it\">https:\/\/www.spid.gov.it<\/a><\/strong>. Si possono leggere <a href=\"https:\/\/www.spid.gov.it\/domande-frequenti\"><strong>QUI<\/strong><\/a> le domande pi\u00f9 frequenti FAST IT \u2013 SPID.\u00a0A seguito della conversione in legge del DL 183\/2020, cd. &#8220;Decreto Milleproroghe&#8221;, il termine del 28 febbraio 2021 per il rilascio esclusivo da parte delle PA delle credenziali SPID e CIE ai fini dell&#8217;identificazione e l&#8217;accesso in rete, e gi\u00e0 prorogato per gli uffici all&#8217;estero al 30 settembre 2021, \u00e8 stato esteso di ulteriori 15 mesi fino al <strong>31 dicembre 2022<\/strong>. Coloro che sono in possesso di credenziali proprie, potranno continuare a utilizzarle fino al 31 marzo 2023 per accedere ai servizi in rete della Pubblica Amministrazione.<\/li>\n<\/ol>\n<p style=\"text-align: justify;\"><strong>Iscrizione all&#8217;AIRE tramite il portale Fast It<\/strong><\/p>\n<ul style=\"text-align: justify;\">\n<li>Dopo aver attivato l\u2019account, si dovr\u00e0 accedere al sistema per compilare la richiesta di iscrizione AIRE on line accedendo al servizio <strong>Richiedi l\u2019iscrizione all\u2019AIRE.<\/strong><\/li>\n<li>Sar\u00e0 poi necessario compilare i campi previsti, effettuare la stampa del relativo modulo, firmarlo e caricarlo sul portale, insieme a una <strong>copia dei seguenti documenti:\u00a0<\/strong>\n<ol>\n<li>passaporto italiano (le pagine 2,3,4 e 5) o copia della carta d&#8217;identit\u00e0 in corso di validit\u00e0;<\/li>\n<li>permesso di soggiorno a Singapore (fronte e retro) superiore ai 12 mesi (<em>Employment Pass etc..)<\/em>:<\/li>\n<li>pagine del contratto di locazione indicanti il nome, l&#8217;indirizzo di residenza a Singapore, la durata della contratto, le firme del locatario e del locatore.<\/li>\n<\/ol>\n<\/li>\n<\/ul>\n<p style=\"text-align: justify;\">In caso di iscrizione di <strong>familiari<\/strong>, la richiesta \u00e8 presentata dal cittadino italiano anche per gli altri componenti della famiglia che vivono presso lo stesso indirizzo (ad esempio: il\/la coniuge, i figli). \u00c8 comunque consigliabile che tutti i componenti maggiorenni della famiglia compilino un modello di iscrizione per consentire l&#8217;invio di dati pi\u00f9 completi al Comune in Italia. Anche in caso di coniuge straniero \u00e8 opportuno allegare fotocopia del documento d&#8217;identit\u00e0 dello stesso.<\/p>\n<p style=\"text-align: justify;\"><strong>Per ottimizzare il caricamento della documentazione richiesta nei tre spazi disponibili, si consiglia di raggruppare i documenti e salvarli in file unici in formato pdf, soprattutto in caso di iscrizione di un nucleo familiare con piu&#8217; componenti.<\/strong><\/p>\n<ul style=\"text-align: justify;\">\n<li>Al termine della procedura, la richiesta verr\u00e0 inoltrata alla Cancelleria Consolare: un operatore prender\u00e0 in carico la domanda d&#8217;iscrizione e provveder\u00e0, una volta controllato che sia completa, ad inoltrarla al Comune di provenienza in Italia (l\u2019AIRE \u00e8 infatti tenuta per legge dai Comuni italiani). In attesa della risposta dal Comune si viene comunque iscritti d&#8217;ufficio negli Schedari consolari del Consolato di competenza. Lo status di &#8220;iscritto all&#8217;AIRE&#8221; si ottiene per\u00f2 una volta che il Consolato ha ricevuto dal Comune la conferma dell\u2019iscrizione all\u2019AIRE. <strong>Nel caso in cui la pratica risulti carente di informazioni o documenti, o per le necessarie correzioni o integrazioni, verr\u00e0 restituita all\u2019utente.<\/strong><\/li>\n<\/ul>\n<p style=\"text-align: justify;\"><strong>Cambio di indirizzo a Singapore<\/strong><\/p>\n<p style=\"text-align: justify;\">Dopo aver effettuato l\u2019iscrizione al portale Fast It, \u00e8 possibile, se si \u00e8 gi\u00e0 iscritti all\u2019AIRE, comunicare il nuovo indirizzo di residenza. La richiesta verr\u00e0 inoltrata alla nostra Cancelleria Consolare che effettuer\u00e0 le modifiche richieste e comunicher\u00e0 l\u2019aggiornamento dei dati al proprio Comune di iscrizione AIRE. Si prega di comunicare il proprio indirizzo in modo corretto e completo. Ricordiamo che il mancato aggiornamento delle informazioni relative all\u2019indirizzo rende impossibile il contatto con il cittadino e il ricevimento della cartolina o del plico elettorale in caso di votazioni.<\/p>\n<p style=\"text-align: justify;\"><strong>Visualizzazione della scheda anagrafica<\/strong><\/p>\n<p style=\"text-align: justify;\">Il servizio \u00a8Visualizzazione della Scheda Anagrafica&#8221;, che espone una sintesi dei dati memorizzati nella scheda anagrafica contenuta nello Schedario consolare della nostra Cancelleria Consolare, permette all\u2019utente di verificare la coerenza dei dati con la sua situazione reale. In caso di incongruenza dell&#8217;indirizzo di residenza l\u2019utente potr\u00e0 richiedere una correzione mediante il &#8220;Servizio di Variazione Residenza&#8221;, tramite portale &#8220;Fast-It&#8221;.<\/p>\n<p style=\"text-align: justify;\"><strong>Informazioni tecniche per l&#8217;accesso e l&#8217;utilizzo della piattaforma<\/strong><\/p>\n<p style=\"text-align: justify;\">Per la corretta registrazione e per la successiva compilazione della domanda di iscrizione AIRE sul portale Fast It vi invitiamo a consultare le istruzioni allegate.<\/p>\n<p style=\"text-align: justify;\">\u2022 <a href=\"https:\/\/ambsingapore.esteri.it\/ambasciata_singapore\/resource\/doc\/2018\/10\/2018.04.04_-istruzioniiscrizionesecoli.pdf\"><strong>Istruzioni &#8220;REGISTRAZIONE&#8221;<\/strong><\/a><\/p>\n<p style=\"text-align: justify;\">\u2022 <a href=\"https:\/\/ambsingapore.esteri.it\/ambasciata_singapore\/resource\/doc\/2018\/10\/2018.04.04_-istruzionisecoliiscrizioneairerivista.pdf\"><strong>Istruzioni &#8220;RICHIESTA&#8221;<\/strong><\/a><\/p>\n<p style=\"text-align: justify;\">In caso di\u00a0<strong>problemi tecnici<\/strong>, non essendo possibile fornire assistenza personalizzata, la richiesta di iscrizione dovr\u00e0 essere inviata per e-mail (<strong><a href=\"mailto:singapore.anagrafe@esteri.it\">singapore.anagrafe@esteri.it<\/a><\/strong>) o posta ordinaria.<\/p>\n<p style=\"text-align: justify;\">Si segnala che\u00a0<strong>NON<\/strong> sono accettati i caratteri speciali <strong>(es. ~ \/\u00a0\u00c7) e NESSUN TIPO DI ACCENTO (^\u00a0\u00b4 &#8216; )<\/strong>.<\/p>\n<\/div>\n","protected":false},"excerpt":{"rendered":"&nbsp; Il portale Fast It (Farnesina-servizi telematici per Italiani all\u2019estero) \u00e8 la piattaforma di servizi online che consente di presentare la richiesta di iscrizione all&#8217;AIRE, di comunicare la variazione dell&#8217;indirizzo di residenza e di visualizzare la propria scheda anagrafica. \u00c8 possibile accedere\u00a0al portale collengandosi al link: https:\/\/serviziconsolarionline.esteri.it.\u00a0 Quando si accede per la prima volta al [&hellip;]","protected":false},"author":4,"featured_media":0,"parent":352,"menu_order":1,"comment_status":"closed","ping_status":"closed","template":"","meta":{"footnotes":""},"class_list":["post-354","page","type-page","status-publish","hentry"],"_links":{"self":[{"href":"https:\/\/ambsingapore.esteri.it\/it\/wp-json\/wp\/v2\/pages\/354","targetHints":{"allow":["GET"]}}],"collection":[{"href":"https:\/\/ambsingapore.esteri.it\/it\/wp-json\/wp\/v2\/pages"}],"about":[{"href":"https:\/\/ambsingapore.esteri.it\/it\/wp-json\/wp\/v2\/types\/page"}],"author":[{"embeddable":true,"href":"https:\/\/ambsingapore.esteri.it\/it\/wp-json\/wp\/v2\/users\/4"}],"replies":[{"embeddable":true,"href":"https:\/\/ambsingapore.esteri.it\/it\/wp-json\/wp\/v2\/comments?post=354"}],"version-history":[{"count":3,"href":"https:\/\/ambsingapore.esteri.it\/it\/wp-json\/wp\/v2\/pages\/354\/revisions"}],"predecessor-version":[{"id":4146,"href":"https:\/\/ambsingapore.esteri.it\/it\/wp-json\/wp\/v2\/pages\/354\/revisions\/4146"}],"up":[{"embeddable":true,"href":"https:\/\/ambsingapore.esteri.it\/it\/wp-json\/wp\/v2\/pages\/352"}],"wp:attachment":[{"href":"https:\/\/ambsingapore.esteri.it\/it\/wp-json\/wp\/v2\/media?parent=354"}],"curies":[{"name":"wp","href":"https:\/\/api.w.org\/{rel}","templated":true}]}}