{"id":369,"date":"2023-06-08T15:35:16","date_gmt":"2023-06-08T07:35:16","guid":{"rendered":"https:\/\/ambsingapore.esteri.it\/?page_id=369"},"modified":"2024-10-23T15:30:17","modified_gmt":"2024-10-23T07:30:17","slug":"matrimonio-in-ambasciata","status":"publish","type":"page","link":"https:\/\/ambsingapore.esteri.it\/it\/servizi-consolari-e-visti\/servizi-per-il-cittadino-italiano\/stato-civile\/matrimonio-in-ambasciata\/","title":{"rendered":"Matrimonio in Ambasciata"},"content":{"rendered":"<p style=\"text-align: justify;\">Per sposarsi presso la Rappresentanza diplomatico-consolare italiana a Singapore e presentare una <strong>istanza di celebrazione di matrimonio consolare<\/strong> \u00e8 necessario che almeno uno dei nubendi sia residente in questa Circoscrizione e regolarmente iscritto AIRE<\/p>\n<p style=\"text-align: justify;\">L\u2019istanza deve essere\u00a0<strong>sottoscritta da entrambi i nubendi<\/strong> e presentata di persona, previo <strong><a href=\"https:\/\/prenotami.esteri.it\/\">appuntamento<\/a><\/strong>, all\u2019Ufficio consolare con allegata la fotocopia dei documenti di identit\u00e0 validi dei nubendi.<\/p>\n<p style=\"text-align: justify;\">L\u2019ufficio consolare dovr\u00e0 produrre per i cittadini italiani iscritti all\u2019AIRE il certificato di Nulla Osta al matrimonio. A tal fine i nubendi italiani dovranno compilare la\u00a0<a href=\"https:\/\/ambsingapore.esteri.it\/wp-content\/uploads\/2023\/08\/richiesta-nulla-osta-al-matrimonio-08082023114341.pdf\"><strong>Dichiarazione sostitutiva per richiesta Nulla Osta al matrimonio<\/strong><\/a> pagando il corrispettivo in dollari di Singapore di 6 euro. Compilata la richiesta ed effettuate le dovute verifiche, l\u2019ufficio consolare proceder\u00e0 all\u2019emissione di tale certificati.<\/p>\n<p><strong>I cittadini stranieri <\/strong>\u00a0dovranno presentare i seguenti documenti:<\/p>\n<ul>\n<li><strong>atto di nascita in originale<\/strong> tradotto in italiano e legalizzato dall\u2019Ambasciata o Consolato italiano nel Paese dove il certificato \u00e8 stato rilasciato, o apostillato, se il Paese di rilascio del certificato aderisce alla Convenzione dell\u2019Aja sull\u2019Apostille;<\/li>\n<li><strong>nulla osta alla celebrazione del matrimonio<\/strong> o \u201ccertificate of non-impediment\u201d rilasciato dalle autorit\u00e0 del proprio Paese debitamente legalizzato, tradotto in italiano, con traduzione certificata dall&#8217;Ambasciata d&#8217;Italia nel pease di emissione. Nel caso in cui tale certificato non venga prodotto dalle Autorit\u00e0 del proprio paese di origine, si raccomanda di rivelgersi alla propria Rappresentanza Consolare in Italia.<\/li>\n<\/ul>\n<p style=\"text-align: justify;\">Se l\u2019Ufficio consolare accoglie l\u2019istanza (in quanto ne ricorrano i requisiti previsti dalla normativa) si pu\u00f2 procedere alla richiesta delle pubblicazioni.<\/p>\n<p style=\"text-align: justify;\">La\u00a0<strong>celebrazione del matrimonio pu\u00f2 essere rifiutata<\/strong>\u00a0quando vi si oppongono le leggi locali o quando le parti non risiedono nella circoscrizione.<\/p>\n<p style=\"text-align: justify;\"><strong>Le pubblicazioni<\/strong><\/p>\n<p style=\"text-align: justify;\">In Italia\u00a0<strong>la celebrazione del matrimonio deve essere preceduta dalle pubblicazioni<\/strong>, eseguite a cura di un Ufficiale dello Stato Civile. Le pubblicazioni restano affisse all&#8217;albo consolare per\u00a0<strong>almeno 8 giorni<\/strong>. Il\u00a0<strong>matrimonio<\/strong>\u00a0pu\u00f2 essere\u00a0<strong>celebrato decorsi 3 giorni successivi dalla<\/strong>\u00a0compiuta\u00a0<strong>pubblicazione<\/strong>\u00a0ed\u00a0<strong>entro i successivi 180 giorni<\/strong>.<\/p>\n<p style=\"text-align: justify;\">\u00c8 necessario che i nubendi compilino questo\u00a0<a href=\"https:\/\/ambsingapore.esteri.it\/wp-content\/uploads\/2023\/07\/13.-modello_richiesta_pubblicazione_del_matrimonio.pdf\"><strong>modulo<\/strong><\/a>\u00a0e lo firmino all\u2019atto della consegna a mano all\u2019Autorit\u00e0 diplomatico-consolare.<\/p>\n<p style=\"text-align: justify;\">Per prenotare un appuntamento premere\u00a0<a href=\"https:\/\/prenotami.esteri.it\/\"><strong>QUI<\/strong><\/a>.<\/p>\n<p style=\"text-align: justify;\">L\u2019istanza di\u00a0<strong>pubblicazioni matrimoniali<\/strong>\u00a0ha un\u00a0<strong>costo pari a 12 euro<\/strong>. Il controvalore in dollari di Singapore \u00e8 soggetto all\u2019aggiornamento trimestrale dei tassi di ragguaglio.<\/p>\n<p style=\"text-align: justify;\">Per verificare gli\u00a0<strong>importi aggiornati<\/strong>\u00a0consultare le\u00a0<a href=\"https:\/\/ambsingapore.esteri.it\/ambasciata_singapore\/it\/informazioni_e_servizi\/tariffe-consolari.html\"><strong>Tariffe Consolari<\/strong><\/a>.<\/p>\n<p style=\"text-align: justify;\"><strong>Richiesta di pubblicazioni<\/strong><\/p>\n<p style=\"text-align: justify;\">Pu\u00f2 essere effettuata:<\/p>\n<ul style=\"text-align: justify;\">\n<li><strong>di persona dai nubendi<\/strong>;<\/li>\n<li><strong>da terzo autorizzato<\/strong>\u00a0munito di\u00a0<strong>procura speciale<\/strong>\u00a0redatta su carta semplice e di copia dei documenti di identit\u00e0 validi dei nubendi;<\/li>\n<\/ul>\n<p style=\"text-align: justify;\">Per coloro che\u00a0<strong>non<\/strong>\u00a0sono\u00a0<strong>cittadini UE<\/strong>\u00a0e residenti in Italia, la\u00a0<strong>firma<\/strong>\u00a0dovr\u00e0 essere\u00a0<strong>apposta in presenza di un funzionario consolare<\/strong>.<\/p>\n<ul>\n<li style=\"text-align: justify;\">Se i nubendi sono\u00a0<strong>entrambi cittadini italiani residenti all\u2019estero<\/strong>, \u00e8 necessario richiedere le pubblicazioni di matrimonio alla Rappresentanza diplomatico-consolare dove sar\u00e0 celebrato il matrimonio consolare. Se risiedono in due circoscrizioni consolari diverse, le pubblicazioni vanno effettuate presso entrambe le Rappresentanze diplomatiche o consolari.<\/li>\n<li style=\"text-align: justify;\">Se uno dei nubendi (<strong>italiano o straniero<\/strong>) ha la residenza in Italia mentre l\u2019altro (<strong>cittadino italiano<\/strong>) ha la residenza\u00a0<strong>all\u2019estero<\/strong>, \u00e8 necessario richiedere le pubblicazioni di matrimonio alla Rappresentanza diplomatico-consolare dove sar\u00e0 celebrato il matrimonio consolare, che a sua volta ne chieder\u00e0 l&#8217;esecuzione al Comune di residenza in Italia. Le pubblicazioni verranno pertanto effettuate in entrambi i luoghi di residenza dei futuri sposi.<\/li>\n<li style=\"text-align: justify;\">Se il\u00a0<strong>nubendo italiano<\/strong>\u00a0ha la residenza in Italia mentre l\u2019altro \u00e8 un\u00a0<strong>cittadino straniero<\/strong>\u00a0ed ha la\u00a0<strong>residenza all&#8217;estero<\/strong>, \u00e8 possibile alternativamente: richiedere le pubblicazioni alla Rappresentanza diplomatico-consolare oppure al Comune italiano di residenza, che provveder\u00e0 al rilascio di delega alla Rappresentanza diplomatica o consolare per la celebrazione del matrimonio.<\/li>\n<li style=\"text-align: justify;\">Se\u00a0<strong>entrambi i nubendi sono residenti in Italia<\/strong>, \u00e8 necessario richiedere le pubblicazioni di matrimonio al Comune di residenza. Se risiedono in due Comuni diversi le pubblicazioni verranno effettuate in entrambi i Comuni. Il Comune rilascer\u00e0 alla Rappresentanza diplomatica o consolare la delega per la celebrazione del matrimonio.<\/li>\n<\/ul>\n","protected":false},"excerpt":{"rendered":"Per sposarsi presso la Rappresentanza diplomatico-consolare italiana a Singapore e presentare una istanza di celebrazione di matrimonio consolare \u00e8 necessario che almeno uno dei nubendi sia residente in questa Circoscrizione e regolarmente iscritto AIRE L\u2019istanza deve essere\u00a0sottoscritta da entrambi i nubendi e presentata di persona, previo appuntamento, all\u2019Ufficio consolare con allegata la fotocopia dei documenti [&hellip;]","protected":false},"author":4,"featured_media":0,"parent":68,"menu_order":3,"comment_status":"closed","ping_status":"closed","template":"","meta":{"footnotes":""},"class_list":["post-369","page","type-page","status-publish","hentry"],"_links":{"self":[{"href":"https:\/\/ambsingapore.esteri.it\/it\/wp-json\/wp\/v2\/pages\/369","targetHints":{"allow":["GET"]}}],"collection":[{"href":"https:\/\/ambsingapore.esteri.it\/it\/wp-json\/wp\/v2\/pages"}],"about":[{"href":"https:\/\/ambsingapore.esteri.it\/it\/wp-json\/wp\/v2\/types\/page"}],"author":[{"embeddable":true,"href":"https:\/\/ambsingapore.esteri.it\/it\/wp-json\/wp\/v2\/users\/4"}],"replies":[{"embeddable":true,"href":"https:\/\/ambsingapore.esteri.it\/it\/wp-json\/wp\/v2\/comments?post=369"}],"version-history":[{"count":4,"href":"https:\/\/ambsingapore.esteri.it\/it\/wp-json\/wp\/v2\/pages\/369\/revisions"}],"predecessor-version":[{"id":4401,"href":"https:\/\/ambsingapore.esteri.it\/it\/wp-json\/wp\/v2\/pages\/369\/revisions\/4401"}],"up":[{"embeddable":true,"href":"https:\/\/ambsingapore.esteri.it\/it\/wp-json\/wp\/v2\/pages\/68"}],"wp:attachment":[{"href":"https:\/\/ambsingapore.esteri.it\/it\/wp-json\/wp\/v2\/media?parent=369"}],"curies":[{"name":"wp","href":"https:\/\/api.w.org\/{rel}","templated":true}]}}