{"id":3730,"date":"2024-05-29T16:52:57","date_gmt":"2024-05-29T08:52:57","guid":{"rendered":"https:\/\/ambsingapore.esteri.it\/?page_id=3730"},"modified":"2024-11-08T16:37:57","modified_gmt":"2024-11-08T08:37:57","slug":"nomadi-digitali-e-lavoratori-da-remoto","status":"publish","type":"page","link":"https:\/\/ambsingapore.esteri.it\/it\/servizi-consolari-e-visti\/servizi-per-il-cittadino-straniero\/visti\/nomadi-digitali-e-lavoratori-da-remoto\/","title":{"rendered":"Nomadi digitali e Lavoratori da remoto"},"content":{"rendered":"<p><strong>Motivo<\/strong>: Visto per nomadi digitali e lavoratori da remoto<\/p>\n<p><strong>Tipologia<\/strong>: Visto Nazionale<\/p>\n<p><strong>Durata<\/strong>: oltre 90 giorni<\/p>\n<p><strong>Modulistica<\/strong>:\u00a0<a href=\"https:\/\/ambsingapore.esteri.it\/wp-content\/uploads\/2023\/08\/formulario_visto_nazionale_ing-ita_nuovo.pdf\">Modulo Richiesta Visto Nazionale<\/a><\/p>\n<p><strong>Lista documenti da presentare in Ambasciata<\/strong><\/p>\n<p style=\"text-align: justify;\">Il visto per nomadi digitali e lavoratori da remoto si rivolge a cittadini stranieri che intendono svolgere in Italia un\u2019attivit\u00e0 lavorativa altamente qualificata ai sensi dell\u2019art. 27 quater comma 1 del Dlg 286\/98. Il visto \u00e8 destinato ai cosiddetti \u201cnomadi digitali\u201d, ovvero gli stranieri che svolgeranno attivit\u00e0 di lavoro autonomo attraverso l\u2019utilizzo di strumenti tecnologici che gli consentiranno di lavorare da remoto o ai \u201clavoratori da remoto\u201d, ovvero coloro che, attraverso l\u2019utilizzo di strumenti tecnologici che consentono di lavorare da remoto, svolger\u00e0 attivit\u00e0 di lavoro subordinato o di collaborazione secondo le modalit\u00e0 di cui all\u2019articolo 2, comma 1, del decreto legislativo 15 giugno 2015, n. 81.<\/p>\n<p style=\"text-align: justify;\">Si rammenta che il visto per Nomadi digitali o Lavoratori da remoto dovr\u00e0 essere richiesto anche dai cittadini di Paesi terzi esenti dall&#8217;obbligo del visto all&#8217;atto dell&#8217;attraversamento delle frontiere esterne degli stati membri per soggiorni la cui durata globale non sia superiore a 90 giorni su un periodo di 180 giorni.<\/p>\n<p style=\"text-align: justify;\"><strong>Come richiedere il visto<\/strong><\/p>\n<p style=\"text-align: justify;\">Le domande vanno presentate\u00a0<strong>almeno 15 giorni prima della data di viaggio.\u00a0<\/strong>L\u2019esame delle domande pu\u00f2 richiedere fino a 90 giorni per i lavoratori da remoto e 120 per i nomadi digitali. Una domanda incompleta potrebbe essere rifiutata o comportare tempi di trattazione pi\u00f9 lunghi.<\/p>\n<p style=\"text-align: justify;\">Il giorno dell\u2019appuntamento sar\u00e0 necessario fornire i seguenti documenti:<\/p>\n<ol style=\"text-align: justify;\">\n<li><a href=\"https:\/\/ambsingapore.esteri.it\/wp-content\/uploads\/2023\/07\/26.-formulario_visto_nazionale_ing-ita_nuovo.pdf\">Modulo di domanda\u00a0<\/a>debitamente compilato e firmato;<\/li>\n<li>Un passaporto valido (e una copia) che soddisfi i seguenti criteri:\n<ul>\n<li>la validit\u00e0 deve essere di almeno tre mesi in pi\u00f9 rispetto al visto richiesto;<\/li>\n<li>deve contenere almeno due pagine vuote;<\/li>\n<li>deve essere stato rilasciato negli ultimi 10 anni;<\/li>\n<\/ul>\n<\/li>\n<li>Una foto recente a colori, formato passaporto su sfondo bianco, datata meno di 6 mesi;<\/li>\n<li>Copia del Permesso di soggiorno di Singapore (PR, EP, Spass, etc) in corso di validit\u00e0;<\/li>\n<li>Copia di eventuali precedenti visti Schengen o di tipo \u201cD\u201d;<\/li>\n<li>All\u2019atto della presentazione della domanda di visto <strong>sia i \u201cnomadi digitali\u201d che i \u201clavoratori da remoto\u201d dovranno dimostrare<\/strong>:\n<ul>\n<li>a) di essere lavoratori altamente qualificati ai sensi dell\u2019art. 27 quater comma 1 del Dlg 286\/98. A tal fine il richiedente dovr\u00e0 presentare documentazione idonea attestante alternativamente:\n<ul>\n<li><u>Il possesso di un titolo di istruzione superiore di livello terziario<\/u> (rilasciato da una Universit\u00e0 competente nel paese dove \u00e8 stato conseguito) che attesti il completamento di un percorso di istruzione superiore di durata almeno triennale o <u>di una qualificazione professionale di livello post secondario<\/u> di durata almeno triennale o corrispondente almeno al livello 6 del Quadro nazionale delle qualificazioni di cui al decreto del Ministero del lavoro e delle politiche sociali dell\u20198 gennaio 2018, recante \u00abIstituzione del Quadro nazionale delle qualificazioni rilasciate nell\u2019ambito del Sistema nazionale di certificazione delle competenze di cui al decreto legislativo 16 gennaio 2013, n. 13\u00bb, pubblicato nella Gazzetta ufficiale n. 20 del 25 gennaio 2018;<\/li>\n<li><u>Il possesso dei requisiti previsti dal decreto legislativo 6 novembre 2007, n. 206, limitatamente all\u2019esercizio di professioni regolamentate<\/u>: Il possesso di tali requisiti deve essere attestato antecedentemente la domanda di visto da una delle Autorit\u00e0 Italiane indicate all\u2019articolo 5 del Decreto Legislativo 6 novembre 2007, n. 206, (vedasi\u00a0<a href=\"https:\/\/www.impresainungiorno.gov.it\/web\/l-impresa-e-l-europa\/list-of-regulated-professions\">Elenco Professioni regolamentate e autorit\u00e0 competenti \u2013 impresainungiorno.gov.it<\/a>). Ai fini del visto Il richiedente dovr\u00e0 pertanto produrre copia della suddetta attestazione.<\/li>\n<li><u>Il possesso di una qualifica professionale superiore attestata da almeno cinque anni di esperienza professionale<\/u> di livello paragonabile ai titoli d\u2019istruzione superiori di livello terziario, pertinenti alla professione o al settore specificato nel contratto di lavoro o all\u2019offerta vincolante;<br \/>\nPer provare il possesso di tale requisito il richiedente deve presentare i seguenti documenti rilasciati da Autorit\u00e0 Pubblica nel Paese dove tale esperienza \u00e8 stata conseguita (es. Camera di Commercio, Comune, Enti pubblici competenti, Enti previdenziali, ecc.):<\/p>\n<ul>\n<li>dati identificativi dell\u2019impresa e lo specifico settore di attivit\u00e0 in cui l\u2019impresa opera od ha operato;<\/li>\n<li>la posizione rivestita dall\u2019interessato all\u2019interno dell\u2019impresa (titolare, socio, dipendente);<\/li>\n<li>copia contratto di lavoro e\/o copie di buste paga relative al periodo lavorativo svolto (almeno due per ogni anno dichiarato);<\/li>\n<li>attestazione del datore di lavoro con descrizione delle esperienze conseguite all\u2019interno dell\u2019impresa ed indicazione delle date di inizio e fine rapporto.<\/li>\n<\/ul>\n<\/li>\n<li><u>Il possesso di una qualifica professionale superiore attestata da almeno tre anni di esperienza professionale pertinente acquisita nei sette anni precedenti la\u00a0 presentazione della domanda<\/u>, qualora il richiedente sia un dirigente o uno specialista nel settore delle tecnologie dell\u2019informazione e della comunicazione di cui alla classificazione ISCO-08, n. 133 e n. 25.<\/li>\n<\/ul>\n<\/li>\n<\/ul>\n<\/li>\n<\/ol>\n<p style=\"text-align: justify;\">La documentazione di cui ai punti i) ii) e iiii), rilasciata da autorit\u00e0\/soggetti NON appartenenti a Paesi UE deve essere presentata in copia autentica (o copia conforme all\u2019originale), dopo essere stata legalizzata dall\u2019Ambasciata\/Consolato italiano del Paese nel quale il documento \u00e8 stato originato o Apostillata dalle competenti Autorit\u00e0 e corredata dalla traduzione in lingua italiana. La traduzione dovr\u00e0 essere certificata conforme al testo originale.<br \/>\nIn particolare, con riferimento al titolo di istruzione superiore e relativa qualifica professionale di livello terziario, di cui al punto 1, in luogo della Dichiarazione di Valore \u00e8 possibile presentare l\u2019 attestazione di comparabilit\u00e0 rilasciata dal Centro di Informazione sulla Mobilit\u00e0 e le Equivalenze Accademiche (CIMEA).<\/p>\n<ul style=\"text-align: justify;\">\n<li>b) Di disporre di un reddito minimo annuo derivante da fonti lecite non inferiore al triplo del livello minimo previsto per l\u2019esenzione dalla partecipazione alla spesa sanitaria, pari a circa 8.500 euro; A tal fine gli interessati dovranno produrre:\n<ul>\n<li>Le buste paga degli ultimi 3 mesi;<\/li>\n<li>Gli estratti conto degli ultimi 3 mesi relativi ad un conto corrente a lui intestato a Singapore dal quale sia chiaramente visibile il salario;<\/li>\n<li>Gli estratti conto degli ultimi 3 mesi di una carta di credito internazionale personale o dei genitori;<\/li>\n<\/ul>\n<\/li>\n<li>c) Di disporre di una assicurazione sanitaria per cure mediche e ricovero ospedaliero valida per il territorio nazionale e per il periodo del soggiorno;<\/li>\n<li>d) Di disporre di una idonea sistemazione alloggiativa in Italia. A tal fine gli interessati potranno presentare:\n<ul>\n<li>contratto di locazione di un appartamento, debitamente registrato;<\/li>\n<\/ul>\n<\/li>\n<li>e) Di avere un\u2019esperienza pregressa di almeno sei mesi nell\u2019ambito dell\u2019attivit\u00e0 lavorativa da svolgere come nomade digitale o lavoratore da remoto.<\/li>\n<\/ul>\n<ol style=\"text-align: justify;\" start=\"7\">\n<li><strong>I \u201clavoratori da remoto\u201d dovranno inoltre presentare<\/strong>:\n<ul>\n<li>il contratto di lavoro o collaborazione o la relativa offerta vincolante per lo svolgimento di una attivit\u00e0 lavorativa che richiede il possesso di uno dei requisiti di cui all\u2019articolo 27 \u2013 quater, comma 1, del decreto legislativo 25 luglio 1998, n. 286. L\u2019importo della retribuzione annuale, come ricavato dal contratto di lavoro ovvero dall\u2019offerta vincolante, non deve essere inferiore alla retribuzione prevista nei contratti collettivi nazionali stipulati da associazioni sindacali comparativamente pi\u00f9 rappresentative sul piano nazionale, e comunque non inferiore alla retribuzione media annuale lorda come rilevata dall\u2019ISTAT e disponibile\u00a0<a href=\"http:\/\/dati.istat.it\/viewhtml.aspx?il=blank&amp;vh=0000&amp;vf=0&amp;vcq=1100&amp;graph=0&amp;view-metadata=1&amp;lang=it&amp;QueryId=12006\">cliccando qui<\/a>;<\/li>\n<li>una dichiarazione sottoscritta dal datore di lavoro, corredata da copia di documento di riconoscimento in corso di validit\u00e0, che attesti l\u2019assenza di condanne a suo carico, negli ultimi 5 anni, per reati di cui all\u2019articolo 22, comma 5- bis, del Testo Unico.<\/li>\n<\/ul>\n<\/li>\n<li>Copia di una prenotazione confermata di viaggio aereo;<\/li>\n<li>Il corrispettivo in SGD di 116\u20ac per il pagamento dei diritti consolari. Sar\u00e0 possibile effettuare il pagamento in contanti o via NETS con una maggiorazione di 0,60 SGD;<\/li>\n<\/ol>\n<p style=\"text-align: justify;\">Il permesso di soggiorno deve essere richiesto direttamente alla Questura della provincia in cui lo straniero si trova entro otto giorni lavorativi dall\u2019ingresso nel territorio dello Stato, anche nel caso in cui il visto abbia una durata inferiore ai 90 giorni.<\/p>\n<p style=\"text-align: justify;\">Ai fini della domanda di permesso di soggiorno lo straniero deve esibire la documentazione in originale presentata al momento della richiesta del visto vidimata dalla rappresentanza diplomatica consolare.<\/p>\n<p style=\"text-align: justify;\">Se necessario l\u2019Ambasciata pu\u00f2 richiedere documenti aggiuntivi e\/o un colloquio personale. La presentazione di tutti i documenti richiesti non garantisce l\u2019ottenimento di un visto.<\/p>\n<p style=\"text-align: justify;\">Le informazioni sopra menzionate possono essere soggette a modifiche senza preavviso. Non si accetta alcuna responsabilit\u00e0 per le conseguenze di tali cambiamenti.<\/p>\n","protected":false},"excerpt":{"rendered":"Motivo: Visto per nomadi digitali e lavoratori da remoto Tipologia: Visto Nazionale Durata: oltre 90 giorni Modulistica:\u00a0Modulo Richiesta Visto Nazionale Lista documenti da presentare in Ambasciata Il visto per nomadi digitali e lavoratori da remoto si rivolge a cittadini stranieri che intendono svolgere in Italia un\u2019attivit\u00e0 lavorativa altamente qualificata ai sensi dell\u2019art. 27 quater comma [&hellip;]","protected":false},"author":7,"featured_media":0,"parent":89,"menu_order":6,"comment_status":"closed","ping_status":"closed","template":"","meta":{"footnotes":""},"class_list":["post-3730","page","type-page","status-publish","hentry"],"_links":{"self":[{"href":"https:\/\/ambsingapore.esteri.it\/it\/wp-json\/wp\/v2\/pages\/3730","targetHints":{"allow":["GET"]}}],"collection":[{"href":"https:\/\/ambsingapore.esteri.it\/it\/wp-json\/wp\/v2\/pages"}],"about":[{"href":"https:\/\/ambsingapore.esteri.it\/it\/wp-json\/wp\/v2\/types\/page"}],"author":[{"embeddable":true,"href":"https:\/\/ambsingapore.esteri.it\/it\/wp-json\/wp\/v2\/users\/7"}],"replies":[{"embeddable":true,"href":"https:\/\/ambsingapore.esteri.it\/it\/wp-json\/wp\/v2\/comments?post=3730"}],"version-history":[{"count":3,"href":"https:\/\/ambsingapore.esteri.it\/it\/wp-json\/wp\/v2\/pages\/3730\/revisions"}],"predecessor-version":[{"id":4452,"href":"https:\/\/ambsingapore.esteri.it\/it\/wp-json\/wp\/v2\/pages\/3730\/revisions\/4452"}],"up":[{"embeddable":true,"href":"https:\/\/ambsingapore.esteri.it\/it\/wp-json\/wp\/v2\/pages\/89"}],"wp:attachment":[{"href":"https:\/\/ambsingapore.esteri.it\/it\/wp-json\/wp\/v2\/media?parent=3730"}],"curies":[{"name":"wp","href":"https:\/\/api.w.org\/{rel}","templated":true}]}}