{"id":42,"date":"2023-04-11T18:08:31","date_gmt":"2023-04-11T16:08:31","guid":{"rendered":"https:\/\/ambasciatapraga.esteri.it\/?page_id=42"},"modified":"2023-06-01T21:53:47","modified_gmt":"2023-06-01T13:53:47","slug":"la-rete-consolare","status":"publish","type":"page","link":"https:\/\/ambsingapore.esteri.it\/it\/chi-siamo\/la-rete-consolare\/","title":{"rendered":"La Rete Consolare"},"content":{"rendered":"<p><strong>Singapore<\/strong><\/p>\n<p>09 Raffles Place #33-01 Republic Plaza,<br \/>\nSingapore 048619<\/p>\n<p>Tel.+65 62506022<br \/>\nFax +65 62587237 &#8211; 62533301<\/p>\n<p>E-mail:\u00a0<strong><a href=\"mailto:%20consolare.singapore@esteri.it\">consolare.singapore@esteri.it<\/a><\/strong><\/p>\n<p><strong>Orario d&#8217;apertura:<\/strong><\/p>\n<p>Luned\u00ec,\u00a0Mercoled\u00ec e Venerd\u00ec: 09:30 &#8211; 11:30<br \/>\nMarted\u00ec e Gioved\u00ec: 14:00 &#8211; 15:30<\/p>\n<p>&nbsp;<\/p>\n<p><strong>Brunei<\/strong><\/p>\n<p>Corrispondente consolare:\u00a0<strong>Dott. Enrico Mandelli<\/strong><\/p>\n<p>Telefono:\u00a0<strong>+6737169453<\/strong><\/p>\n<p>E-mail:\u00a0<strong><a href=\"mailto:mandellienrico@gmail.com\">mandellienrico@gmail.com<\/a>\u00a0<\/strong><\/p>\n","protected":false},"excerpt":{"rendered":"Singapore 09 Raffles Place #33-01 Republic Plaza, Singapore 048619 Tel.+65 62506022 Fax +65 62587237 &#8211; 62533301 E-mail:\u00a0consolare.singapore@esteri.it Orario d&#8217;apertura: Luned\u00ec,\u00a0Mercoled\u00ec e Venerd\u00ec: 09:30 &#8211; 11:30 Marted\u00ec e Gioved\u00ec: 14:00 &#8211; 15:30 &nbsp; Brunei Corrispondente consolare:\u00a0Dott. Enrico Mandelli Telefono:\u00a0+6737169453 E-mail:\u00a0mandellienrico@gmail.com\u00a0","protected":false},"author":1,"featured_media":0,"parent":13,"menu_order":8,"comment_status":"closed","ping_status":"closed","template":"","meta":{"footnotes":""},"class_list":["post-42","page","type-page","status-publish","hentry"],"_links":{"self":[{"href":"https:\/\/ambsingapore.esteri.it\/it\/wp-json\/wp\/v2\/pages\/42","targetHints":{"allow":["GET"]}}],"collection":[{"href":"https:\/\/ambsingapore.esteri.it\/it\/wp-json\/wp\/v2\/pages"}],"about":[{"href":"https:\/\/ambsingapore.esteri.it\/it\/wp-json\/wp\/v2\/types\/page"}],"author":[{"embeddable":true,"href":"https:\/\/ambsingapore.esteri.it\/it\/wp-json\/wp\/v2\/users\/1"}],"replies":[{"embeddable":true,"href":"https:\/\/ambsingapore.esteri.it\/it\/wp-json\/wp\/v2\/comments?post=42"}],"version-history":[{"count":0,"href":"https:\/\/ambsingapore.esteri.it\/it\/wp-json\/wp\/v2\/pages\/42\/revisions"}],"up":[{"embeddable":true,"href":"https:\/\/ambsingapore.esteri.it\/it\/wp-json\/wp\/v2\/pages\/13"}],"wp:attachment":[{"href":"https:\/\/ambsingapore.esteri.it\/it\/wp-json\/wp\/v2\/media?parent=42"}],"curies":[{"name":"wp","href":"https:\/\/api.w.org\/{rel}","templated":true}]}}