{"id":45,"date":"2023-04-11T18:10:55","date_gmt":"2023-04-11T16:10:55","guid":{"rendered":"https:\/\/ambasciatapraga.esteri.it\/?page_id=45"},"modified":"2024-02-06T16:27:01","modified_gmt":"2024-02-06T08:27:01","slug":"diplomazia-scientifica","status":"publish","type":"page","link":"https:\/\/ambsingapore.esteri.it\/it\/italia-e-singapore\/diplomazia-scientifica\/","title":{"rendered":"Diplomazia scientifica"},"content":{"rendered":"<p style=\"text-align: justify;\">Con una popolazione di soli 5.7 Milioni di abitanti, Singapore \u00e8 la <strong>principale piazza finanziaria asiatica<\/strong>\u00a0e con un massimo grado di apertura al commercio, rappresenta il maggiore partner commerciale dell\u2019UE nel Sud-Est Asiatico. Il Prodotto Interno Lordo\u00a0<strong><u><a href=\"https:\/\/www.imf.org\/external\/datamapper\/NGDPD@WEO\/OEMDC\/ADVEC\/WEOWORLD\/SGP\">GDP (IMF 2023)<\/a><\/u><\/strong> ammontava a circa 521 miliardi di USD (<a href=\"https:\/\/www.imf.org\/external\/datamapper\/NGDPDPC@WEO\/SGP?zoom=SGP&amp;highlight=SGP\">91 mila USD pro-capite<\/a> e\u00a0<strong>quinto al mondo pro-capite per potere d\u2019acquisto<\/strong>). Il rapido sviluppo socio-economico\u00a0 si riflette in una eccellente competitivit\u00e0, come registrato dal quarto posto mondiale nel <strong><a href=\"https:\/\/www.imd.org\/centers\/wcc\/world-competitiveness-center\/rankings\/world-competitiveness-ranking\/\">Global Competitivness Index\u00a0<\/a><\/strong>del WEF, in discesa dal primo, e in un\u2019alta qualit\u00e0 della vita come registrato del suo 12\u00b0 posto mondiale nel\u00a0<strong><a href=\"https:\/\/worldpopulationreview.com\/country-rankings\/hdi-by-country\">Human Development Index (HDI).<\/a><\/strong><\/p>\n<p style=\"text-align: justify;\">Singapore si sta caratterizzando sempre di pi\u00f9 come il punto di riferimento dell\u2019alta tecnologia quali\u00a0<strong>elettronica, informatica, telecomunicazioni e biotecnologie<\/strong>, dove il governo di Singapore ha effettuato ingenti investimenti negli ultimi vent\u2019anni. Singapore \u00e8 uno dei Paesi fondatori dell\u2019<strong><a href=\"https:\/\/asean.org\/\">ASEAN<\/a><\/strong>\u00a0(la quinta economia del mondo dopo EU, USA, Cina e Giappone). Nel 2018 Singapore aveva assunto la\u00a0<strong>Presidenza dell\u2019ASEAN<\/strong>\u00a0e adottato lo slogan \u201c<strong>resilienza e innovazione<\/strong>\u201d. L\u2019ambizione della Presidenza di Singapore era quella di creare nel lungo periodo\u00a0<strong>un network di \u201csmartcities\u201d<\/strong>\u00a0all\u2019interno dell\u2019ASEAN e collegare i poli dedicati all\u2019innovazione favorendo sinergie regionali. A questo progetto si lega quello della cybersecurity. Singapore inoltre \u00e8 il secondo paese al mondo come\u00a0<strong>densit\u00e0 robotica<\/strong>\u00a0(circa 7%) per lavoratore in campo manufatturiero. Importanti sviluppi recenti, dovuti anche alle conseguenze del Covid-19, sono le maggiori attenzioni per una societ\u00e0 pi\u00f9 resiliente, ecologica e autosufficiente. In quest\u2019ottica si inseriscono i recenti piani\u00a0<strong><a href=\"https:\/\/www.ourfoodfuture.gov.sg\/30by30\/\">30by30<\/a><\/strong>\u00a0sull\u2019agrifood e il\u00a0<strong><a href=\"https:\/\/www.greenplan.gov.sg\/\">GreenPlan 2030<\/a><\/strong>.<\/p>\n<p style=\"text-align: justify;\"><strong>Innovation Index<\/strong>: nel\u00a0<strong><a href=\"https:\/\/www.wipo.int\/edocs\/pubdocs\/en\/wipo-pub-2000-2023-en-main-report-global-innovation-index-2023-16th-edition.pdf\">GII-2023\u00a0<\/a><\/strong>\u00e8 al\u00a0<strong>5\u00b0 posto mondiale<\/strong>. Ma \u00e8 sempre fra le prime al mondo nel Input Innovation sub-index che considera i 5 pilastri di input dell\u2019economia nazionale che consentono attivit\u00e0 innovative: (1) Istituzioni, (2) Capitale umano e ricerca, (3) Infrastrutture, (4) Sofisticazione del mercato e (5) Sofisticazione aziendale. Meno competitiva \u00e8 nell\u2019 Output Innovation sub-index dove si considerano i 2 pilastri che producono prove concrete di output di innovazione: (6) output di conoscenza e tecnologia, in cui si aggiudica il 10\u00ba posto e (7) output di creativit\u00e0, in cui si aggiudica la 18\u00baposizione. E\u2019 un hub di startup risultando (secondo il report\u00a0<strong><a href=\"https:\/\/startupgenome.com\/report\/gser2023\">GENOME<\/a><\/strong>\u00a0startup) l\u2019ottavo ecosistema al mondo e\u00a0<strong>fra i primi al mondo come connettivit\u00e0 e come talento<\/strong>. Quinta citt\u00e0 al mondo, e prima in Asia, pi\u00f9 innovativa (secondo Bloomberg e Insead) con oltre 55.000 startups (fonte\u00a0<a href=\"https:\/\/www.edb.gov.sg\/en\/our-industries\/industries-and-key-activities\/innovation.html\"><strong>EDB<\/strong><\/a>).<\/p>\n<p style=\"text-align: justify;\"><strong>Investimenti pubblici e privati in R&amp;D<\/strong>: con il 2.64% di investimenti in R&amp;D (in percentuale GDP) \u00e8 all\u201911\u00b0 posto al mondo ma \u00e8 il primo al mondo come investimenti in R&amp;D per capita. Nel mese di Dicembre 2020, il governo di Singapore ha approvato il piano quinquennale 2021-2025 su Ricerca, Innovazione e Impresa (<a href=\"https:\/\/www.nrf.gov.sg\/rie2025-plan\"><strong>RIE2025<\/strong><\/a>). E\u2019 questo il settimo piano quinquennale e prevede un investimento pubblico complessivo di 25 Miliardi di SGD (pari a circa 1% del GDP), con un considerevole aumento di circa il 30% rispetto al piano precedente RIE2020 e oltre 10 volte il primo piano NTP1995. Quattro aree strategiche sono state individuate:\u00a0<strong>Manifattura, commercio e connettivit\u00e0; Salute umana; Soluzioni urbane e sostenibilit\u00e0 ambientale; Smart nation ed economia digitale<\/strong>. Un terzo degli investimenti sar\u00e0 dedicato alla ricerca di base e una particolare attenzione sar\u00e0 dedicata allo sviluppo di talenti per la crescita e la formazione di scienziati e ingegneri. Verranno anche potenziate le piattaforme e i centri di Innovazione e Impresa per il trasferimento tecnologico e lo sviluppo di prodotti innovativi, per esempio nel campo della diagnostica medica o della robotica. Per fare fronte a nuove tematiche di ricerca e nuove possibili esigenze o opportunit\u00e0 che potranno emergere nel quinquennio, quasi un sesto delle risorse viene lasciato con assegnazione flessibile. Elemento chiave in tutti questi settori \u00e8 l\u2019uso dell\u2019<strong>Intelligenza Artificiale<\/strong> (AI). A tal proposito Singapore ha appena lanciato il <a href=\"https:\/\/www.smartnation.gov.sg\/nais\/\">Secondo Piano Nazionale su AI<\/a> . Recente \u00e8 anche il crescente interesse di Singapore nelle <a href=\"https:\/\/www.space.gov.sg\/\">Tecnologie per lo Spazio<\/a>.<\/p>\n<p style=\"text-align: justify;\"><strong>Numero Ricercatori<\/strong>: Singapore si colloca anche al\u00a0<strong>settimo posto<\/strong>\u00a0a livello mondiale per\u00a0<strong>numero di ricercatori<\/strong>\u00a0in rapporto alla sua popolazione con un aumento crescente di numero di possessori del dottorato di ricerca e con un numero delle persone occupate in attivit\u00e0 di ricerca e sviluppo in continua crescita.<\/p>\n<p style=\"text-align: justify;\"><strong>Educazione Superiore e Universitaria : Singapore \u00e8 il primo Paese al mondo in matematica, lettura e scienze<\/strong>\u00a0nei risultati dell\u2019ultimo\u00a0<strong><a href=\"https:\/\/www.oecd.org\/publication\/pisa-2022-results\/webbooks\/dynamic\/pisa-country-notes\/2f72624e\/pdf\/singapore.pdf\">PISA Test 2022<\/a> <\/strong>(Programme for International Student Assessment).Singapore rappresenta uno dei pochi paesi al\u00a0 mondo che ha mostrato miglioramenti progressivi nei test PISA nel corso degli anni. \u00a0\u00a0A livello di Universit\u00e0, la Nanyang Technological University (<strong><a href=\"https:\/\/www.ntu.edu.sg\/\">NTU<\/a><\/strong><strong>, <\/strong><strong>26esima posizione al mondo<\/strong>) e la National University of Singapore (<a href=\"http:\/\/nus.edu.sg\/\"><strong>NUS<\/strong><\/a>, <strong>ottava posizione<\/strong>), nelle graduatorie mondiale si collocano fra le\u00a0<strong>migliori 30 universit\u00e0 al mondo<\/strong>\u00a0secondo il database\u00a0<strong><a href=\"https:\/\/www.topuniversities.com\/world-university-rankings?page=1\">QS2024<\/a><\/strong>. In particolare, queste Universit\u00e0 sono ai massimi livelli mondiali nei campi dell\u2019<strong>ingegneria e tecnologia<\/strong>, dell\u2019<strong>energia<\/strong>, dell\u2019<strong>elettronica<\/strong>, della\u00a0<strong>fisica dei materiali<\/strong>\u00a0e delle\u00a0<strong>scienze naturali<\/strong>. Altre Universit\u00e0 sono la Singapore University of Technology and Design (<a href=\"https:\/\/www.sutd.edu.sg\/\"><strong>SUTD<\/strong><\/a>), la Singapore Management University (<a href=\"https:\/\/www.smu.edu.sg\/\"><strong>SMU<\/strong><\/a>),il Singapore Institute of Technology (<a href=\"https:\/\/www.singaporetech.edu.sg\/\"><strong>SIT<\/strong><\/a>), la Singapore University of Social Science (<a href=\"https:\/\/www.suss.edu.sg\/\"><strong>SUSS<\/strong><\/a>) il Management and Development Institute of Singapore (<a href=\"https:\/\/www.mdis.edu.sg\/\"><strong>MDIS<\/strong><\/a>), la James Cook University (<a href=\"https:\/\/www.jcu.edu.sg\/\"><strong>JCU<\/strong><\/a>) , la\u00a0<a href=\"https:\/\/www.murdoch.sg\/\"><strong>Murdoch University<\/strong><\/a>.<\/p>\n<p style=\"text-align: justify;\"><strong>Agenzie di ricerca<\/strong>\u00a0: La\u00a0<a href=\"https:\/\/snas.org.sg\/\"><strong>SNAS<\/strong><\/a>\u00a0(Singapore National Academy of Science), promuove a tutto campo partenariati con i maggiori atenei e centri di ricerca internazionali in un\u2019ottica di sviluppo della ricerca multi-disciplinare e multi-nazionale. Un attore importantissimo nel campo scientifico e tecnologico di Singapore \u00e8 l\u2019agenzia\u00a0<a href=\"https:\/\/www.a-star.edu.sg\/\"><strong>A*STAR<\/strong><\/a>\u00a0(Agency for Science. Technology And Research), principale agenzia finanziatrice della ricerca con finalit\u00e0 principalmente applicative, all\u2019avanguardia nel campo biomedico, genetica, chimica e scienza dei materiali e che ha numerose collaborazioni internazionali. A*STAR \u00e8 costituita dal\u00a0<strong>Biomedical Research Council (BMRC)<\/strong>, che tramite 10 Istituti supervisiona le attivit\u00e0 di ricerca pubbliche nel campo delle scienze biomediche, dal\u00a0<strong>Science and Engineering Research Council (SERC)<\/strong>, che tramite 9 Istituti e 4 piattaforme nazionali \u00e8 responsabile delle attivit\u00e0 di ricerca pubbliche nel campo della fisica e dell\u2019ingegneria, dal\u00a0<strong>A*STAR Graduate Academy (A*GA)<\/strong>, che gestisce borse di studio e coordina programmi di collaborazione interuniversitari, dal\u00a0<strong>A*ccelerate<\/strong>\u00a0che facilita il trasferimento tecnologico all\u2019industria.<\/p>\n<p style=\"text-align: justify;\"><strong>Centri di Ricerca e InnovazioneTecnologica<\/strong>\u00a0: A Singapore sono presenti molti centi di ricerca e innovazione tecnologica in cui spesso convergono in maniera sinergica attori pubblici, privati, univerist\u00e0. Uno di questi \u00e8\u00a0<a href=\"https:\/\/www.nrf.gov.sg\/programmes\/create\"><strong>CREATE<\/strong><\/a>\u00a0(Campus for Research Excellence and Technological Enterprise) della NSF in cui sono coinvolte dieci fra le pi\u00f9 prestigiose Universit\u00e0 straniere (fra cui MIT, ETH, TUM) oltre a quelle di Singapore e che \u00e8 dedicato a settori di ricerca che si traducono in applicazioni dirette in benefici economici e sociali. Le Universit\u00e0 locali, insieme ad imprese ad alto profilo tecnologico, hanno realizzato\u00a0<a href=\"https:\/\/www.nrf.gov.sg\/programmes\/corporate-laboratories-in-universities\"><strong>University Corporate Lab<\/strong><\/a>\u00a0e infrastrutture per la ricerca come\u00a0<a href=\"https:\/\/www.pharmaceutical-technology.com\/projects\/biopolis\/\"><strong>Biopolis<\/strong><\/a>\u00a0nel campo biomedicale o\u00a0<a href=\"https:\/\/www.jtc.gov.sg\/industrial-land-and-space\/Pages\/fusionopolis.aspx\"><strong>Fusionopolis<\/strong><\/a>\u00a0nel campo ICT integrano istituzioni pubbliche, enti di ricerca e imprese private.<\/p>\n<p style=\"text-align: justify;\">Numerose sono le sinergie fra Governo, Enti di Ricerca, Universit\u00e0 e mondo delle imprese. Ad esempio, similmente al BLK71 di San Francisco, il\u00a0<a href=\"https:\/\/singapore.block71.co\/\"><strong>BLOCK71<\/strong><\/a>\u00a0\u00e8 un luogo dove NUS Enterprise, in collaborazione con la compagnia telefonica Singtel e con aziende governative, ha favorito l\u2019insediamento oltre 600 fra Incubatori\/Acceleratori e Startup tecnologiche in un ecosistema di 17mila metri quadri su 7 piani. Il governo di Singapore ha recentemente ricostruito e rinnovato anche BLK 73 e BLK79 adiacenti al BLK71 per incentivare simi cheli collaborazioni virtuose. Inoltre nel 2016 \u00e8 stata creata\u00a0<a href=\"https:\/\/www.sginnovate.com\/\"><strong>SGInnovate<\/strong><\/a>\u00a0\u00e8 un\u2019organizzazione interamente di propriet\u00e0 del governo di Singapore la cui missione \u00e8 aiutare gli scienziati imprenditoriali a costruire startup DeepTech. Moltissime multinazionali nel campo del software, e-commerce, fintech, data handling hanno realizzato centri di Innovazione a Singapore (Google, PayPal, Visa, Microsoft, IBM, Expedia, Oracle, Philips e molte altre).<\/p>\n<p style=\"text-align: justify;\">\n","protected":false},"excerpt":{"rendered":"Con una popolazione di soli 5.7 Milioni di abitanti, Singapore \u00e8 la principale piazza finanziaria asiatica\u00a0e con un massimo grado di apertura al commercio, rappresenta il maggiore partner commerciale dell\u2019UE nel Sud-Est Asiatico. Il Prodotto Interno Lordo\u00a0GDP (IMF 2023) ammontava a circa 521 miliardi di USD (91 mila USD pro-capite e\u00a0quinto al mondo pro-capite per [&hellip;]","protected":false},"author":1,"featured_media":0,"parent":14,"menu_order":4,"comment_status":"closed","ping_status":"closed","template":"","meta":{"footnotes":""},"class_list":["post-45","page","type-page","status-publish","hentry"],"_links":{"self":[{"href":"https:\/\/ambsingapore.esteri.it\/it\/wp-json\/wp\/v2\/pages\/45","targetHints":{"allow":["GET"]}}],"collection":[{"href":"https:\/\/ambsingapore.esteri.it\/it\/wp-json\/wp\/v2\/pages"}],"about":[{"href":"https:\/\/ambsingapore.esteri.it\/it\/wp-json\/wp\/v2\/types\/page"}],"author":[{"embeddable":true,"href":"https:\/\/ambsingapore.esteri.it\/it\/wp-json\/wp\/v2\/users\/1"}],"replies":[{"embeddable":true,"href":"https:\/\/ambsingapore.esteri.it\/it\/wp-json\/wp\/v2\/comments?post=45"}],"version-history":[{"count":3,"href":"https:\/\/ambsingapore.esteri.it\/it\/wp-json\/wp\/v2\/pages\/45\/revisions"}],"predecessor-version":[{"id":3140,"href":"https:\/\/ambsingapore.esteri.it\/it\/wp-json\/wp\/v2\/pages\/45\/revisions\/3140"}],"up":[{"embeddable":true,"href":"https:\/\/ambsingapore.esteri.it\/it\/wp-json\/wp\/v2\/pages\/14"}],"wp:attachment":[{"href":"https:\/\/ambsingapore.esteri.it\/it\/wp-json\/wp\/v2\/media?parent=45"}],"curies":[{"name":"wp","href":"https:\/\/api.w.org\/{rel}","templated":true}]}}