{"id":4882,"date":"2025-01-14T12:51:01","date_gmt":"2025-01-14T04:51:01","guid":{"rendered":"https:\/\/ambsingapore.esteri.it\/?page_id=4882"},"modified":"2025-01-14T16:22:27","modified_gmt":"2025-01-14T08:22:27","slug":"riconoscimento-in-italia-di-adozione-a-singapore","status":"publish","type":"page","link":"https:\/\/ambsingapore.esteri.it\/it\/servizi-consolari-e-visti\/servizi-per-il-cittadino-italiano\/servizi-notarili\/riconoscimento-in-italia-di-adozione-a-singapore\/","title":{"rendered":"Riconoscimento in Italia di adozione a Singapore"},"content":{"rendered":"<p style=\"text-align: justify;\">I genitori adottanti, di cui almeno uno in possesso della cittadinanza italiana, residenti a Singapore da almeno due anni continuativi ed iscritti all\u2019AIRE presso la circoscrizione di Singapore, potranno presentare, presso l\u2019Ufficio Consolare di Singapore, l\u2019istanza al Tribunale per i Minorenni competente per richiedere la dichiarazione di efficacia in Italia del provvedimento di adozione a Singapore.<\/p>\n<p style=\"text-align: justify;\">Il minore straniero adottato da cittadini italiani acquista automaticamente la cittadinanza italiana per effetto della trascrizione del provvedimento di adozione nei registri dello stato civile del competente comune italiano.<\/p>\n<p style=\"text-align: justify;\"><strong>MODALIT\u00c0 DI PRENOTAZIONE E COSTO DEL SERVIZIO<\/strong><\/p>\n<p style=\"text-align: justify;\">Una volta in possesso della suddetta documentazione, gli interessati dovranno fissare un appuntamento tramite il sistema <a href=\"https:\/\/prenotami.esteri.it\/\">Prenot@mi<\/a> sul portale dell\u2019Ambasciata d\u2019Italia a Singapore e inviare, almeno 3 giorni prima dell\u2019appuntamento, una email all\u2019indirizzo <a href=\"mailto:consolare.singapore@esteri.it\">consolare.singapore@esteri.it<\/a> allegando tutta la documentazione richiesta per visione e conferma.<\/p>\n<p style=\"text-align: justify;\">Per le pratiche di adozione NON \u00e8 previsto il pagamento di diritti consolari.<\/p>\n<p style=\"text-align: justify;\"><strong>DOCUMENTAZIONE RICHIESTA<\/strong><\/p>\n<ol>\n<li style=\"text-align: justify;\"><a href=\"https:\/\/ambsingapore.esteri.it\/wp-content\/uploads\/2025\/01\/005-Modello-Domanda-Riconoscimento-Adozione.docx\">Modello domanda di riconoscimento di adozione<\/a> che andr\u00e0 compilata ma non firmata;<\/li>\n<li style=\"text-align: justify;\">Atto integrale di nascita dell\u2019adottato, rilasciato prima dell\u2019adozione a Singapore.\n<ul>\n<li>Se il minore <strong>non \u00e8 nato a Singapore<\/strong>, si dovr\u00e0 presentare l\u2019atto integrale di nascita rilasciato dal Paese di origine. Tale atto dovr\u00e0 essere legalizzato e tradotto in Italiano. Per la traduzione e la legalizzazione si invita a visitare il sito del Ufficio Consolare italiano competente nel Paese che ha rilasciato il certificato. La legalizzazione deve essere effettuata con <a href=\"https:\/\/legalisation.sal.sg\/App\/Templates\/LegalisationPoster.pdf\">apostilla<\/a>, se il Paese ha firmato la Convenzione dell\u2019Aja del 05.10.1961. Se il Paese non \u00e8 firmatario di tale Convenzione, la legalizzazione deve essere effettuata dall\u2019Ambasciata\/Consolato competente per il Paese di rilascio. La traduzione in italiano, effettuata da un traduttore ufficiale, deve essere certificata dall\u2019Ambasciata\/Consolato italiano competente o legalizzata con apostilla;<\/li>\n<li>Se il minore adottato <strong>\u00e8 nato a Singapore<\/strong>, si dovr\u00e0 presentare il \u201cfull birth certificate\u201d rilasciato da <a href=\"https:\/\/www.ica.gov.sg\/\">The Immigration and Checkpoints Authority (ICA)<\/a>. Tale atto dovr\u00e0 essere legalizzato tramite apostilla da <a href=\"https:\/\/legalisation.sal.sg\/App\/Templates\/LegalisationPoster.pdf\">Singapore Academy of Law (SAL)<\/a>. L\u2019atto dovr\u00e0 essere tradotto in italiano. La traduzione pu\u00f2 essere fatta anche dagli interessati, purch\u00e9 completa e corretta. La procedura per ottenere il certificato \u00e8 disponibile <a href=\"https:\/\/ambsingapore.esteri.it\/it\/servizi-consolari-e-visti\/servizi-per-il-cittadino-italiano\/stato-civile\/trascrizione-atto-di-nascita\/\">qui<\/a>.<\/li>\n<\/ul>\n<\/li>\n<li style=\"text-align: justify;\">Atto di nascita di Singapore, rilasciato successivamente all\u2019adozione. Tale atto dovr\u00e0 essere legalizzato e tradotto in italiano (vedi punto 2);<\/li>\n<li style=\"text-align: justify;\">Sentenza di adozione di Singapore, <a href=\"https:\/\/legalisation.sal.sg\/App\/Templates\/LegalisationPoster.pdf\">legalizzata<\/a> come sopra, con traduzione in lingua italiana;<\/li>\n<li style=\"text-align: justify;\">Fotocopie dei documenti di identit\u00e0 dei genitori adottivi e del minore.<\/li>\n<\/ol>\n","protected":false},"excerpt":{"rendered":"I genitori adottanti, di cui almeno uno in possesso della cittadinanza italiana, residenti a Singapore da almeno due anni continuativi ed iscritti all\u2019AIRE presso la circoscrizione di Singapore, potranno presentare, presso l\u2019Ufficio Consolare di Singapore, l\u2019istanza al Tribunale per i Minorenni competente per richiedere la dichiarazione di efficacia in Italia del provvedimento di adozione a [&hellip;]","protected":false},"author":7,"featured_media":0,"parent":71,"menu_order":0,"comment_status":"closed","ping_status":"closed","template":"","meta":{"footnotes":""},"class_list":["post-4882","page","type-page","status-publish","hentry"],"_links":{"self":[{"href":"https:\/\/ambsingapore.esteri.it\/it\/wp-json\/wp\/v2\/pages\/4882","targetHints":{"allow":["GET"]}}],"collection":[{"href":"https:\/\/ambsingapore.esteri.it\/it\/wp-json\/wp\/v2\/pages"}],"about":[{"href":"https:\/\/ambsingapore.esteri.it\/it\/wp-json\/wp\/v2\/types\/page"}],"author":[{"embeddable":true,"href":"https:\/\/ambsingapore.esteri.it\/it\/wp-json\/wp\/v2\/users\/7"}],"replies":[{"embeddable":true,"href":"https:\/\/ambsingapore.esteri.it\/it\/wp-json\/wp\/v2\/comments?post=4882"}],"version-history":[{"count":3,"href":"https:\/\/ambsingapore.esteri.it\/it\/wp-json\/wp\/v2\/pages\/4882\/revisions"}],"predecessor-version":[{"id":4994,"href":"https:\/\/ambsingapore.esteri.it\/it\/wp-json\/wp\/v2\/pages\/4882\/revisions\/4994"}],"up":[{"embeddable":true,"href":"https:\/\/ambsingapore.esteri.it\/it\/wp-json\/wp\/v2\/pages\/71"}],"wp:attachment":[{"href":"https:\/\/ambsingapore.esteri.it\/it\/wp-json\/wp\/v2\/media?parent=4882"}],"curies":[{"name":"wp","href":"https:\/\/api.w.org\/{rel}","templated":true}]}}