{"id":4899,"date":"2025-01-14T14:39:26","date_gmt":"2025-01-14T06:39:26","guid":{"rendered":"https:\/\/ambsingapore.esteri.it\/?page_id=4899"},"modified":"2025-01-17T11:04:42","modified_gmt":"2025-01-17T03:04:42","slug":"dichiarazione-sostitutiva-di-atto-notorio","status":"publish","type":"page","link":"https:\/\/ambsingapore.esteri.it\/it\/servizi-consolari-e-visti\/servizi-per-il-cittadino-italiano\/servizi-notarili\/autocertificazioni-dichiarazioni-sostitutive-e-atti-notori\/dichiarazione-sostitutiva-di-atto-notorio\/","title":{"rendered":"Dichiarazione sostitutiva di atto notorio"},"content":{"rendered":"<p style=\"text-align: justify;\">La <a href=\"https:\/\/ambsingapore.esteri.it\/wp-content\/uploads\/2025\/01\/002-Modello-Dichiarazione-sostitutiva-atto-notorieta.docx\">dichiarazione sostitutiva dell\u2019atto di notoriet\u00e0<\/a> \u00e8 un documento, redatto in carta semplice, tramite il quale posso essere riportati stati (essere proprietario di un immobile, essere erede di una certa persona, \u2026), qualit\u00e0 personali (essere titolare d\u2019impresa; non essere soggetto all\u2019imposta sui redditi, \u2026) o fatti (avere subito danni a causa di una calamit\u00e0 naturale, \u2026) di cui il dichiarante sia a diretta conoscenza. La dichiarazione pu\u00f2 anche sostituire l\u2019attestazione di conformit\u00e0 all\u2019originale per le fotocopie di documenti conservati o rilasciati da una pubblica amministrazione, copie di pubblicazioni, di titoli di studio o di servizio e di documenti fiscali conservati da privati (registri, fatture, \u2026). Per altri tipi di documenti \u00e8 necessario presentare una fotocopia autenticata. Il firmatario si assume la responsabilit\u00e0 personale di quanto dichiarato.<\/p>\n<p style=\"text-align: justify;\"><strong>COSA NON PU\u00d2 RIGUARDARE<\/strong>:<\/p>\n<ol style=\"text-align: justify;\">\n<li>Stati (essere proprietario di un immobile, essere erede di una certa persona, \u2026), qualit\u00e0 personali (essere titolare d\u2019impresa; non essere soggetto all\u2019imposta sui redditi, \u2026) o fatti (avere subito danni a causa di una calamit\u00e0 naturale, \u2026) che <a href=\"https:\/\/www.normattiva.it\/uri-res\/N2Ls?urn:nir:stato:decreto.del.presidente.della.repubblica:2000-12-28;445\">la legge<\/a> prevede debbano essere oggetto di atto notorio o che, al contrario, possano essere autocertificati;<\/li>\n<li>certificati medici, sanitari, veterinari, di origine, di conformit\u00e0 CE, di marchi o brevetti, (per questi \u00e8 necessario presentare i certificati stessi);<\/li>\n<li>manifestazioni di volont\u00e0 (rinunce, accettazioni, procure, \u2026).<\/li>\n<\/ol>\n<p style=\"text-align: justify;\">NB: in molti casi, quindi, la dichiarazione sostitutiva non viene richiesta, perch\u00e9 sufficiente l\u2019autocertificazione. Si invitano pertanto gli interessati a verificare autonomamente quale atto venga richiesto nel proprio caso specifico.<\/p>\n<p style=\"text-align: justify;\"><strong>CON CHI SI PU\u00d2 USARE<\/strong>:<\/p>\n<ol style=\"text-align: justify;\">\n<li>con la pubblica amministrazione (Comuni, Consolati, \u2026);<\/li>\n<li>con i gestori di servizi pubblici (ENEL, Aci, Telecom, \u2026);<\/li>\n<li>con i privati (banche, assicurazioni, aziende, ecc..), a patto che questi acconsentano a riceverla e che l\u2019interessato stesso presti il suo consenso al controllo dei dati presso l\u2019Amministrazione che li detiene. In questo caso, quindi, gli interessati dovranno innanzitutto verificare con l\u2019ente privato in questione se sia necessario produrre un vero e proprio atto notorio o se la dichiarazione sostitutiva sia sufficiente.<\/li>\n<\/ol>\n<p style=\"text-align: justify;\"><strong>CHI PU\u00d2 SOTTOSCRIVERLA<\/strong>:<\/p>\n<ol style=\"text-align: justify;\">\n<li>maggiorenni cittadini italiani;<\/li>\n<li>maggiorenni cittadini di paesi membri dell\u2019UE;<\/li>\n<li>maggiorenni cittadini extracomunitari regolarmente soggiornanti in Italia (solo se i dati ed i fatti oggetto di dichiarazione possono essere verificati presso soggetti pubblici italiani e per quelle materie per le quali esiste una convenzione tra l\u2019Italia ed il loro paese di provenienza).<\/li>\n<\/ol>\n<p style=\"text-align: justify;\"><strong>COME SI PRESENTA<\/strong>:<\/p>\n<p style=\"text-align: justify;\">Nella maggior parte dei casi, le <a href=\"https:\/\/ambsingapore.esteri.it\/wp-content\/uploads\/2025\/01\/002-Modello-Dichiarazione-sostitutiva-atto-notorieta.docx\">dichiarazioni sostitutive di atto notorio<\/a> non necessitano di autentica di firma, ma sar\u00e0 necessario allegare alla dichiarazione firmata una copia di un documento di identit\u00e0 in corso di validit\u00e0 del firmatario.<\/p>\n<p style=\"text-align: justify;\">L\u2019autentica di firma \u00e8 invece richiesta quando la dichiarazione debba essere presentata:<\/p>\n<ol style=\"text-align: justify;\">\n<li>a soggetti privati, come banche, assicurazioni, ecc.;<\/li>\n<li>a soggetti pubblici ai fini della riscossione di benefici economici da parte di terzi (ad esempio la delega alla riscossione della pensione).<\/li>\n<\/ol>\n<p style=\"text-align: justify;\"><strong>MODALIT\u00c0 DI PRENOTAZIONE E COSTO DEL SERVIZIO<\/strong><\/p>\n<p style=\"text-align: justify;\">Per usufruire di tutti i servizi \u00e8 necessario fissare un appuntamento tramite il sistema <a href=\"https:\/\/prenotami.esteri.it\/\">Prenot@mi<\/a> sul portale dell\u2019Ambasciata d\u2019Italia a Singapore e inviare, almeno 3 giorni prima dell\u2019appuntamento, una email all\u2019indirizzo <a href=\"mailto:consolare.singapore@esteri.it\">consolare.singapore@esteri.it<\/a> allegando una bozza della dichiarazione per presa visione.<\/p>\n<p>Il pagamento dei servizi notarili deve essere effettuato allo sportello consolare in dollari di Singapore o tramite circuito NETS. Per conoscere le tariffe \u00e8 possibile consultare la\u00a0<a href=\"https:\/\/www.esteri.it\/mae\/resource\/doc\/2017\/02\/tariffa_consolare_aggiornata__2017.pdf\">tabella dei diritti consolari<\/a>\u00a0emessa dal Ministero degli Affari Esteri e della Cooperazione Internazionale.<\/p>\n<p style=\"text-align: justify;\">I cittadini stranieri ed i cittadini italiani che siano impossibilitati a recarsi presso l\u2019Ufficio Consolare di Singapore potranno rivolgersi ad un qualsiasi notaio pubblico di Singapore per ottenere l\u2019autentica di firma sulla dichiarazione sostitutiva e la relativa legalizzazione tramite apostilla necessaria a rendere l\u2019atto valido in Italia eseguita da <a href=\"https:\/\/legalisation.sal.sg\/App\/Templates\/LegalisationPoster.pdf\">Singapore Academy of Law (SAL)<\/a>. Una lista non esaustiva di notai noti a questo Ufficio Consolare \u00e8 disponibile <a href=\"https:\/\/legalisation.sal.sg\/Directory\">qui<\/a>.<\/p>\n","protected":false},"excerpt":{"rendered":"La dichiarazione sostitutiva dell\u2019atto di notoriet\u00e0 \u00e8 un documento, redatto in carta semplice, tramite il quale posso essere riportati stati (essere proprietario di un immobile, essere erede di una certa persona, \u2026), qualit\u00e0 personali (essere titolare d\u2019impresa; non essere soggetto all\u2019imposta sui redditi, \u2026) o fatti (avere subito danni a causa di una calamit\u00e0 naturale, [&hellip;]","protected":false},"author":7,"featured_media":0,"parent":4885,"menu_order":0,"comment_status":"closed","ping_status":"closed","template":"","meta":{"footnotes":""},"class_list":["post-4899","page","type-page","status-publish","hentry"],"_links":{"self":[{"href":"https:\/\/ambsingapore.esteri.it\/it\/wp-json\/wp\/v2\/pages\/4899","targetHints":{"allow":["GET"]}}],"collection":[{"href":"https:\/\/ambsingapore.esteri.it\/it\/wp-json\/wp\/v2\/pages"}],"about":[{"href":"https:\/\/ambsingapore.esteri.it\/it\/wp-json\/wp\/v2\/types\/page"}],"author":[{"embeddable":true,"href":"https:\/\/ambsingapore.esteri.it\/it\/wp-json\/wp\/v2\/users\/7"}],"replies":[{"embeddable":true,"href":"https:\/\/ambsingapore.esteri.it\/it\/wp-json\/wp\/v2\/comments?post=4899"}],"version-history":[{"count":3,"href":"https:\/\/ambsingapore.esteri.it\/it\/wp-json\/wp\/v2\/pages\/4899\/revisions"}],"predecessor-version":[{"id":5222,"href":"https:\/\/ambsingapore.esteri.it\/it\/wp-json\/wp\/v2\/pages\/4899\/revisions\/5222"}],"up":[{"embeddable":true,"href":"https:\/\/ambsingapore.esteri.it\/it\/wp-json\/wp\/v2\/pages\/4885"}],"wp:attachment":[{"href":"https:\/\/ambsingapore.esteri.it\/it\/wp-json\/wp\/v2\/media?parent=4899"}],"curies":[{"name":"wp","href":"https:\/\/api.w.org\/{rel}","templated":true}]}}