{"id":4904,"date":"2025-01-14T14:42:36","date_gmt":"2025-01-14T06:42:36","guid":{"rendered":"https:\/\/ambsingapore.esteri.it\/?page_id=4904"},"modified":"2025-01-17T11:44:19","modified_gmt":"2025-01-17T03:44:19","slug":"autocertificazione","status":"publish","type":"page","link":"https:\/\/ambsingapore.esteri.it\/it\/servizi-consolari-e-visti\/servizi-per-il-cittadino-italiano\/servizi-notarili\/autocertificazioni-dichiarazioni-sostitutive-e-atti-notori\/autocertificazione\/","title":{"rendered":"Autocertificazione"},"content":{"rendered":"<p style=\"text-align: justify;\">L\u2019autocertificazione \u00e8 una dichiarazione che sostituisce i certificati solitamente rilasciati dalle pubbliche amministrazione e dai gestori di pubblici servizi. Viene redatta in carta semplice e firmata dal soggetto interessato, che si assume la responsabilit\u00e0 personale di quanto dichiarato (<a href=\"https:\/\/www.normattiva.it\/uri-res\/N2Ls?urn:nir:stato:decreto.del.presidente.della.repubblica:2000-12-28;445\">D.P.R. 445\/2000<\/a>).<\/p>\n<p style=\"text-align: justify;\"><strong>COSA SI PU\u00d2 AUTOCERTIFICARE<\/strong>:<\/p>\n<ol style=\"text-align: justify;\">\n<li>stati(essere proprietario di un immobile, essere erede di una certa persona, \u2026),<\/li>\n<li>qualit\u00e0 personali (essere titolare d\u2019impresa; non essere soggetto all\u2019imposta sui redditi, \u2026),<\/li>\n<li>fatti\u00a0(avere subito danni a causa di una calamit\u00e0 naturale, \u2026) certificabili dalla pubblica amministrazione, tranne quelli che necessitano di essere dichiarati tramite atto notorio.<\/li>\n<\/ol>\n<p style=\"text-align: justify;\"><strong>CON CHI SI PU\u00d2 USARE<\/strong>:<\/p>\n<ol style=\"text-align: justify;\">\n<li>con la pubblica amministrazione (Comuni, Consolati, \u2026);<\/li>\n<li>con i gestori di servizi pubblici (ENEL, Aci, Telecom, \u2026);<\/li>\n<li>con i privati (banche, assicurazioni, aziende, ecc..) che sono obbligati ad accettarla in base alla <a href=\"https:\/\/www.normattiva.it\/uri-res\/N2Ls?urn:nir:stato:legge:2020-09-11;120\"> 120\/2020<\/a>.<\/li>\n<\/ol>\n<p style=\"text-align: justify;\"><strong>CHI PU\u00d2 SOTTOSCRIVERLA<\/strong>:<\/p>\n<ol style=\"text-align: justify;\">\n<li>maggiorenni cittadini italiani;<\/li>\n<li>maggiorenni cittadini di paesi membri dell\u2019UE;<\/li>\n<li>maggiorenni cittadini extracomunitari regolarmente soggiornanti in Italia (solo se i dati ed i fatti oggetto di dichiarazione possono essere verificati presso soggetti pubblici italiani e per quelle materie per le quali esiste una convenzione tra l\u2019Italia ed il loro paese di provenienza).<\/li>\n<\/ol>\n<p style=\"text-align: justify;\"><strong>COME SI PRESENTA<\/strong>:<\/p>\n<p style=\"text-align: justify;\">L\u2019autocertificazione NON necessita dell\u2019autentica di firma e pertanto non \u00e8 un servizio offerto da questa Sede. Sar\u00e0 necessario allegare alla dichiarazione firmata una copia di un documento di identit\u00e0 in corso di validit\u00e0 del firmatario.<\/p>\n","protected":false},"excerpt":{"rendered":"L\u2019autocertificazione \u00e8 una dichiarazione che sostituisce i certificati solitamente rilasciati dalle pubbliche amministrazione e dai gestori di pubblici servizi. Viene redatta in carta semplice e firmata dal soggetto interessato, che si assume la responsabilit\u00e0 personale di quanto dichiarato (D.P.R. 445\/2000). COSA SI PU\u00d2 AUTOCERTIFICARE: stati(essere proprietario di un immobile, essere erede di una certa persona, [&hellip;]","protected":false},"author":7,"featured_media":0,"parent":4885,"menu_order":0,"comment_status":"closed","ping_status":"closed","template":"","meta":{"footnotes":""},"class_list":["post-4904","page","type-page","status-publish","hentry"],"_links":{"self":[{"href":"https:\/\/ambsingapore.esteri.it\/it\/wp-json\/wp\/v2\/pages\/4904","targetHints":{"allow":["GET"]}}],"collection":[{"href":"https:\/\/ambsingapore.esteri.it\/it\/wp-json\/wp\/v2\/pages"}],"about":[{"href":"https:\/\/ambsingapore.esteri.it\/it\/wp-json\/wp\/v2\/types\/page"}],"author":[{"embeddable":true,"href":"https:\/\/ambsingapore.esteri.it\/it\/wp-json\/wp\/v2\/users\/7"}],"replies":[{"embeddable":true,"href":"https:\/\/ambsingapore.esteri.it\/it\/wp-json\/wp\/v2\/comments?post=4904"}],"version-history":[{"count":2,"href":"https:\/\/ambsingapore.esteri.it\/it\/wp-json\/wp\/v2\/pages\/4904\/revisions"}],"predecessor-version":[{"id":5224,"href":"https:\/\/ambsingapore.esteri.it\/it\/wp-json\/wp\/v2\/pages\/4904\/revisions\/5224"}],"up":[{"embeddable":true,"href":"https:\/\/ambsingapore.esteri.it\/it\/wp-json\/wp\/v2\/pages\/4885"}],"wp:attachment":[{"href":"https:\/\/ambsingapore.esteri.it\/it\/wp-json\/wp\/v2\/media?parent=4904"}],"curies":[{"name":"wp","href":"https:\/\/api.w.org\/{rel}","templated":true}]}}