{"id":4912,"date":"2025-01-14T14:50:38","date_gmt":"2025-01-14T06:50:38","guid":{"rendered":"https:\/\/ambsingapore.esteri.it\/?page_id=4912"},"modified":"2025-01-17T10:35:59","modified_gmt":"2025-01-17T02:35:59","slug":"atti-di-assenso-per-il-rilascio-di-un-documento-di-identita-di-minore-italiano-presso-altra-sede","status":"publish","type":"page","link":"https:\/\/ambsingapore.esteri.it\/it\/servizi-consolari-e-visti\/servizi-per-il-cittadino-italiano\/servizi-notarili\/atti-di-assenso-per-il-rilascio-di-un-documento-di-identita-di-minore-italiano-presso-altra-sede\/","title":{"rendered":"Atti di assenso per il rilascio di un documento di identit\u00e0 di minore italiano presso altra sede"},"content":{"rendered":"<p style=\"text-align: justify;\">L\u2019Ufficio Consolare \u00e8 competente solamente per autenticare <strong><span style=\"text-decoration: underline;\">le firme dei genitori di nazionalit\u00e0 extracomunitaria<\/span><\/strong> sugli atti di assenso al rilascio di passaporti e carte d\u2019identit\u00e0 di <u>minori italiani<\/u> da parte di uffici <u>NON<\/u> appartenenti a questo stesso Ufficio Consolare (Questure, Commissariati, Comuni in Italia e altri Consolati e Ambasciate italiani).<\/p>\n<p style=\"text-align: justify;\">NB: L\u2019atto di assenso NON \u00e8 pi\u00f9 richiesto per il rilascio di documenti di identit\u00e0 italiani di genitori con figli minorenni.<\/p>\n<p style=\"text-align: justify;\">L\u2019autenticazione della firma sull\u2019atto di assenso al rilascio di documenti di identit\u00e0 di minori italiani NON \u00e8 richiesta nel caso di genitori di nazionalit\u00e0 di paesi membri dell\u2019UE. Pertanto, nel caso di documenti da rilasciarsi presso uffici non appartenenti a questo stesso Ufficio Consolare (Questure, Commissariati, Comuni in Italia e altri Consolati e Ambasciate italiani) i genitori europei NON dovranno presentarsi presso questo Ufficio Consolare, ma baster\u00e0 che inviino, via posta, al proprio figlio minore, una fotocopia del proprio documento di identit\u00e0 europeo ed il formulario \u201c<a href=\"https:\/\/ambsingapore.esteri.it\/wp-content\/uploads\/2023\/07\/16.-37405_f_moduloperassensopassaportominore.pdf\">atto di assenso<\/a>\u201d. Questo dovr\u00e0 essere stampato, compilato per intero e firmato in originale.<\/p>\n<p style=\"text-align: justify;\">I soli genitori di nazionalit\u00e0 extracomunitaria di minori italiani i cui documenti di identit\u00e0 debbano essere rilasciati da uffici <u>NON<\/u> appartenenti a questo stesso Ufficio Consolare (Questure, Commissariati, Comuni in Italia e altri Consolati e Ambasciate italiani), potranno richiedere un appuntamento per l\u2019autenticazione della propria firma sull\u2019atto di assenso presso l\u2019Ufficio Consolare.<\/p>\n<p style=\"text-align: justify;\">I genitori di nazionalit\u00e0 extracomunitaria che siano impossibilitati a recarsi presso l\u2019Ufficio Consolare di Singapore, possono ottenere l\u2019autentica della propria firma sull\u2019atto di assenso sottoscrivendolo presso un qualsiasi notaio pubblico di Singapore, e facendo in seguito apostillare l\u2019atto cos\u00ec formato da <a href=\"https:\/\/legalisation.sal.sg\/App\/Templates\/LegalisationPoster.pdf\">Singapore Academy of Law (SAL)<\/a>. Una lista non esaustiva di notai noti a questo Ufficio Consolare \u00e8 disponibile<a href=\"https:\/\/legalisation.sal.sg\/Directory\"> qui<\/a>.<\/p>\n<p style=\"text-align: justify;\">L\u2019atto cos\u00ec formato andr\u00e0 poi recapitato, in originale, via posta, al proprio figlio minore il cui documento debba essere rilasciato.<\/p>\n<p style=\"text-align: justify;\"><strong>MODALIT\u00c0 DI PRENOTAZIONE E COSTO DEL SERVIZIO<\/strong><\/p>\n<p style=\"text-align: justify;\">Per usufruire di tutti i servizi \u00e8 necessario fissare un appuntamento tramite il sistema <a href=\"https:\/\/prenotami.esteri.it\/\">Prenot@mi<\/a> sul portale dell\u2019Ambasciata d\u2019Italia a Singapore e inviare, almeno 3 giorni prima dell\u2019appuntamento, un\u2019email all\u2019indirizzo <a href=\"mailto:consolare.singapore@esteri.it\">consolare.singapore@esteri.it<\/a> allegando le seguenti informazioni:<\/p>\n<ol style=\"text-align: justify;\">\n<li>nome, cognome e nazionalit\u00e0 del genitore extracomunitario che intende ottenere l\u2019autenticazione della propria firma;<\/li>\n<li>nome, cognome, data e luogo di nascita del cittadino italiano il cui documento deve essere rilasciato;<\/li>\n<li>indirizzo email PEC dell\u2019Ufficio che rilascer\u00e0 il documento (rinvenibile sul loro sito);<\/li>\n<li>data per la quale \u00e8 previsto il rilascio del documento.<\/li>\n<\/ol>\n<p style=\"text-align: justify;\">All\u2019appuntamento si dovr\u00e0 presentare solamente il genitore di nazionalit\u00e0 extracomunitaria, e dovr\u00e0 portare:<\/p>\n<ol style=\"text-align: justify;\">\n<li>un proprio documento d\u2019identit\u00e0 in corso di validit\u00e0;<\/li>\n<li>il formulario \u201c<a href=\"https:\/\/ambsingapore.esteri.it\/wp-content\/uploads\/2023\/07\/16.-37405_f_moduloperassensopassaportominore.pdf\">Atto di assenso<\/a>\u201d compilato MA NON FIRMATO.<\/li>\n<\/ol>\n<p style=\"text-align: justify;\">Il pagamento dei servizi notarili deve essere effettuato allo sportello consolare in dollari di Singapore o tramite circuito NETS. Per conoscere le tariffe \u00e8 possibile consultare la\u00a0<a href=\"https:\/\/www.esteri.it\/mae\/resource\/doc\/2017\/02\/tariffa_consolare_aggiornata__2017.pdf\">tabella dei diritti consolari<\/a>\u00a0emessa dal Ministero degli Affari Esteri e della Cooperazione Internazionale.<\/p>\n<p style=\"text-align: justify;\"><strong>UTILIZZO E VALIDIT\u00c0 DELL\u2019ATTO DI ASSENSO<\/strong><\/p>\n<p style=\"text-align: justify;\">Il giorno dell\u2019appuntamento verr\u00e0 inviata scansione dell\u2019atto di assenso e del documento del genitore extracomunitario all\u2019Ufficio selezionato dal richiedente, ed al richiedente stesso. L\u2019atto di assenso \u00e8 valido per sei mesi dalla data dell\u2019emissione.<\/p>\n","protected":false},"excerpt":{"rendered":"L\u2019Ufficio Consolare \u00e8 competente solamente per autenticare le firme dei genitori di nazionalit\u00e0 extracomunitaria sugli atti di assenso al rilascio di passaporti e carte d\u2019identit\u00e0 di minori italiani da parte di uffici NON appartenenti a questo stesso Ufficio Consolare (Questure, Commissariati, Comuni in Italia e altri Consolati e Ambasciate italiani). NB: L\u2019atto di assenso NON [&hellip;]","protected":false},"author":7,"featured_media":0,"parent":71,"menu_order":0,"comment_status":"closed","ping_status":"closed","template":"","meta":{"footnotes":""},"class_list":["post-4912","page","type-page","status-publish","hentry"],"_links":{"self":[{"href":"https:\/\/ambsingapore.esteri.it\/it\/wp-json\/wp\/v2\/pages\/4912","targetHints":{"allow":["GET"]}}],"collection":[{"href":"https:\/\/ambsingapore.esteri.it\/it\/wp-json\/wp\/v2\/pages"}],"about":[{"href":"https:\/\/ambsingapore.esteri.it\/it\/wp-json\/wp\/v2\/types\/page"}],"author":[{"embeddable":true,"href":"https:\/\/ambsingapore.esteri.it\/it\/wp-json\/wp\/v2\/users\/7"}],"replies":[{"embeddable":true,"href":"https:\/\/ambsingapore.esteri.it\/it\/wp-json\/wp\/v2\/comments?post=4912"}],"version-history":[{"count":2,"href":"https:\/\/ambsingapore.esteri.it\/it\/wp-json\/wp\/v2\/pages\/4912\/revisions"}],"predecessor-version":[{"id":5209,"href":"https:\/\/ambsingapore.esteri.it\/it\/wp-json\/wp\/v2\/pages\/4912\/revisions\/5209"}],"up":[{"embeddable":true,"href":"https:\/\/ambsingapore.esteri.it\/it\/wp-json\/wp\/v2\/pages\/71"}],"wp:attachment":[{"href":"https:\/\/ambsingapore.esteri.it\/it\/wp-json\/wp\/v2\/media?parent=4912"}],"curies":[{"name":"wp","href":"https:\/\/api.w.org\/{rel}","templated":true}]}}