{"id":4939,"date":"2025-01-14T15:03:01","date_gmt":"2025-01-14T07:03:01","guid":{"rendered":"https:\/\/ambsingapore.esteri.it\/?page_id=4939"},"modified":"2025-01-17T10:30:39","modified_gmt":"2025-01-17T02:30:39","slug":"dichiarazione-di-accompagnamento-per-i-cittadini-italiani-minori-di-14-anni","status":"publish","type":"page","link":"https:\/\/ambsingapore.esteri.it\/it\/servizi-consolari-e-visti\/servizi-per-il-cittadino-italiano\/servizi-notarili\/dichiarazione-di-accompagnamento-per-i-cittadini-italiani-minori-di-14-anni\/","title":{"rendered":"Dichiarazione di accompagnamento per i cittadini italiani minori di 14 anni"},"content":{"rendered":"<p style=\"text-align: justify;\">I cittadini italiani minori di 14 anni che debbano effettuare viaggi internazionali senza la presenza dei propri genitori, dovranno presentare alle autorit\u00e0 di frontiera una dichiarazione di accompagnamento da allegare al proprio passaporto o carta d\u2019identit\u00e0 italiani. Tale documento viene emesso da Ambasciate, Consolati, Commissariati e Questure italiani, e \u201cregistra\u201d il consenso dei genitori all\u2019espatrio del minore senza la loro presenza, conferendo delega ad uno o pi\u00f9 accompagnatori da questi individuati. Ha validit\u00e0 massima di sei mesi dall\u2019emissione e pu\u00f2 essere utilizzata solamente per un viaggio andata e ritorno.<\/p>\n<p style=\"text-align: justify;\">Questo Ufficio Consolare a Singapore \u00e8 competente per il rilascio di dichiarazioni di accompagnamento unicamente nei casi in cui siano soddisfatte\u00a0<strong>TUTTE<\/strong>\u00a0le seguenti condizioni:<\/p>\n<ul style=\"text-align: justify;\">\n<li>il minore che necessita di dichiarazione di accompagnamento \u00e8 cittadino italiano;<\/li>\n<li>il minore in questione\u00a0ha un\u2019et\u00e0 inferiore ai 14 anni;<\/li>\n<li>il minore viagger\u00e0 utilizzando un documento di viaggio (passaporto o carta d\u2019identit\u00e0) italiano. Ai doppi cittadini che viaggino utilizzando un documento d\u2019identit\u00e0 straniero, si applicheranno le norme del paese che ha emesso quel documento;<\/li>\n<li>il minore risiede normalmente e si trova, al momento nella richiesta, all\u2019interno della\u00a0circoscrizione consolare di competenza di questo Consolato;<\/li>\n<li>il minore\u00a0NON\u00a0viagger\u00e0 accompagnato da un proprio genitore;<\/li>\n<li>il viaggio sar\u00e0 internazionale (coinvolger\u00e0 pi\u00f9 di una nazione);<\/li>\n<li>l\u2019accompagnatore sar\u00e0 una compagnia di trasporto (es. SIA, Ethiad \u2026) e\/o almeno una persona fisica di et\u00e0 superiore ai 18 anni.\u00a0NB:\u00a0la dichiarazione di accompagnamento\u00a0NON\u00a0garantisce che le compagnie di trasporto accettino minori non accompagnati. Si invitano pertanto gli interessati a verificare direttamente con queste se offrano servizi riguardanti la presa in affidamento di minori.<\/li>\n<\/ul>\n<p style=\"text-align: justify;\">I genitori interessati ad ottenere una dichiarazione di accompagnamento tramite questo Ufficio Consolare di Singapore per un proprio figlio a cui si applichino le condizioni di cui sopra, dovranno seguire una delle due procedure riportate di seguito.<\/p>\n<p><strong>1. ENTRAMBI I GENITORI SONO CITTADINI ITALIANI, DELL\u2019UNIONE EUROPEA o CITTADINI EXTRACOMUNITARI NORMALMENTE RESIDENTI IN ITALIA<\/strong><\/p>\n<p style=\"text-align: justify;\">Nel caso in cui i genitori del minore in questione siano cittadini di un paese membro dell\u2019Unione Europea, oppure siano cittadini extracomunitari normalmente residenti in Italia, \u00a0essi dovranno prenotare un appuntamento presso l\u2019Ufficio Consolare di Singapore tramite il portale <a href=\"https:\/\/prenotami.esteri.it\/\">Prenot@mi<\/a> dell\u2019Ambasciata d\u2019Italia a Singapore e inviare, almeno 3 giorni prima dell\u2019appuntamento, una email all\u2019indirizzo <a href=\"mailto:consolare.singapore@esteri.it\">consolare.singapore@esteri.it<\/a> allegando la seguente documentazione in formato modificabile:<\/p>\n<ul style=\"text-align: justify;\">\n<li>copie dei documenti di identit\u00e0 (carta d\u2019identit\u00e0 europea, passaporto europeo, carta di soggiorno italiana) dei genitori;<\/li>\n<li>copia del documento di identit\u00e0 italiano (carta d\u2019identit\u00e0 o passaporto) con il quale viagger\u00e0 il minore (<u>incluse la parti\/pagine riportanti i nomi dei genitori e l\u2019ente emittente<\/u>);<\/li>\n<li>formulario di richiesta \u201c<a href=\"https:\/\/ambsingapore.esteri.it\/wp-content\/uploads\/2023\/07\/18.-37398_f_dichiarazione_accompagnamento_minori.pdf\">Dichiarazione di Accompagnamento<\/a>\u201d. Questo dovr\u00e0 essere compilato e firmato in originale da entrambi i genitori. Se i genitori vivono separati sar\u00e0 necessario che firmino a turno lo stesso formulario prima di presentarlo all\u2019Ufficio Consolare;<\/li>\n<li>un proprio documento di identit\u00e0 in corso di validit\u00e0.<\/li>\n<\/ul>\n<p><strong>2. UNO DEI GENITORI \u00c8 CITTADINO EXTRACOMUNITARIO E NON RISIEDE IN ITALIA<\/strong><\/p>\n<p style=\"text-align: justify;\">I cittadini extracomunitari residenti all\u2019estero NON godono dell\u2019esenzione dall\u2019autenticazione della propria firma e, pertanto, dovranno presenziare durante l&#8217;appuntamento prenotato tramite il sistema <a href=\"https:\/\/prenotami.esteri.it\/\">Prenot@mi<\/a> sul portale dell\u2019Ambasciata d\u2019Italia a Singapore per firmare di persona la richiesta di dichiarazione di accompagnamento e inviare, almeno 3 giorni prima dell\u2019appuntamento, un\u2019email all\u2019indirizzo <a href=\"mailto:consolare.singapore@esteri.it\">consolare.singapore@esteri.it<\/a> allegando le seguenti informazioni:<\/p>\n<ul style=\"text-align: justify;\">\n<li>nome, cognome e nazionalit\u00e0 del genitore di nazionalit\u00e0 extracomunitaria che dovr\u00e0 presentarsi all\u2019appuntamento;<\/li>\n<li>nome, cognome, data e luogo di nascita del minore di 14 anni per cui si intende richiedere la dichiarazione di accompagnamento;<\/li>\n<li>data per la quale \u00e8 previsto il viaggio e paesi coinvolti (inclusi eventuali paesi di transito o scalo aeroportuale).<\/li>\n<\/ul>\n<p style=\"text-align: justify;\"><strong>All\u2019appuntamento si potra&#8217; presentare anche solamente un genitore (obbligatorio se nazionalit\u00e0 extracomunitaria) , e dovr\u00e0 portare<\/strong>:<\/p>\n<ul style=\"text-align: justify;\">\n<li>un proprio documento d\u2019identit\u00e0 in corso di validit\u00e0;<\/li>\n<li>copia dei documenti di identit\u00e0 dei genitori;<\/li>\n<li>copia del documento di identit\u00e0 italiano (carta d\u2019identit\u00e0 o passaporto) con il quale viagger\u00e0 il minore (<u>incluse la parti\/pagine riportanti i nomi dei genitori e l\u2019ente emittente<\/u>);<\/li>\n<li>il formulario di richiesta \u201c<a href=\"https:\/\/ambsingapore.esteri.it\/wp-content\/uploads\/2023\/07\/18.-37398_f_dichiarazione_accompagnamento_minori.pdf\">Dichiarazione di Accompagnamento<\/a>\u201d. Questo dovr\u00e0 essere stampato e compilato e firmato in originale dal genitore cittadino europeo MA NON dal genitore cittadino extracomunitario (firmer\u00e0 in Consolato).<\/li>\n<\/ul>\n<p style=\"text-align: justify;\">Il pagamento dei servizi notarili deve essere effettuato allo sportello consolare in dollari di Singapore o tramite circuito NETS. Per conoscere le tariffe \u00e8 possibile consultare la\u00a0<a href=\"https:\/\/www.esteri.it\/mae\/resource\/doc\/2017\/02\/tariffa_consolare_aggiornata__2017.pdf\">tabella dei diritti consolari<\/a>\u00a0emessa dal Ministero degli Affari Esteri e della Cooperazione Internazionale.<\/p>\n<p style=\"text-align: justify;\">Nel caso in cui il genitore di nazionalit\u00e0 extracomunitaria fosse impossibilitato a recarsi presso l\u2019Ufficio Consolare, potr\u00e0 ottenere l\u2019autenticazione della propria firma sul Formulario di richiesta \u201cDichiarazione di Accompagnamento\u201d sottoscrivendolo presso un qualsiasi notaio pubblico di Singapore, e facendo in seguito apostillare l\u2019atto cos\u00ec formato dal <a href=\"https:\/\/legalisation.sal.sg\/App\/Templates\/LegalisationPoster.pdf\">Singapore Academy of Law (SAL)<\/a>. Una lista non esaustiva di notai noti a questo Ufficio Consolare \u00e8 disponibile <a href=\"https:\/\/legalisation.sal.sg\/Directory\">qui<\/a>.<\/p>\n","protected":false},"excerpt":{"rendered":"I cittadini italiani minori di 14 anni che debbano effettuare viaggi internazionali senza la presenza dei propri genitori, dovranno presentare alle autorit\u00e0 di frontiera una dichiarazione di accompagnamento da allegare al proprio passaporto o carta d\u2019identit\u00e0 italiani. Tale documento viene emesso da Ambasciate, Consolati, Commissariati e Questure italiani, e \u201cregistra\u201d il consenso dei genitori all\u2019espatrio [&hellip;]","protected":false},"author":7,"featured_media":0,"parent":71,"menu_order":0,"comment_status":"closed","ping_status":"closed","template":"","meta":{"footnotes":""},"class_list":["post-4939","page","type-page","status-publish","hentry"],"_links":{"self":[{"href":"https:\/\/ambsingapore.esteri.it\/it\/wp-json\/wp\/v2\/pages\/4939","targetHints":{"allow":["GET"]}}],"collection":[{"href":"https:\/\/ambsingapore.esteri.it\/it\/wp-json\/wp\/v2\/pages"}],"about":[{"href":"https:\/\/ambsingapore.esteri.it\/it\/wp-json\/wp\/v2\/types\/page"}],"author":[{"embeddable":true,"href":"https:\/\/ambsingapore.esteri.it\/it\/wp-json\/wp\/v2\/users\/7"}],"replies":[{"embeddable":true,"href":"https:\/\/ambsingapore.esteri.it\/it\/wp-json\/wp\/v2\/comments?post=4939"}],"version-history":[{"count":3,"href":"https:\/\/ambsingapore.esteri.it\/it\/wp-json\/wp\/v2\/pages\/4939\/revisions"}],"predecessor-version":[{"id":5206,"href":"https:\/\/ambsingapore.esteri.it\/it\/wp-json\/wp\/v2\/pages\/4939\/revisions\/5206"}],"up":[{"embeddable":true,"href":"https:\/\/ambsingapore.esteri.it\/it\/wp-json\/wp\/v2\/pages\/71"}],"wp:attachment":[{"href":"https:\/\/ambsingapore.esteri.it\/it\/wp-json\/wp\/v2\/media?parent=4939"}],"curies":[{"name":"wp","href":"https:\/\/api.w.org\/{rel}","templated":true}]}}