{"id":4943,"date":"2025-01-14T15:05:58","date_gmt":"2025-01-14T07:05:58","guid":{"rendered":"https:\/\/ambsingapore.esteri.it\/?page_id=4943"},"modified":"2025-03-03T15:45:56","modified_gmt":"2025-03-03T07:45:56","slug":"dichiarazione-di-separazione-o-di-comunione-dei-beni-tra-coniugi","status":"publish","type":"page","link":"https:\/\/ambsingapore.esteri.it\/it\/servizi-consolari-e-visti\/servizi-per-il-cittadino-italiano\/servizi-notarili\/dichiarazione-di-separazione-o-di-comunione-dei-beni-tra-coniugi\/","title":{"rendered":"Dichiarazione di separazione o di comunione dei beni tra coniugi"},"content":{"rendered":"<p style=\"text-align: justify;\">La scelta del regime patrimoniale viene effettuata all\u2019atto del matrimonio, con dichiarazione verbale all\u2019Ufficiale dello Stato Civile o al Parroco celebrante il matrimonio. Successivamente alla celebrazione del matrimonio, \u00e8 possibile rivolgersi a questo Ufficio Consolare per modificare la scelta effettuata in precedenza, ad esempio per passare dal regime di separazione a quello di comunione dei beni o viceversa, oppure scegliere la legge italiana per la regolamentazione del regime patrimoniale di un matrimonio contratto all\u2019estero.<\/p>\n<p style=\"text-align: justify;\">Il servizio di sottoscrizione di procure e atti notarili presso l\u2019Ufficio Consolare di Singapore \u00e8 riservato unicamente ai cittadini italiani che si trovino all\u2019estero in via permanente o temporanea (<a href=\"https:\/\/www.normattiva.it\/uri-res\/N2Ls?urn:nir:stato:decreto.legislativo:2011-02-03;71\">D. Lgs. 71\/2011<\/a>).<\/p>\n<p style=\"text-align: justify;\">Chi fosse impossibilitato a recarsi presso l\u2019Ufficio Consolare potr\u00e0 sempre ottenere procure ed atti notarili validi in Italia sottoscrivendoli presso un qualsiasi notaio pubblico di Singapore, e facendo in seguito apostillare l\u2019atto cos\u00ec formato <a href=\"https:\/\/legalisation.sal.sg\/App\/Templates\/LegalisationPoster.pdf\">Singapore Academy of Law (SAL)<\/a>. Una lista non esaustiva di notai noti a questo Ufficio Consolare \u00e8 disponibile <a href=\"https:\/\/legalisation.sal.sg\/Directory\">qui<\/a>.<\/p>\n<p style=\"text-align: justify;\"><strong>MODALIT\u00c0 DI PRENOTAZIONE E COSTO DEL SERVIZIO<\/strong><\/p>\n<p style=\"text-align: justify;\">I coniugi interessati, di cui almeno uno in possesso della cittadinanza italiana, devono fissare un appuntamento tramite il sistema <a href=\"https:\/\/prenotami.esteri.it\/\">Prenot@mi<\/a> sul portale dell\u2019Ambasciata d\u2019Italia a Singapore e inviare, almeno 3 giorni prima dell\u2019appuntamento, una email all\u2019indirizzo <a href=\"mailto:consolare.singapore@esteri.it\">consolare.singapore@esteri.it<\/a>, allegando le seguenti informazioni:<\/p>\n<ul style=\"text-align: justify;\">\n<li>nome, cognome, data e luogo di nascita, indirizzo di residenza e codice fiscale del primo coniuge;<\/li>\n<li>nome, cognome, data e luogo di nascita, indirizzo di residenza e codice fiscale del secondo coniuge;<\/li>\n<li>nome, cognome, data e luogo di nascita, indirizzo di residenza e codice fiscale dei 2 testimoni;<\/li>\n<li>data e luogo del matrimonio;<\/li>\n<li>Comune presso il quale il matrimonio verr\u00e0 oppure \u00e8 stato gi\u00e0 trascritto (includendo gli estremi della trascrizione).<\/li>\n<\/ul>\n<p style=\"text-align: justify;\">All\u2019appuntamento dovranno presentarsi entrambi i coniugi e i due testimoni e dovranno portare:<\/p>\n<ul style=\"text-align: justify;\">\n<li>un proprio documento di identit\u00e0 in corso di validit\u00e0;<\/li>\n<li>copia del certificato di matrimonio.<\/li>\n<\/ul>\n<p style=\"text-align: justify;\">Il pagamento dei servizi notarili deve essere effettuato allo sportello consolare in dollari di Singapore o tramite circuito NETS. Per conoscere le tariffe \u00e8 possibile consultare la\u00a0<a href=\"https:\/\/www.esteri.it\/mae\/resource\/doc\/2017\/02\/tariffa_consolare_aggiornata__2017.pdf\">tabella dei diritti consolari<\/a>\u00a0emessa dal Ministero degli Affari Esteri e della Cooperazione Internazionale.<\/p>\n","protected":false},"excerpt":{"rendered":"La scelta del regime patrimoniale viene effettuata all\u2019atto del matrimonio, con dichiarazione verbale all\u2019Ufficiale dello Stato Civile o al Parroco celebrante il matrimonio. Successivamente alla celebrazione del matrimonio, \u00e8 possibile rivolgersi a questo Ufficio Consolare per modificare la scelta effettuata in precedenza, ad esempio per passare dal regime di separazione a quello di comunione dei [&hellip;]","protected":false},"author":7,"featured_media":0,"parent":71,"menu_order":0,"comment_status":"closed","ping_status":"closed","template":"","meta":{"footnotes":""},"class_list":["post-4943","page","type-page","status-publish","hentry"],"_links":{"self":[{"href":"https:\/\/ambsingapore.esteri.it\/it\/wp-json\/wp\/v2\/pages\/4943","targetHints":{"allow":["GET"]}}],"collection":[{"href":"https:\/\/ambsingapore.esteri.it\/it\/wp-json\/wp\/v2\/pages"}],"about":[{"href":"https:\/\/ambsingapore.esteri.it\/it\/wp-json\/wp\/v2\/types\/page"}],"author":[{"embeddable":true,"href":"https:\/\/ambsingapore.esteri.it\/it\/wp-json\/wp\/v2\/users\/7"}],"replies":[{"embeddable":true,"href":"https:\/\/ambsingapore.esteri.it\/it\/wp-json\/wp\/v2\/comments?post=4943"}],"version-history":[{"count":4,"href":"https:\/\/ambsingapore.esteri.it\/it\/wp-json\/wp\/v2\/pages\/4943\/revisions"}],"predecessor-version":[{"id":5594,"href":"https:\/\/ambsingapore.esteri.it\/it\/wp-json\/wp\/v2\/pages\/4943\/revisions\/5594"}],"up":[{"embeddable":true,"href":"https:\/\/ambsingapore.esteri.it\/it\/wp-json\/wp\/v2\/pages\/71"}],"wp:attachment":[{"href":"https:\/\/ambsingapore.esteri.it\/it\/wp-json\/wp\/v2\/media?parent=4943"}],"curies":[{"name":"wp","href":"https:\/\/api.w.org\/{rel}","templated":true}]}}