{"id":515,"date":"2023-07-27T12:36:03","date_gmt":"2023-07-27T04:36:03","guid":{"rendered":"https:\/\/ambsingapore.esteri.it\/?page_id=515"},"modified":"2026-01-19T14:16:07","modified_gmt":"2026-01-19T06:16:07","slug":"trascrizione-sentenze-di-divorzio","status":"publish","type":"page","link":"https:\/\/ambsingapore.esteri.it\/it\/servizi-consolari-e-visti\/servizi-per-il-cittadino-italiano\/stato-civile\/trascrizione-sentenze-di-divorzio\/","title":{"rendered":"Trascrizione Sentenze di Divorzio"},"content":{"rendered":"<p><strong>Riconoscimento Sentenze Straniere di Divorzio<\/strong><\/p>\n<p style=\"text-align: justify;\">La\u00a0<strong>legge<\/strong>\u00a0di diritto internazionale privato n.\u00a0<strong>218\/1995<\/strong>\u00a0prevede, quale regola generale, l\u2019automatica efficacia in Italia di sentenze straniere che rispettino alcuni requisiti basilari di compatibilit\u00e0 con l\u2019ordinamento italiano.<\/p>\n<p style=\"text-align: justify;\">I provvedimenti giudiziali stranieri devono essere trascritti presso il Comune italiano competente.<\/p>\n<p style=\"text-align: justify;\">Le\u00a0<strong>sentenze straniere<\/strong>, munite di legalizzazione e traduzione in italiano, possono essere presentate per la trascrizione in Italia:<\/p>\n<ul style=\"text-align: justify;\">\n<li>al Comune italiano, direttamente dall\u2019interessato;<\/li>\n<li>oppure all\u2019<strong>Autorit\u00e0 Consolare italiana<\/strong>\u00a0nella cui circoscrizione \u00e8 stata emessa la sentenza.<\/li>\n<\/ul>\n<p style=\"text-align: justify;\">\u00c8 comunque opportuno, in ogni caso,\u00a0<strong>prendere preventivo contatto con la Rappresentanza diplomatico-consolare<\/strong>\u00a0territorialmente competente per ulteriori precisazioni, o per conoscere ulteriori requisiti previsti da eventuali Accordi bilaterali o multilaterali.<\/p>\n<p style=\"text-align: justify;\">Per\u00a0<strong>richiedere la trascrizione<\/strong>\u00a0\u00e8 necessario prenotare un\u00a0<strong>appuntamento<\/strong>\u00a0tramite il portale\u00a0<a href=\"https:\/\/prenotami.esteri.it\/\"><strong>Prenot@mi<\/strong><\/a>\u00a0e all\u2019appuntamento si dovr\u00e0:<\/p>\n<ul>\n<li style=\"text-align: justify;\">esibire un\u00a0<strong>documento di identit\u00e0\/passaporto<\/strong>\u00a0in corso di validit\u00e0;<\/li>\n<li style=\"text-align: justify;\">compilare la\u00a0<a href=\"https:\/\/ambsingapore.esteri.it\/wp-content\/uploads\/2026\/01\/Modulo-richiesta-trascrizione-sentenza-di-divorzio-19012026140323.pdf\"><strong>richiesta di trascrizione sentenza di divorzio<\/strong><\/a>;<\/li>\n<li style=\"text-align: justify;\">presentare\u00a0<strong>istanza di trasmissione della sentenza<\/strong>\u00a0sotto forma di dichiarazione sostitutiva di atto notorio resa ai sensi dell\u2019art. 47 del DPR 445\/2000 attestante la sussistenza dei requisiti di cui all\u2019art. 64 della legge 218\/1995, nella quale si dichiara che la sentenza non \u00e8 contraria ad altre sentenze pronunciate da un giudice italiano e che non pende un giudizio davanti a un giudice italiano per il medesimo oggetto e fra le stesse parti;<\/li>\n<li style=\"text-align: justify;\">copia integrale della sentenza completa dei requisiti di cui all\u2019art. 64 (Interim Judgment e Final Judgment rilasciato da The Family Justice Courts of Singapore), debitamente legalizzata dalla\u00a0<a href=\"https:\/\/legalisation.sal.sg\/App\/Templates\/Poster_for_Legalisation_2_Dec_2020.pdf\"><strong>Singapore Academy of Law<\/strong><\/a>\u00a0e tradotta.<\/li>\n<\/ul>\n<p><strong>Contatti<\/strong>:<\/p>\n<p>Email\u00a0 \u00a0 \u00a0 \u00a0 :\u00a0<strong><a href=\"mailto:consolare.singapore@esteri.it\">consolare.singapore@esteri.it<\/a><\/strong><\/p>\n<p>Tel\u00a0 \u00a0 \u00a0 \u00a0 \u00a0 \u00a0: +65 62506022<\/p>\n<p>Fax\u00a0 \u00a0 \u00a0 \u00a0 \u00a0 : +65 62587237 &#8211; 62533301<\/p>\n<p>Centralino: (65) 62506022<\/p>\n<p><strong>Orari di apertura al pubblico<\/strong>: (<strong>Solo su appuntanmento<\/strong>)<\/p>\n<p><strong>Luned\u00ec, Mercoled\u00ec e Venerd\u00ec: 09:30 &#8211; 11:30<\/strong><\/p>\n<p><strong>Marted\u00ec e Gioved\u00ec\u00a0 \u00a0 \u00a0 \u00a0 \u00a0 \u00a0 \u00a0 \u00a0 \u00a0: 14:00 &#8211; 15:30<\/strong><\/p>\n<p><strong>Prenotazione Appuntamento:\u00a0<\/strong><a href=\"https:\/\/prenotami.esteri.it\/\"><strong>Prenot@mi<\/strong><\/a><\/p>\n<p><strong>Modulistica Divorzio<\/strong>:\u00a0<a href=\"https:\/\/ambsingapore.esteri.it\/wp-content\/uploads\/2026\/01\/Modulo-richiesta-trascrizione-sentenza-di-divorzio-19012026140323.pdf\"><strong>Richiesta di trascrizione sentenza di divorzio<\/strong><\/a><\/p>\n","protected":false},"excerpt":{"rendered":"Riconoscimento Sentenze Straniere di Divorzio La\u00a0legge\u00a0di diritto internazionale privato n.\u00a0218\/1995\u00a0prevede, quale regola generale, l\u2019automatica efficacia in Italia di sentenze straniere che rispettino alcuni requisiti basilari di compatibilit\u00e0 con l\u2019ordinamento italiano. I provvedimenti giudiziali stranieri devono essere trascritti presso il Comune italiano competente. Le\u00a0sentenze straniere, munite di legalizzazione e traduzione in italiano, possono essere presentate per [&hellip;]","protected":false},"author":8,"featured_media":0,"parent":68,"menu_order":3,"comment_status":"closed","ping_status":"closed","template":"","meta":{"footnotes":""},"class_list":["post-515","page","type-page","status-publish","hentry"],"_links":{"self":[{"href":"https:\/\/ambsingapore.esteri.it\/it\/wp-json\/wp\/v2\/pages\/515","targetHints":{"allow":["GET"]}}],"collection":[{"href":"https:\/\/ambsingapore.esteri.it\/it\/wp-json\/wp\/v2\/pages"}],"about":[{"href":"https:\/\/ambsingapore.esteri.it\/it\/wp-json\/wp\/v2\/types\/page"}],"author":[{"embeddable":true,"href":"https:\/\/ambsingapore.esteri.it\/it\/wp-json\/wp\/v2\/users\/8"}],"replies":[{"embeddable":true,"href":"https:\/\/ambsingapore.esteri.it\/it\/wp-json\/wp\/v2\/comments?post=515"}],"version-history":[{"count":2,"href":"https:\/\/ambsingapore.esteri.it\/it\/wp-json\/wp\/v2\/pages\/515\/revisions"}],"predecessor-version":[{"id":7813,"href":"https:\/\/ambsingapore.esteri.it\/it\/wp-json\/wp\/v2\/pages\/515\/revisions\/7813"}],"up":[{"embeddable":true,"href":"https:\/\/ambsingapore.esteri.it\/it\/wp-json\/wp\/v2\/pages\/68"}],"wp:attachment":[{"href":"https:\/\/ambsingapore.esteri.it\/it\/wp-json\/wp\/v2\/media?parent=515"}],"curies":[{"name":"wp","href":"https:\/\/api.w.org\/{rel}","templated":true}]}}