{"id":524,"date":"2023-07-27T12:47:29","date_gmt":"2023-07-27T04:47:29","guid":{"rendered":"https:\/\/ambsingapore.esteri.it\/?page_id=524"},"modified":"2023-08-01T14:51:45","modified_gmt":"2023-08-01T06:51:45","slug":"adozione-di-minori","status":"publish","type":"page","link":"https:\/\/ambsingapore.esteri.it\/it\/servizi-consolari-e-visti\/servizi-per-il-cittadino-italiano\/adozione-di-minori\/","title":{"rendered":"Adozione di Minori"},"content":{"rendered":"<p>La Convenzione de L&#8217;Aja del 29 maggio 1993 sulla tutela dei minori e la cooperazione in materia di adozione internazionale \u00e8 il principale strumento su cui si basano le procedure per l\u2019adozione internazionale: essa rappresenta una garanzia sia per i diritti dei bambini e di chi desidera adottarli sia per sconfiggere qualsiasi traffico di minori che possa instaurarsi a scopo di adozione. L&#8217;Italia ha aderito a questa convenzione ratificandola con la legge 476\/1998, le cui norme hanno modificato la legge 184\/1983.<br \/>\nL&#8217;Autorit\u00e0 centrale italiana per l&#8217;applicazione della Convenzione de L&#8217;Aja del 29 maggio 1993 sulla tutela dei minori e la cooperazione in materia di adozione internazionale \u00e8 la Commissione per le Adozioni Internazionali (C.A.I.).<\/p>\n<p>Gli aspiranti all\u2019adozione che abbiano ottenuto il decreto di idoneit\u00e0 devono conferire l\u2019incarico a curare la procedura di adozione agli Enti autorizzati, che svolgono tutte le pratiche necessarie nel Paese di origine del minore.<br \/>\nAgli Enti sono assegnate tutte le funzioni relative alla procedura di una pratica di adozione internazionale, sia in Italia che all&#8217;estero: dalle prime informazioni rivolte alla coppia, agli adempimenti richiesti nel Paese di origine del minore.<\/p>\n<p><strong>Procedura di adozione<\/strong><\/p>\n<p>Una volta ricevuta dall&#8217;autorit\u00e0 straniera la\u00a0<strong>proposta di incontro con il minore<\/strong>\u00a0da adottare, l&#8217;Ente autorizzato ne informa gli aspiranti genitori adottivi e li assiste per tutte le visite necessarie. Se gli incontri della coppia con il minore si concludono positivamente, viene emanato da parte della competente Autorit\u00e0 giudiziaria straniera il provvedimento di adozione. L\u2019Ente autorizzato trasmette successivamente tutti gli atti relativi all\u2019adozione alla Commissione per le Adozioni Internazionali, che ne verifica la correttezza formale e sostanziale.<\/p>\n<p><strong>In caso di esito positivo dei controlli<\/strong>, la Commissione Adozioni Internazionali rilascia la &#8220;autorizzazione nominativa all\u2019ingresso e alla permanenza in Italia del minore adottato&#8221;.<\/p>\n<p>In tale contesto,\u00a0<strong>il compito della nostra rete diplomatico-consolare \u00e8 quello di collaborare<\/strong>, per quanto di competenza, con l&#8217;Ente autorizzato per il buon esito della procedura di adozione (art.32, comma 4, della legge n.184\/1983 come modificata dalla legge n. 476\/1998). Tale attivit\u00e0 pu\u00f2 riguardare legalizzazione e controllo della documentazione, nonch\u00e9 assistenza, laddove necessario, anche attraverso l&#8217;agevolazione dei contatti con le Autorit\u00e0 locali (in particolare in quei Paesi che non hanno ratificato la Convenzione de L\u2019Aja).<\/p>\n<p><strong>Per potere entrare in Italia<\/strong>, il minore adottato deve essere munito di un visto d\u2019ingresso per adozione che viene apposto sul passaporto estero rilasciato dal Paese d&#8217;origine.<br \/>\nAi fini della concessione del visto da parte della rete diplomatico-consolare, \u00e8 necessario che sia pervenuta l\u2019autorizzazione all&#8217;ingresso ed alla permanenza in Italia del minore della Commissione per le Adozioni Internazionali. La pratica di visto viene evasa nel minor tempo possibile, per venire incontro alle esigenze della coppia. L&#8217;effettivo rilascio del visto \u00e8 tuttavia subordinato ai tempi tecnici di trattazione.<\/p>\n","protected":false},"excerpt":{"rendered":"La Convenzione de L&#8217;Aja del 29 maggio 1993 sulla tutela dei minori e la cooperazione in materia di adozione internazionale \u00e8 il principale strumento su cui si basano le procedure per l\u2019adozione internazionale: essa rappresenta una garanzia sia per i diritti dei bambini e di chi desidera adottarli sia per sconfiggere qualsiasi traffico di minori [&hellip;]","protected":false},"author":8,"featured_media":0,"parent":47,"menu_order":11,"comment_status":"closed","ping_status":"closed","template":"","meta":{"footnotes":""},"class_list":["post-524","page","type-page","status-publish","hentry"],"_links":{"self":[{"href":"https:\/\/ambsingapore.esteri.it\/it\/wp-json\/wp\/v2\/pages\/524","targetHints":{"allow":["GET"]}}],"collection":[{"href":"https:\/\/ambsingapore.esteri.it\/it\/wp-json\/wp\/v2\/pages"}],"about":[{"href":"https:\/\/ambsingapore.esteri.it\/it\/wp-json\/wp\/v2\/types\/page"}],"author":[{"embeddable":true,"href":"https:\/\/ambsingapore.esteri.it\/it\/wp-json\/wp\/v2\/users\/8"}],"replies":[{"embeddable":true,"href":"https:\/\/ambsingapore.esteri.it\/it\/wp-json\/wp\/v2\/comments?post=524"}],"version-history":[{"count":0,"href":"https:\/\/ambsingapore.esteri.it\/it\/wp-json\/wp\/v2\/pages\/524\/revisions"}],"up":[{"embeddable":true,"href":"https:\/\/ambsingapore.esteri.it\/it\/wp-json\/wp\/v2\/pages\/47"}],"wp:attachment":[{"href":"https:\/\/ambsingapore.esteri.it\/it\/wp-json\/wp\/v2\/media?parent=524"}],"curies":[{"name":"wp","href":"https:\/\/api.w.org\/{rel}","templated":true}]}}