{"id":5292,"date":"2025-01-20T10:57:09","date_gmt":"2025-01-20T02:57:09","guid":{"rendered":"https:\/\/ambsingapore.esteri.it\/?page_id=5292"},"modified":"2025-01-20T10:57:09","modified_gmt":"2025-01-20T02:57:09","slug":"prima-iscrizione-rinnovo-iscrizione-registro-associazioni-italiane-a-singapore","status":"publish","type":"page","link":"https:\/\/ambsingapore.esteri.it\/it\/servizi-consolari-e-visti\/servizi-per-il-cittadino-italiano\/associazioni-italiane\/prima-iscrizione-rinnovo-iscrizione-registro-associazioni-italiane-a-singapore\/","title":{"rendered":"Prima Iscrizione \/ Rinnovo Iscrizione Registro Associazioni Italiane a Singapore"},"content":{"rendered":"<p style=\"text-align: justify;\">Le Associazioni Italiane operanti nelle circoscrizioni estere sono tenute ad effettuare prima affiliazione e aggiornare annualmente la propria affiliazione presso il proprio Ufficio Consolare di riferimento al fine di mantenere aggiornata la mappatura delle Associazioni operanti e operative nelle rispettive circoscrizioni.<\/p>\n<p style=\"text-align: justify;\">Il registro\/database delle Associazioni assume rilevanza giuridica quantomeno in occasione dell\u2019elezione dei membri del CGIE successiva a quella dei Com.It.Es.; l\u2019art. 13, comma 1, della Legge 368\/89, modificato dalla Legge 198\/98, prevede infatti che all\u2019assemblea elettiva partecipino rappresentanti delle Associazioni registrate. Per quanto riguarda i Com.It.Es., la Legge 286\/2003 ed il DPR 395\/2003 prevedono un ruolo attivo delle Associazioni iscritte in apposito registro nella nomina dei membri cooptati (art. 7 Legge 286\/2003), dei membri del Comitato Elettorale Circoscrizionale (art. 16 Legge 286\/2003) e dei membri dei Com.It.Es. non elettivi (art. 23 Legge 286\/2003). <strong>Tali Associazioni devono essere operanti da almeno cinque anni.<\/strong><\/p>\n<p style=\"text-align: justify;\"><strong>PARAMETRI PER LA REGISTRAZIONE<\/strong><\/p>\n<p style=\"text-align: justify;\">La rilevanza giuridica ai fini elettorali non pu\u00f2 prescindere dalla <u>rappresentativit\u00e0<\/u>: l\u2019Associazione, infatti, non solo deve esistere ma \u201cdeve operare\u201d e, in tale attivit\u00e0, non pu\u00f2 essere autoreferenziale, in quanto deve essere rappresentativa della collettivit\u00e0 di cui \u00e8 espressione.<\/p>\n<p style=\"text-align: justify;\"><u>Criterio numerico<\/u><\/p>\n<p style=\"text-align: justify;\">\u00c8 definito un numero minimo di soci al di sotto del quale l\u2019Associazione, seppur nel rispetto della sua libert\u00e0 di costituirsi, non potr\u00e0 essere registrata dall\u2019Ufficio Consolare, n\u00e9 tenuta in considerazione per le finalit\u00e0 previste dalle norme:<\/p>\n<ul style=\"text-align: justify;\">\n<li>25 soci per le circoscrizioni consolari con collettivit\u00e0 residenti, quali risultanti dagli schedari consolari, inferiori alle 100.000 unit\u00e0;<\/li>\n<li>35 soci per le circoscrizioni consolari con collettivit\u00e0 residenti, quali risultanti dagli schedari consolari, superiori alle 000 unit\u00e0.<\/li>\n<\/ul>\n<p style=\"text-align: justify;\">I soci che non risultino registrati negli schedari consolari come cittadini italiani residenti non sono tenuti in considerazione per il raggiungimento delle soglie sopra definite.<\/p>\n<p style=\"text-align: justify;\"><u>Criterio dell\u2019operativit\u00e0<\/u><\/p>\n<p style=\"text-align: justify;\">L\u2019Associazione deve svolgere concrete attivit\u00e0 che corrispondano alle finalit\u00e0 principali previste dal proprio Statuto ed agli interessi della collettivit\u00e0 e degli associati di cui \u00e8 espressione.<\/p>\n<p style=\"text-align: justify;\"><strong>ISTRUZIONI OPERATIVE<\/strong><\/p>\n<p style=\"text-align: justify;\">Al fine di ottemperare alle disposizioni per l\u2019iscrizione e l\u2019aggiornamento del rispettivo registro\/database delle Associazioni, le Associazioni dovranno inviare annualmente all\u2019Ufficio Consolare di riferimento una comunicazione scritta all\u2019indirizzo <a href=\"mailto:consolare.singapore@esteri.it\">consolare.singapore@esteri.it <\/a>allegando il <a href=\"https:\/\/ambsingapore.esteri.it\/wp-content\/uploads\/2025\/01\/011-IscrizioneRinnovo-Registro-Associazioni-Italiane-a-Singapore.docx\">modulo di richiesta prima iscrizione o rinnovo al registro delle Associazioni Italiane<\/a> operanti a Singapore.<\/p>\n<p style=\"text-align: justify;\">Questo modulo scaricabile anche nella sezione Modulistica Notarile contiene:<\/p>\n<ul style=\"text-align: justify;\">\n<li>denominazione esatta dell\u2019Associazione e suo indirizzo completo (compreso quello di posta elettronica, qualora disponibile e i telefoni utili);<\/li>\n<li>data di costituzione e di eventuale registrazione presso le Autorit\u00e0 locali,<\/li>\n<li>finalit\u00e0 principale (quale desumibile dallo Statuto). Si precisa in proposito che sono ammesse tutte le finalit\u00e0 che non siano vietate ai singoli dalla legge penale (art. 18 della Costituzione della Repubblica);<\/li>\n<li>il capitale sociale;<\/li>\n<li>i nominativi dei rappresentanti legali e dei detentori di cariche sociali;<\/li>\n<li>elenco nominativo dei soci;<\/li>\n<li>numero dei soci presenti all\u2019ultima Assemblea tenutasi;<\/li>\n<li>attivit\u00e0 svolte nel corso dell\u2019ultimo anno e data di svolgimento;<\/li>\n<li>copia del proprio Statuto vigente.<\/li>\n<\/ul>\n<p style=\"text-align: justify;\">Ricevuto riscontro dalle Associazioni, gli Uffici consolari, tenendo in considerazione il numero degli iscritti, secondo i criteri in precedenza enunciati, avranno cura di apportare nel registro\/database delle Associazioni operanti nella circoscrizione ogni variazione intervenuta. In caso di mancato riscontro l\u2019Associazione verr\u00e0 depennata dal registro.<\/p>\n<p style=\"text-align: justify;\"><strong>ISTRUZIONI GENERALI<\/strong><\/p>\n<p style=\"text-align: justify;\">Resta inteso che:<\/p>\n<ol style=\"text-align: justify;\">\n<li>spetta alle Associazioni richiedere l\u2019iscrizione nel registro\/database tenuto dall\u2019Ufficio consolare di riferimento. Non \u00e8 prevista la registrazione d\u2019ufficio;<\/li>\n<li>copia dello Statuto dell\u2019Associazione dovr\u00e0 essere conservata agli atti dell\u2019Ufficio Consolare di riferimento;<\/li>\n<li>al fine della verifica della rappresentativit\u00e0 e dell\u2019operativit\u00e0, le Associazioni devono regolarmente informare per iscritto, almeno una volta l\u2019anno, l\u2019Ufficio Consolare delle attivit\u00e0 svolte nel corso dell\u2019anno e della convocazione della loro Assemblea annuale, nonch\u00e9 delle eventuali variazioni nelle cariche sociali;<\/li>\n<li>l\u2019Associazione pu\u00f2 essere cancellata dal registro\/database:\n<ul>\n<li>quando il numero dei soci diventa inferiore al numero minimo richiesto;<\/li>\n<li>per sopravvenuto scioglimento;<\/li>\n<li>per richiesta esplicita dei legali rappresentanti dell\u2019Associazione stessa.<\/li>\n<\/ul>\n<\/li>\n<\/ol>\n<p style=\"text-align: justify;\">Inoltre, qualora le attivit\u00e0 previste dallo Statuto dell\u2019Associazione risultino, dalla comunicazione di cui al precedente punto 3 o da verifiche successivamente condotte dall\u2019Ufficio Consolare, inesistenti o irrilevanti, l\u2019Associazione verr\u00e0 cancellata dal registro\/database a cura dell\u2019Ufficio Consolare di riferimento che ne dar\u00e0 comunicazione scritta all\u2019Associazione stessa.<\/p>\n<p style=\"text-align: justify;\">Nei casi dubbi l\u2019Ufficio Consolare potr\u00e0 far ricorso al parere, non vincolante, del rispettivo Com.It.Es..<\/p>\n<p style=\"text-align: justify;\">NORMATIVA DI RIFERIMENTO<br \/>\nart. 18 Costituzione;<br \/>\nartt. 14 e ss. c.c.;<br \/>\nart. 53 DPR 18\/1967;<br \/>\nLegge 6 novembre 1989, n. 368;<br \/>\nDPR 14 settembre 1998, n. 329;<br \/>\ncirc. min.le n. 1 del 16 gennaio 2003;<br \/>\nLegge 23 ottobre 2003, n. 286;<br \/>\nDPR 29 dicembre 2003, n. 395;<br \/>\ncirc. min.le n. 4 del 6 dicembre 2007.<\/p>\n","protected":false},"excerpt":{"rendered":"Le Associazioni Italiane operanti nelle circoscrizioni estere sono tenute ad effettuare prima affiliazione e aggiornare annualmente la propria affiliazione presso il proprio Ufficio Consolare di riferimento al fine di mantenere aggiornata la mappatura delle Associazioni operanti e operative nelle rispettive circoscrizioni. Il registro\/database delle Associazioni assume rilevanza giuridica quantomeno in occasione dell\u2019elezione dei membri del [&hellip;]","protected":false},"author":13,"featured_media":0,"parent":977,"menu_order":0,"comment_status":"closed","ping_status":"closed","template":"","meta":{"footnotes":""},"class_list":["post-5292","page","type-page","status-publish","hentry"],"_links":{"self":[{"href":"https:\/\/ambsingapore.esteri.it\/it\/wp-json\/wp\/v2\/pages\/5292","targetHints":{"allow":["GET"]}}],"collection":[{"href":"https:\/\/ambsingapore.esteri.it\/it\/wp-json\/wp\/v2\/pages"}],"about":[{"href":"https:\/\/ambsingapore.esteri.it\/it\/wp-json\/wp\/v2\/types\/page"}],"author":[{"embeddable":true,"href":"https:\/\/ambsingapore.esteri.it\/it\/wp-json\/wp\/v2\/users\/13"}],"replies":[{"embeddable":true,"href":"https:\/\/ambsingapore.esteri.it\/it\/wp-json\/wp\/v2\/comments?post=5292"}],"version-history":[{"count":1,"href":"https:\/\/ambsingapore.esteri.it\/it\/wp-json\/wp\/v2\/pages\/5292\/revisions"}],"predecessor-version":[{"id":5294,"href":"https:\/\/ambsingapore.esteri.it\/it\/wp-json\/wp\/v2\/pages\/5292\/revisions\/5294"}],"up":[{"embeddable":true,"href":"https:\/\/ambsingapore.esteri.it\/it\/wp-json\/wp\/v2\/pages\/977"}],"wp:attachment":[{"href":"https:\/\/ambsingapore.esteri.it\/it\/wp-json\/wp\/v2\/media?parent=5292"}],"curies":[{"name":"wp","href":"https:\/\/api.w.org\/{rel}","templated":true}]}}