{"id":640,"date":"2023-07-27T16:40:15","date_gmt":"2023-07-27T08:40:15","guid":{"rendered":"https:\/\/ambsingapore.esteri.it\/?page_id=640"},"modified":"2023-08-10T16:40:58","modified_gmt":"2023-08-10T08:40:58","slug":"rimpatrio-sanitario-consolare-salma","status":"publish","type":"page","link":"https:\/\/ambsingapore.esteri.it\/it\/servizi-consolari-e-visti\/servizi-per-il-cittadino-italiano\/assistenza-ai-cittadini-allestero\/rimpatrio-sanitario-consolare-salma\/","title":{"rendered":"Rimpatrio sanitario, consolare, salma"},"content":{"rendered":"<p style=\"text-align: justify;\"><strong>Rimpatrio sanitario<\/strong><\/p>\n<p style=\"text-align: justify;\">Nel caso di ammalati che necessitino di ricovero ospedaliero in Italia, la Rappresentanza diplomatico-consolare invita i familiari a individuare una struttura medica nella quale il connazionale, verr\u00e0 ricoverato una volta giunto in Italia. In caso di difficolt\u00e0, la Sede pu\u00f2 chiedere alla Prefettura di individuare la struttura sanitaria.<\/p>\n<p style=\"text-align: justify;\">La Rappresentanza diplomatico-consolare deve inoltre\u00a0<strong>acquisire un certificato medico, in cui si confermi che il cittadino italiano \u00e8 in condizioni di affrontare il viaggio (la c.d. \u201ctrasportabilit\u00e0 aerea del paziente\u201d<\/strong>).<\/p>\n<p style=\"text-align: justify;\">Per i rimpatri sanitari pu\u00f2 essere concesso un sussidio a favore di connazionali indigenti stabilmente residenti nel Paese straniero, o un prestito con promessa di restituzione a favore di connazionali di passaggio in stato di temporanea indigenza, per il ritorno in Italia su aerei di linea (utilizzando, se necessario, il servizio di barella e una scorta medica a bordo).<\/p>\n<p style=\"text-align: justify;\">Per i connazionali colpiti da malattie che non consentono di firmare la promessa di restituzione, qualora i congiunti non possano provvedere al rimpatrio va acquisita la documentazione medica di temporanea incapacit\u00e0 di intendere e di volere.<\/p>\n<p style=\"text-align: justify;\">\n<p style=\"text-align: justify;\"><strong>Rimpatrio consolare<\/strong><\/p>\n<p style=\"text-align: justify;\">La Rappresentanza consolare provvede, in collaborazione con gli enti italiani territorialmente competenti (Prefetture, Questure, Comuni, Aziende Sanitarie Locali, Servizi Sociali), al rimpatrio definitivo dei\u00a0<strong>cittadini italiani residenti all\u2019estero che versino in gravi condizioni di indigenza e dei minori italiani in stato di abbandono<\/strong>.<\/p>\n<p style=\"text-align: justify;\">Il rimpatrio \u00e8 subordinato alla verifica della disponibilit\u00e0 dei congiunti ad assumersi in Italia le responsabilit\u00e0 connesse con il mantenimento e l\u2019assistenza del rimpatriando. In assenza di tale disponibilit\u00e0, il rimpatrio \u00e8 coordinato con i Servizi Sociali del Comune di ultima residenza o di origine in Italia, ovvero attraverso il ricorso a fondi regionali.<\/p>\n<p style=\"text-align: justify;\">Il rimpatrio di minori in stato di abbandono \u00e8 effettuato a carico dell\u2019Erario, di concerto con il Tribunale dei Minori competente e i Servizi Sociali del Comune di residenza.<\/p>\n<p style=\"text-align: justify;\">\n<p style=\"text-align: justify;\"><strong>Rimpatrio salma<\/strong><\/p>\n<p style=\"text-align: justify;\">Le Rappresentanze diplomatico-consolari forniscono assistenza in caso di rimpatrio di salme di cittadini italiani deceduti all\u2019estero.<br \/>\nIn questo ambito, provvedono alla\u00a0<strong>richiesta di autorizzazione al Comune italiano<\/strong>\u00a0per la tumulazione della salma o delle ceneri, se il decesso \u00e8 avvenuto in uno dei Paesi che non hanno ratificato la Convenzione di Berlino del 1937, e al\u00a0<strong>rilascio del passaporto mortuario.<\/strong><br \/>\nAl fine di ottenere il passaporto mortuario il richiedente dovr\u00e0 presentarsi presso l\u2019Ufficio consolare e produrre la seguente documentazione: certificato di morte; certificato della competente Autorit\u00e0 sanitaria locale dalla quale risulti che sono state osservate specifiche prescrizioni igieniche di sicurezza; certificato che attesti il decesso in zona esente da malattie infettive e di natura endemica. Sono solitamente le agenzie funebri ad assistere i familiari nella raccolta della documentazione.<\/p>\n<p style=\"text-align: justify;\">Gli Stati che hanno ratificato la Convenzione di Berlino concernente il trasporto delle salme sono: Austria, Belgio, Egitto, Francia, Germania, Italia, Messico, Portogallo, Repubblica Ceca, Repubblica Democratica del Congo, Romania, Slovacchia, Svizzera e Turchia.<\/p>\n","protected":false},"excerpt":{"rendered":"Rimpatrio sanitario Nel caso di ammalati che necessitino di ricovero ospedaliero in Italia, la Rappresentanza diplomatico-consolare invita i familiari a individuare una struttura medica nella quale il connazionale, verr\u00e0 ricoverato una volta giunto in Italia. In caso di difficolt\u00e0, la Sede pu\u00f2 chiedere alla Prefettura di individuare la struttura sanitaria. La Rappresentanza diplomatico-consolare deve inoltre\u00a0acquisire [&hellip;]","protected":false},"author":8,"featured_media":0,"parent":69,"menu_order":7,"comment_status":"closed","ping_status":"closed","template":"","meta":{"footnotes":""},"class_list":["post-640","page","type-page","status-publish","hentry"],"_links":{"self":[{"href":"https:\/\/ambsingapore.esteri.it\/it\/wp-json\/wp\/v2\/pages\/640","targetHints":{"allow":["GET"]}}],"collection":[{"href":"https:\/\/ambsingapore.esteri.it\/it\/wp-json\/wp\/v2\/pages"}],"about":[{"href":"https:\/\/ambsingapore.esteri.it\/it\/wp-json\/wp\/v2\/types\/page"}],"author":[{"embeddable":true,"href":"https:\/\/ambsingapore.esteri.it\/it\/wp-json\/wp\/v2\/users\/8"}],"replies":[{"embeddable":true,"href":"https:\/\/ambsingapore.esteri.it\/it\/wp-json\/wp\/v2\/comments?post=640"}],"version-history":[{"count":0,"href":"https:\/\/ambsingapore.esteri.it\/it\/wp-json\/wp\/v2\/pages\/640\/revisions"}],"up":[{"embeddable":true,"href":"https:\/\/ambsingapore.esteri.it\/it\/wp-json\/wp\/v2\/pages\/69"}],"wp:attachment":[{"href":"https:\/\/ambsingapore.esteri.it\/it\/wp-json\/wp\/v2\/media?parent=640"}],"curies":[{"name":"wp","href":"https:\/\/api.w.org\/{rel}","templated":true}]}}