{"id":6678,"date":"2025-08-20T15:36:18","date_gmt":"2025-08-20T07:36:18","guid":{"rendered":"https:\/\/ambsingapore.esteri.it\/?page_id=6678"},"modified":"2026-01-14T16:42:44","modified_gmt":"2026-01-14T08:42:44","slug":"per-beneficio-di-legge-d-l-36-2025","status":"publish","type":"page","link":"https:\/\/ambsingapore.esteri.it\/it\/servizi-consolari-e-visti\/servizi-per-il-cittadino-italiano\/stato-civile\/trascrizione-atto-di-nascita\/per-beneficio-di-legge-d-l-36-2025\/","title":{"rendered":"Per beneficio di legge D.L. 36\/2025"},"content":{"rendered":"<p><strong>La richiesta di registrazione in Italia della nascita avvenuta all\u2019estero di figlio minorenne di un cittadino italiano \u00e8, a pieno titolo, una domanda di riconoscimento della cittadinanza a favore del figlio minore.<\/strong><\/p>\n<p>La cittadinanza italiana si trasmette da genitore in figlio, per un massimo di due generazioni, con la condizione che il genitore italiano non abbia mai rinunciato alla cittadinanza.<\/p>\n<p>Il Decreto-Legge n. 36\/2025, del 28 marzo 2025, convertito in legge in data 24 maggio 2025 (legge 74\/2025), ha introdotto ulteriori requisiti in materia di riconoscimento della cittadinanza per i minori figli di cittadini italiani.<\/p>\n<p>In particolare, secondo le nuove disposizioni, il cittadino italiano trasmette automaticamente la cittadinanza al <strong>figlio minore nato all\u2019estero e non in possesso di altre cittadinanze.<\/strong><\/p>\n<p>Pertanto ne pu\u00f2 registrare la nascita in Italia, <strong>senza pagamento di contributi amministrativi e consegnando tutta la documentazione necessaria all&#8217;Ambasciata<\/strong>, se ricorre una delle seguenti condizioni:<\/p>\n<ul>\n<li><strong>entrambi i genitori sono italiani per nascita e non sono in possesso di altre cittadinanze;<\/strong><\/li>\n<li><strong>uno dei genitori (anche adottivo) o uno dei nonni <\/strong>possiede \u2013 o possedeva al momento del decesso \u2013 <strong>esclusivamente la cittadinanza italiana<\/strong> (ovvero non ha e non pu\u00f2 avere avuto nessun\u2019altra cittadinanza al di fuori di quella italiana) al momento della nascita del minore;<\/li>\n<li><strong>uno dei genitori (anche adottivo), cittadino italiano, \u00e8 stato residente in Italia per almeno due anni continuativi, successivamente all\u2019acquisto della cittadinanza italiana e prima della nascita o dell\u2019adozione del minore;<\/strong><\/li>\n<li><strong>il minore non ha e non pu\u00f2 avere nessun\u2019altra cittadinanza<\/strong>.<\/li>\n<\/ul>\n<p><strong>NUOVI CASI DI ACQUISTO DELLA CITTADINANZA ALL\u2019ESTERO (FIGLI MINORENNI DI CITTADINI CHE NON TRASMETTONO AUTOMATICAMENTE LA CITTADINANZA ITALIANA)<\/strong><\/p>\n<p>In alcuni casi limitati, previsti dal comma 1-bis dell\u2019articolo 4 della legge n. 91\/1992 e dall\u2019articolo 1-ter del decreto legge n. 36\/2025 come convertito in legge, i figli minorenni nati all\u2019estero da genitore cittadino che non trasmette automaticamente la cittadinanza (ossia che<strong> non rientrano in una delle 4 fattispecie sopra elencate<\/strong>), possono acquistare la cittadinanza italiana nei seguenti due casi :<\/p>\n<ol>\n<li><strong>Per Beneficio di legge<\/strong>. In questo primo caso i seguenti requisiti devono essere rispettati <strong>CONGIUNTAMENTE<\/strong><\/li>\n<\/ol>\n<ul>\n<li><strong>Almeno uno dei genitori \u00e8 cittadino italiano per nascita<\/strong> (anche se in possesso di altra cittadinanza);<\/li>\n<li>entrambi i genitori presentano una <strong>dichiarazione di volont\u00e0 di acquisto della cittadinanza italiana<\/strong> <strong>entro TRE anni dalla nascita del minore<\/strong>. La dichiarazione di volont\u00e0 di acquisto della cittadinanza deve essere formale e avvenire di persona, presso l\u2019Ufficio Consolare<strong> corredata dal certificato di cittadinanza estera del minore.<\/strong><\/li>\n<\/ul>\n<p>2. <strong>Per norma transitoria. <\/strong>In questo secondo caso le seguenti condizioni devono sussistere all&#8217;unisono:<\/p>\n<ul>\n<li>i richiedenti <strong>sono minorenni alla data di entrata in vigore della legge di conversione del DL n. 36\/2025<\/strong> (cio\u00e8 persone che non avevano ancora compiuto i 18 anni di et\u00e0 alla data del 24 maggio 2025);<\/li>\n<li>i richiedenti sono <strong>figli di cittadino per nascita<\/strong> riconosciuto italiano sulla base di domanda amministrativa o giudiziale presentata entro le 23:59 (ora di Roma) del 27 marzo 2025 o sulla base di domanda presentata previo appuntamento prenotato entro la medesima data;<\/li>\n<li>I genitori dei minorenni devono presentare <strong>una dichiarazione di volont\u00e0 di acquisto della cittadinanza italiana entro il 31 maggio 2026. <\/strong>La dichiarazione di volont\u00e0 di acquisto della cittadinanza deve essere formale e avvenire di persona, <em>presso l\u2019Ufficio Consolare<\/em><strong> corredata dal certificato di cittadinanza estera del minore.<\/strong><\/li>\n<\/ul>\n<p><strong>Entrambe le dichiarazioni hanno carattere gratuito<\/strong>. Le modifiche stabilite dalla legge di bilancio non hanno carattere retroattivo, bens\u00ec vigono dal 1\u00b0 gennaio 2026. Per questa ragione, la gratuit\u00e0 vale unicamente per le istanze presentate a partire da tale data, mentre non \u00e8 previsto alcun rimborso per le istanze gi\u00e0 presentate fino al 31 dicembre 2025.<\/p>\n<p>Se l\u2019interessato, minorenne alla data del 24 maggio 2025, diviene nel frattempo maggiorenne, la dichiarazione dovr\u00e0 essere presentata da lui personalmente entro la medesima data.<\/p>\n<p>NOTA BENE: <span style=\"text-decoration: underline;\">Le due nuove ipotesi sopra descritte configurano un acquisto della cittadinanza per \u201cbeneficio di legge\u201d: il minore che ne beneficia non \u00e8 cittadino italiano per nascita o iure sanguinis. Cio\u00e8, in base all\u2019art. 15 della legge n. 91\/1992, il minore non acquista la cittadinanza dal giorno della nascita, ma dal giorno successivo alla dichiarazione dei genitori.<\/span><\/p>\n","protected":false},"excerpt":{"rendered":"La richiesta di registrazione in Italia della nascita avvenuta all\u2019estero di figlio minorenne di un cittadino italiano \u00e8, a pieno titolo, una domanda di riconoscimento della cittadinanza a favore del figlio minore. La cittadinanza italiana si trasmette da genitore in figlio, per un massimo di due generazioni, con la condizione che il genitore italiano non [&hellip;]","protected":false},"author":7,"featured_media":0,"parent":365,"menu_order":0,"comment_status":"closed","ping_status":"closed","template":"","meta":{"footnotes":""},"class_list":["post-6678","page","type-page","status-publish","hentry"],"_links":{"self":[{"href":"https:\/\/ambsingapore.esteri.it\/it\/wp-json\/wp\/v2\/pages\/6678","targetHints":{"allow":["GET"]}}],"collection":[{"href":"https:\/\/ambsingapore.esteri.it\/it\/wp-json\/wp\/v2\/pages"}],"about":[{"href":"https:\/\/ambsingapore.esteri.it\/it\/wp-json\/wp\/v2\/types\/page"}],"author":[{"embeddable":true,"href":"https:\/\/ambsingapore.esteri.it\/it\/wp-json\/wp\/v2\/users\/7"}],"replies":[{"embeddable":true,"href":"https:\/\/ambsingapore.esteri.it\/it\/wp-json\/wp\/v2\/comments?post=6678"}],"version-history":[{"count":8,"href":"https:\/\/ambsingapore.esteri.it\/it\/wp-json\/wp\/v2\/pages\/6678\/revisions"}],"predecessor-version":[{"id":7750,"href":"https:\/\/ambsingapore.esteri.it\/it\/wp-json\/wp\/v2\/pages\/6678\/revisions\/7750"}],"up":[{"embeddable":true,"href":"https:\/\/ambsingapore.esteri.it\/it\/wp-json\/wp\/v2\/pages\/365"}],"wp:attachment":[{"href":"https:\/\/ambsingapore.esteri.it\/it\/wp-json\/wp\/v2\/media?parent=6678"}],"curies":[{"name":"wp","href":"https:\/\/api.w.org\/{rel}","templated":true}]}}