{"id":67,"date":"2023-04-11T18:17:44","date_gmt":"2023-04-11T16:17:44","guid":{"rendered":"https:\/\/ambasciatapraga.esteri.it\/?page_id=67"},"modified":"2024-01-11T14:58:23","modified_gmt":"2024-01-11T06:58:23","slug":"emergency-travel-documents-etd","status":"publish","type":"page","link":"https:\/\/ambsingapore.esteri.it\/it\/servizi-consolari-e-visti\/servizi-per-il-cittadino-italiano\/passaporti-e-carte-didentita\/emergency-travel-documents-etd\/","title":{"rendered":"Emergency Travel Documents (ETD)"},"content":{"rendered":"<p style=\"text-align: justify;\">L\u2019E.T.D. (Emergency Travel Document) \u00e8 un documento provvisorio di viaggio con\u00a0<strong>validit\u00e0 per il solo viaggio di rientro in Italia<\/strong>,<strong>\u00a0nel Paese di stabile residenza all\u2019estero<\/strong>\u00a0o, in casi eccezionali, per una\u00a0<strong>diversa destinazione.<\/strong>\u00a0L\u2019E.T.D. ha\u00a0<strong>validit\u00e0 di 5 giorni<\/strong>\u00a0a partire dalla data di rilascio. Pu\u00f2 essere rilasciato dall\u2019Autorit\u00e0 Consolare solo in caso di\u00a0<strong>furto o smarrimento del passaporto\/carta di identit\u00e0<\/strong>, qualora non sia possibile esperire la necessaria istruttoria per l\u2019emissione di un nuovo passaporto prima della partenza dal Paese.<\/p>\n<p style=\"text-align: justify;\">L\u2019E.T.D. pu\u00f2 essere rilasciato\u00a0<strong>anche a cittadini di Paesi membri dell\u2019Unione Europea<\/strong>, previa acquisizione dell\u2019<strong>autorizzazione formale<\/strong>\u00a0da parte di una rappresentanza diplomatico-consolare o del Ministero degli Esteri del Paese di appartenenza del richiedente.<\/p>\n<p style=\"text-align: justify;\"><strong>Documentazione necessaria ai fini del rilascio dell\u2019E.T.D. per cittadini italiani\/UE a Singapore<\/strong><\/p>\n<p style=\"text-align: justify;\">Per ottenere l\u2019E.T.D. presentarsi in Consolato portando con s\u00e9 la seguente documentazione:<\/p>\n<ul style=\"text-align: justify;\">\n<li>denuncia di smarrimento o furto del passaporto, resa al Consolato ai sensi degli articoli 46 e 47 e con le avvertenze di cui all&#8217;art. 76 del D.P.R. 445\/2000;<\/li>\n<li>denuncia di furto o smarrimento del passaporto o di altro documento di viaggio presso le locali autorit\u00e0 di polizia;<\/li>\n<li>2 fotografie (uguali, frontali, a colori, sfondo bianco, formato 35 x 40 mm);<\/li>\n<li>titolo di viaggio del richiedente;<\/li>\n<\/ul>\n<p style=\"text-align: justify;\">Per info sulle tariffe relative all\u2019E.T.D. consultare le\u00a0<a href=\"https:\/\/ambsingapore.esteri.it\/it\/servizi-consolari-e-visti\/servizi-per-il-cittadino-italiano\/tariffe-consolari\/\"><strong>Tariffe Consolari<\/strong>.<\/a><\/p>\n<p style=\"text-align: justify;\">L\u2019E.T.D. ha un costo di 1,55 euro e va pagato il loco al momento del rilascio.<\/p>\n<p style=\"text-align: justify;\"><strong>Richiesta E.T.D. per cittadini italiani\/UE in Brunei<\/strong><\/p>\n<p style=\"text-align: justify;\">Il cittadino italiano\/UE che si trovi in Brunei, in caso di furto\/smarrimento del passaporto pu\u00f2 contattare\u00a0<strong>l\u2019Ambasciata d\u2019Italia a Singapore<\/strong>\u00a0per richiedere l\u2019E.T.D. I documenti vengono spediti con spese a carico dell\u2019utente.<\/p>\n<p style=\"text-align: justify;\"><strong>Appuntamento per E.T.D.<\/strong><\/p>\n<p style=\"text-align: justify;\">Per fissare l\u2019appuntamento per il rilascio dell\u2019E.T.D. l\u2019utente deve contattare l\u2019Autorit\u00e0 Consolare via mail o\u00a0<strong>telefonicamente<\/strong>.<\/p>\n<p style=\"text-align: justify;\"><strong>Orari di Apertura al pubblico<\/strong><strong>\u00a0<\/strong><\/p>\n<p style=\"text-align: justify;\"><strong>Luned\u00ec, Mercoled\u00ec e Venerd\u00ec<\/strong>\u00a0:\u00a0<strong>09:30 &#8211; 11:30<\/strong><\/p>\n<p style=\"text-align: justify;\"><strong>Marted\u00ec e Gioved\u00ec<\/strong>\u00a0 \u00a0 \u00a0 \u00a0 \u00a0 \u00a0 \u00a0 \u00a0 \u00a0:\u00a0<strong>14:00 &#8211; 15:30<\/strong><\/p>\n<p style=\"text-align: justify;\"><strong>Contatti<\/strong>:<\/p>\n<p style=\"text-align: justify;\"><strong>Email<\/strong>:\u00a0<strong><a href=\"mailto:singapore.passaporti@esteri.it\">singapore.passaporti@esteri.it<\/a>\u00a0<\/strong><\/p>\n<p style=\"text-align: justify;\"><strong>Centralino<\/strong>: Tel.\u00a0<strong>(65) 62506022<\/strong><\/p>\n<p style=\"text-align: justify;\"><strong>Emergenza<\/strong>:\u00a0<strong>+65 90629004<\/strong>\u00a0(solo in casi di estrema urgenza o bisogno al di fuori degli orari d\u2019ufficio)<\/p>\n<p style=\"text-align: justify;\"><strong>Modulistica E.T.D.<\/strong><\/p>\n<p style=\"text-align: justify;\"><a href=\"https:\/\/ambsingapore.esteri.it\/wp-content\/uploads\/2023\/07\/17.-37406_f_formulariodenunciafurtosmarrimentopassaporto.pdf\"><strong>Formulario denuncia furto\/smarrimento Passaporto<\/strong><\/a><\/p>\n","protected":false},"excerpt":{"rendered":"L\u2019E.T.D. (Emergency Travel Document) \u00e8 un documento provvisorio di viaggio con\u00a0validit\u00e0 per il solo viaggio di rientro in Italia,\u00a0nel Paese di stabile residenza all\u2019estero\u00a0o, in casi eccezionali, per una\u00a0diversa destinazione.\u00a0L\u2019E.T.D. ha\u00a0validit\u00e0 di 5 giorni\u00a0a partire dalla data di rilascio. Pu\u00f2 essere rilasciato dall\u2019Autorit\u00e0 Consolare solo in caso di\u00a0furto o smarrimento del passaporto\/carta di identit\u00e0, qualora [&hellip;]","protected":false},"author":1,"featured_media":0,"parent":49,"menu_order":3,"comment_status":"closed","ping_status":"closed","template":"","meta":{"footnotes":""},"class_list":["post-67","page","type-page","status-publish","hentry"],"_links":{"self":[{"href":"https:\/\/ambsingapore.esteri.it\/it\/wp-json\/wp\/v2\/pages\/67","targetHints":{"allow":["GET"]}}],"collection":[{"href":"https:\/\/ambsingapore.esteri.it\/it\/wp-json\/wp\/v2\/pages"}],"about":[{"href":"https:\/\/ambsingapore.esteri.it\/it\/wp-json\/wp\/v2\/types\/page"}],"author":[{"embeddable":true,"href":"https:\/\/ambsingapore.esteri.it\/it\/wp-json\/wp\/v2\/users\/1"}],"replies":[{"embeddable":true,"href":"https:\/\/ambsingapore.esteri.it\/it\/wp-json\/wp\/v2\/comments?post=67"}],"version-history":[{"count":1,"href":"https:\/\/ambsingapore.esteri.it\/it\/wp-json\/wp\/v2\/pages\/67\/revisions"}],"predecessor-version":[{"id":2739,"href":"https:\/\/ambsingapore.esteri.it\/it\/wp-json\/wp\/v2\/pages\/67\/revisions\/2739"}],"up":[{"embeddable":true,"href":"https:\/\/ambsingapore.esteri.it\/it\/wp-json\/wp\/v2\/pages\/49"}],"wp:attachment":[{"href":"https:\/\/ambsingapore.esteri.it\/it\/wp-json\/wp\/v2\/media?parent=67"}],"curies":[{"name":"wp","href":"https:\/\/api.w.org\/{rel}","templated":true}]}}