{"id":69,"date":"2023-04-11T18:18:20","date_gmt":"2023-04-11T16:18:20","guid":{"rendered":"https:\/\/ambasciatapraga.esteri.it\/?page_id=69"},"modified":"2023-08-10T16:39:34","modified_gmt":"2023-08-10T08:39:34","slug":"assistenza-ai-cittadini-allestero","status":"publish","type":"page","link":"https:\/\/ambsingapore.esteri.it\/it\/servizi-consolari-e-visti\/servizi-per-il-cittadino-italiano\/assistenza-ai-cittadini-allestero\/","title":{"rendered":"Assistenza ai cittadini all&#8217;estero"},"content":{"rendered":"<p class=\"boxLevel03\" style=\"text-align: justify;\"><strong>Assistenza Sanitaria<\/strong><\/p>\n<p style=\"text-align: justify;\">Il sistema sanitario locale non prevede alcuna forma di tutela; e&#8217; esclusa anche la copertura delle prestazioni di pronto soccorso.<\/p>\n<p style=\"text-align: justify;\">Vi consigliamo pertanto di\u00a0<strong>provvedere &#8211; prima della partenza &#8211; alla stipula di una assicurazione sanitaria privata<\/strong>, che preveda la copertura delle spese mediche e l\u2019eventuale rimpatrio aereo sanitario (o il trasferimento in altro Paese).<\/p>\n<p style=\"text-align: justify;\">Per informazioni sul rimborso delle spese sanitarie sostenute all&#8217;estero, consultate la pagina del sito del Ministero della Salute\u00a0<a href=\"http:\/\/www.salute.gov.it\/portale\/ministro\/p4_8_0.jsp?lingua=italiano&amp;label=servizionline&amp;idMat=ASE&amp;idAmb=TRASF&amp;idSrv=RPL&amp;flag=P\"><strong>QUI<\/strong><\/a>.<\/p>\n<p style=\"text-align: justify;\"><strong>Assistenza Sociale<\/strong><\/p>\n<p style=\"text-align: justify;\">AI servizio di assistenza sociale \u00e8 destinato ai connazionali che versano in una situazione di indigenza. Questi connazionali possono ricevere dall&#8217;Ambasciata un aiuto (economico o di altro tipo) per superare, momentaneamente, la propria difficile situazione. I presupposti per ottenere l\u2019assistenza sono:<\/p>\n<ul style=\"text-align: justify;\">\n<li>cittadinanza italiana<\/li>\n<li>stato di indigenza<\/li>\n<li>residenza nella circoscrizione consolare<\/li>\n<\/ul>\n<p style=\"text-align: justify;\">L&#8217;Ambasciata concentra le proprie risorse nell\u2019assistenza alla fascia pi\u00f9 povera di connazionali, sulla base dei seguenti criteri:<\/p>\n<ul style=\"text-align: justify;\">\n<li style=\"text-align: justify;\">reddito (priorit\u00e0 a coloro che ne sono totalmente sprovvisti, che non ricevono pensione o altri sussidi o hanno solo la pensione minima)<\/li>\n<li style=\"text-align: justify;\">et\u00e0 (priorit\u00e0 ai pi\u00f9 anziani)<\/li>\n<li style=\"text-align: justify;\">situazione di famiglia (priorit\u00e0 alle persone che non hanno abitazione o che non hanno familiari che li possano aiutare)<\/li>\n<li style=\"text-align: justify;\">salute (priorit\u00e0 a coloro che necessitano di cure prolungate e\/o molto onerose)<\/li>\n<li style=\"text-align: justify;\">familiari a carico con handicap fisici o mentali<\/li>\n<\/ul>\n<p style=\"text-align: justify;\">\n","protected":false},"excerpt":{"rendered":"Assistenza Sanitaria Il sistema sanitario locale non prevede alcuna forma di tutela; e&#8217; esclusa anche la copertura delle prestazioni di pronto soccorso. Vi consigliamo pertanto di\u00a0provvedere &#8211; prima della partenza &#8211; alla stipula di una assicurazione sanitaria privata, che preveda la copertura delle spese mediche e l\u2019eventuale rimpatrio aereo sanitario (o il trasferimento in altro [&hellip;]","protected":false},"author":1,"featured_media":0,"parent":47,"menu_order":3,"comment_status":"closed","ping_status":"closed","template":"","meta":{"footnotes":""},"class_list":["post-69","page","type-page","status-publish","hentry"],"_links":{"self":[{"href":"https:\/\/ambsingapore.esteri.it\/it\/wp-json\/wp\/v2\/pages\/69","targetHints":{"allow":["GET"]}}],"collection":[{"href":"https:\/\/ambsingapore.esteri.it\/it\/wp-json\/wp\/v2\/pages"}],"about":[{"href":"https:\/\/ambsingapore.esteri.it\/it\/wp-json\/wp\/v2\/types\/page"}],"author":[{"embeddable":true,"href":"https:\/\/ambsingapore.esteri.it\/it\/wp-json\/wp\/v2\/users\/1"}],"replies":[{"embeddable":true,"href":"https:\/\/ambsingapore.esteri.it\/it\/wp-json\/wp\/v2\/comments?post=69"}],"version-history":[{"count":0,"href":"https:\/\/ambsingapore.esteri.it\/it\/wp-json\/wp\/v2\/pages\/69\/revisions"}],"up":[{"embeddable":true,"href":"https:\/\/ambsingapore.esteri.it\/it\/wp-json\/wp\/v2\/pages\/47"}],"wp:attachment":[{"href":"https:\/\/ambsingapore.esteri.it\/it\/wp-json\/wp\/v2\/media?parent=69"}],"curies":[{"name":"wp","href":"https:\/\/api.w.org\/{rel}","templated":true}]}}