{"id":71,"date":"2023-04-11T18:19:16","date_gmt":"2023-04-11T16:19:16","guid":{"rendered":"https:\/\/ambasciatapraga.esteri.it\/?page_id=71"},"modified":"2025-01-17T11:53:28","modified_gmt":"2025-01-17T03:53:28","slug":"servizi-notarili","status":"publish","type":"page","link":"https:\/\/ambsingapore.esteri.it\/it\/servizi-consolari-e-visti\/servizi-per-il-cittadino-italiano\/servizi-notarili\/","title":{"rendered":"Servizi Notarili"},"content":{"rendered":"<p class=\"boxLevel03\" style=\"text-align: justify;\">In base alla normativa vigente (D. Lgs. 71\/2011) il servizio notarile \u00e8 dovuto unicamente ai cittadini italiani che si trovino all&#8217;estero in via permanente o temporanea.<\/p>\n<p style=\"text-align: justify;\">Per la sottoscrizione di atti notarili ed altri servizi da far valere dinanzi alle Autorit\u00e0 italiane, i cittadini stranieri dovranno rivolgersi ad un notaio pubblico di Singapore (premere <a href=\"https:\/\/legalisation.sal.sg\/Directory\"><strong>qui <\/strong><\/a>per accedere all&#8217;elenco dei<strong>\u00a0Notai Pubblici di Singapore<\/strong>).<\/p>\n<p style=\"text-align: justify;\">Gli atti notarili effettuati presso questa Ambasciata sono validi nel solo territorio della Repubblica Italiana e presso le Rappresentanze diplomatico-consolari Italiane. Il cittadino italiano che si trova in territorio singaporiano e necessiti di sottoscrivere un atto notarile da far valere a Singapore o in Paesi terzi dovr\u00e0 rivolgersi ad un notaio pubblico di Singapore.<\/p>\n<p style=\"text-align: justify;\"><strong>N.B.<\/strong>: A partire dal\u00a0<strong>20 gennaio 2021\u00a0<\/strong>gli atti rilasciati da un notaio singaporiano, per essere validi in Italia, devono essere legalizzati dalla\u00a0<strong><a href=\"https:\/\/legalisation.sal.sg\/App\/Templates\/Poster_for_Legalisation_2_Dec_2020.pdf\">Singapore Academy of Law<\/a>\u00a0(SAL).<\/strong><\/p>\n<p style=\"text-align: justify;\">Per usufruire di tutti i servizi \u00e8 necessario fissare un appuntamento tramite il sistema\u00a0<a href=\"https:\/\/prenotami.esteri.it\/\"><strong>Prenot@mi<\/strong><\/a> sul nostro sito. Il pagamento dei servizi notarili deve essere effettuato allo sportello consolare in dollari di Singapore o tramite circuito NETS. Per conoscere le tariffe \u00e8 possibile consultare la <a href=\"https:\/\/www.esteri.it\/mae\/resource\/doc\/2017\/02\/tariffa_consolare_aggiornata__2017.pdf\">tabella dei diritti consolari<\/a>\u00a0emessa dal Ministero degli Affari Esteri e della Cooperazione Internazionale.<\/p>\n<p style=\"text-align: justify;\">I servizi notarili offerti sono i seguenti:<\/p>\n<p style=\"text-align: justify;\"><strong><a href=\"https:\/\/ambsingapore.esteri.it\/it\/servizi-consolari-e-visti\/servizi-per-il-cittadino-italiano\/servizi-notarili\/accettazione-e-rinuncia-di-eredita\/\">Accettazione e rinuncia di eredit\u00e0;<\/a><br \/>\n<a href=\"https:\/\/ambsingapore.esteri.it\/it\/servizi-consolari-e-visti\/servizi-per-il-cittadino-italiano\/servizi-notarili\/atti-di-assenso-per-il-rilascio-di-un-documento-di-identita-di-minore-italiano-presso-altra-sede\/\">Atti di assenso per il rilascio di un documento di identit\u00e0 di minore italiano presso altra sede;<\/a><br \/>\n<a href=\"https:\/\/ambsingapore.esteri.it\/it\/servizi-consolari-e-visti\/servizi-per-il-cittadino-italiano\/servizi-notarili\/atti-di-riconoscimento-di-figli-nati-fuori-dal-matrimonio\/\">Atti di riconoscimento di figli nati fuori dal matrimonio;<\/a><br \/>\n<a href=\"https:\/\/ambsingapore.esteri.it\/it\/servizi-consolari-e-visti\/servizi-per-il-cittadino-italiano\/servizi-notarili\/autenticazione-di-copia-di-atti-e-documenti\/\">Autenticazione di copia di atti, documenti e fotografia;<\/a><br \/>\n<\/strong><strong><a href=\"https:\/\/ambsingapore.esteri.it\/it\/servizi-consolari-e-visti\/servizi-per-il-cittadino-italiano\/servizi-notarili\/autocertificazioni-dichiarazioni-sostitutive-e-atti-notori\/\">Autocertificazioni, dichiarazioni sostitutive e atti notori;<\/a><br \/>\n<a href=\"https:\/\/ambsingapore.esteri.it\/it\/servizi-consolari-e-visti\/servizi-per-il-cittadino-italiano\/servizi-notarili\/certificati-penali\/\">Certificati penali;<\/a><br \/>\n<a href=\"https:\/\/ambsingapore.esteri.it\/it\/servizi-consolari-e-visti\/servizi-per-il-cittadino-italiano\/servizi-notarili\/certificazione-esecuzione-lavori-eseguiti-allestero-da-imprese-italiane-c-e-l\/\">Certificazione esecuzione lavori eseguiti all&#8217;estero da imprese italiane (C.E.L.)<\/a>;<br \/>\n<a href=\"https:\/\/ambsingapore.esteri.it\/it\/servizi-consolari-e-visti\/servizi-per-il-cittadino-italiano\/servizi-notarili\/dichiarazione-di-accompagnamento-per-i-cittadini-italiani-minori-di-14-anni\/\">Dichiarazione di accompagnamento per cittadini italiani minori di 14 anni;<\/a><br \/>\n<a href=\"https:\/\/ambsingapore.esteri.it\/it\/servizi-consolari-e-visti\/servizi-per-il-cittadino-italiano\/servizi-notarili\/dichiarazione-di-separazione-o-di-comunione-dei-beni-tra-coniugi\/\">Dichiarazione di separazione o di comunione dei beni tra coniugi;<\/a><br \/>\n<a href=\"https:\/\/ambsingapore.esteri.it\/it\/servizi-consolari-e-visti\/servizi-per-il-cittadino-italiano\/servizi-notarili\/dichiarazione-di-vendita-di-veicolo\/\">Dichiarazione di vendita\/reimmatricolazione\/radiazione di veicolo;<\/a><br \/>\n<a href=\"https:\/\/ambsingapore.esteri.it\/it\/servizi-consolari-e-visti\/servizi-per-il-cittadino-italiano\/servizi-notarili\/disposizioni-anticipate-di-trattamento\/\">Disposizioni anticipate di trattamento DAT;<\/a><br \/>\n<a href=\"https:\/\/ambsingapore.esteri.it\/it\/servizi-consolari-e-visti\/servizi-per-il-cittadino-italiano\/servizi-notarili\/istanza-al-giudice-tutelare\/\">Istanza al Giudice Tutelare;<\/a><\/strong><strong><br \/>\n<a href=\"https:\/\/ambsingapore.esteri.it\/it\/servizi-consolari-e-visti\/servizi-per-il-cittadino-italiano\/servizi-notarili\/notifica-allestero-di-atti-giudiziari-ed-extragiudiziari\/\">Notifica all&#8217;estero di atti giudiziari ed extragiudiziari;<\/a><\/strong><strong><br \/>\n<a href=\"https:\/\/ambsingapore.esteri.it\/it\/servizi-consolari-e-visti\/servizi-per-il-cittadino-italiano\/servizi-notarili\/pratiche-di-navigazione-marittima\/\">Pratiche di Navigazione Marittima;<\/a><br \/>\n<a href=\"https:\/\/ambsingapore.esteri.it\/it\/servizi-consolari-e-visti\/servizi-per-il-cittadino-italiano\/servizi-notarili\/procure-generali-e-speciali\/\">Procure generali e speciali;<\/a><br \/>\n<a href=\"https:\/\/ambsingapore.esteri.it\/it\/servizi-consolari-e-visti\/servizi-per-il-cittadino-italiano\/servizi-notarili\/riconoscimento-in-italia-di-adozione-a-singapore\/\">Riconoscimento in Italia di adozione a Singapore.<\/a><\/p>\n<p><\/strong><\/p>\n<p style=\"text-align: justify;\">I cittadini italiani che desiderano formalizzare una procura presso questa Ambasciata, dovranno <strong>inviare almeno 3 giorni prima della data fissata per l&#8217;appuntamento, una bozza in formato modificabile<\/strong>\u00a0(MS Word, RTF) dell&#8217;atto richiesto redatta dal notaio\/avvocato italiano, al seguente indirizzo email:\u00a0<strong><a href=\"mailto:consolare.singapore@esteri.it\">consolare.singapore@esteri.it<\/a><\/strong>\u00a0.<\/p>\n<p style=\"text-align: justify;\">Nel giorno dell\u2019appuntamento dovranno presentarsi personalmente presso lo sportello consolare, muniti di documento di identit\u00e0 italiano (passaporto o carta di identit\u00e0) in corso di validit\u00e0 e codice fiscale. Dovranno inoltre fornire i dati relativi alla propria residenza anagrafica e allo stato civile. Sar\u00e0 altres\u00ec necessario esibire una copia del documento d\u2019identit\u00e0 e del codice fiscale del procuratore.<\/p>\n","protected":false},"excerpt":{"rendered":"In base alla normativa vigente (D. Lgs. 71\/2011) il servizio notarile \u00e8 dovuto unicamente ai cittadini italiani che si trovino all&#8217;estero in via permanente o temporanea. Per la sottoscrizione di atti notarili ed altri servizi da far valere dinanzi alle Autorit\u00e0 italiane, i cittadini stranieri dovranno rivolgersi ad un notaio pubblico di Singapore (premere qui [&hellip;]","protected":false},"author":1,"featured_media":0,"parent":47,"menu_order":9,"comment_status":"closed","ping_status":"closed","template":"","meta":{"footnotes":""},"class_list":["post-71","page","type-page","status-publish","hentry"],"_links":{"self":[{"href":"https:\/\/ambsingapore.esteri.it\/it\/wp-json\/wp\/v2\/pages\/71","targetHints":{"allow":["GET"]}}],"collection":[{"href":"https:\/\/ambsingapore.esteri.it\/it\/wp-json\/wp\/v2\/pages"}],"about":[{"href":"https:\/\/ambsingapore.esteri.it\/it\/wp-json\/wp\/v2\/types\/page"}],"author":[{"embeddable":true,"href":"https:\/\/ambsingapore.esteri.it\/it\/wp-json\/wp\/v2\/users\/1"}],"replies":[{"embeddable":true,"href":"https:\/\/ambsingapore.esteri.it\/it\/wp-json\/wp\/v2\/comments?post=71"}],"version-history":[{"count":8,"href":"https:\/\/ambsingapore.esteri.it\/it\/wp-json\/wp\/v2\/pages\/71\/revisions"}],"predecessor-version":[{"id":5232,"href":"https:\/\/ambsingapore.esteri.it\/it\/wp-json\/wp\/v2\/pages\/71\/revisions\/5232"}],"up":[{"embeddable":true,"href":"https:\/\/ambsingapore.esteri.it\/it\/wp-json\/wp\/v2\/pages\/47"}],"wp:attachment":[{"href":"https:\/\/ambsingapore.esteri.it\/it\/wp-json\/wp\/v2\/media?parent=71"}],"curies":[{"name":"wp","href":"https:\/\/api.w.org\/{rel}","templated":true}]}}