{"id":751,"date":"2023-07-28T12:04:31","date_gmt":"2023-07-28T04:04:31","guid":{"rendered":"https:\/\/ambsingapore.esteri.it\/?page_id=751"},"modified":"2023-07-28T12:04:31","modified_gmt":"2023-07-28T04:04:31","slug":"prenota-online","status":"publish","type":"page","link":"https:\/\/ambsingapore.esteri.it\/it\/servizi-consolari-e-visti\/servizi-per-il-cittadino-straniero\/prenota-online\/","title":{"rendered":"Prenota Online"},"content":{"rendered":"<p>I servizi consolari sono erogati esclusivamente su appuntamento utilizzando il servizio di prenotazione online\u00a0<a href=\"https:\/\/prenotami.esteri.it\/\"><strong>Prenot@mi<\/strong><\/a><\/p>\n<p>Quando si accede per la prima volta al portale \u00e8 necessario registrarsi.<\/p>\n<p><strong>Creare un account sul portale\u00a0<\/strong><\/p>\n<p>Per accedere al servizio la prima volta l&#8217;utente dovr\u00e0 registrarsi al portale fornendo i dati personali ed un indirizzo di posta elettronica, dove l&#8217;utente ricever\u00e0 una e-mail di conferma della registrazione, che consenitr\u00e0 di attivare la propria utenza.<\/p>\n<p>Una volta ricevute le credenziali l&#8217;utente potr\u00e0 accedere al portale mediante il proprio nome utente e password, cliccando su &#8220;Login&#8221;. L&#8217;utente dovr\u00e0 poi selezionare il servizio richiesto.<\/p>\n<p>Se la casella email\u00a0\u00e8 del tipo gratuito &#8211; per es. Yahoo, Hotmail, Terra, Gmail, ecc. &#8211; \u00e8 possibile che la e-mail di conferma pervenga con ritardo, oppure che venga spostata nelle cartelle &#8220;posta non desiderata&#8221; o &#8220;spam&#8221;, pertanto si consiglia di controllare queste cartelle.<\/p>\n<p><strong>Confermare o cancellare l&#8217;appuntamento<\/strong><\/p>\n<p>Tra i 10 ed i 3 giorni precedenti l&#8217;appuntamento viene inviata in automatico alla casella di posta indicata una mail per confermare o cancellare l&#8217;appuntamento. Poich\u00e9 \u00e8 possibile che tale mail venga inserita come spam, l&#8217;utente potr\u00e0 confermare o cancellare l&#8217;appuntamento anche collegandosi direttamente al sistema ed effettuando il log-in.<\/p>\n<p><strong>Il giorno dell&#8217;appuntamento in Consolato<\/strong><\/p>\n<p>Si suggerisce di visitare questo sito internet per informazioni (documenti necessari, modalit\u00e0 di erogazione del servizio, tariffe consolari, etc.) che potranno rivelarsi utili in vista dell\u2019appuntamento in Consolato.<\/p>\n<p>Il pagamento dei diritti consolari pu\u00f2 essere effettuato in SGD in contanti o tramite NETS.<\/p>\n","protected":false},"excerpt":{"rendered":"I servizi consolari sono erogati esclusivamente su appuntamento utilizzando il servizio di prenotazione online\u00a0Prenot@mi Quando si accede per la prima volta al portale \u00e8 necessario registrarsi. Creare un account sul portale\u00a0 Per accedere al servizio la prima volta l&#8217;utente dovr\u00e0 registrarsi al portale fornendo i dati personali ed un indirizzo di posta elettronica, dove l&#8217;utente [&hellip;]","protected":false},"author":8,"featured_media":0,"parent":48,"menu_order":0,"comment_status":"closed","ping_status":"closed","template":"","meta":{"footnotes":""},"class_list":["post-751","page","type-page","status-publish","hentry"],"_links":{"self":[{"href":"https:\/\/ambsingapore.esteri.it\/it\/wp-json\/wp\/v2\/pages\/751","targetHints":{"allow":["GET"]}}],"collection":[{"href":"https:\/\/ambsingapore.esteri.it\/it\/wp-json\/wp\/v2\/pages"}],"about":[{"href":"https:\/\/ambsingapore.esteri.it\/it\/wp-json\/wp\/v2\/types\/page"}],"author":[{"embeddable":true,"href":"https:\/\/ambsingapore.esteri.it\/it\/wp-json\/wp\/v2\/users\/8"}],"replies":[{"embeddable":true,"href":"https:\/\/ambsingapore.esteri.it\/it\/wp-json\/wp\/v2\/comments?post=751"}],"version-history":[{"count":0,"href":"https:\/\/ambsingapore.esteri.it\/it\/wp-json\/wp\/v2\/pages\/751\/revisions"}],"up":[{"embeddable":true,"href":"https:\/\/ambsingapore.esteri.it\/it\/wp-json\/wp\/v2\/pages\/48"}],"wp:attachment":[{"href":"https:\/\/ambsingapore.esteri.it\/it\/wp-json\/wp\/v2\/media?parent=751"}],"curies":[{"name":"wp","href":"https:\/\/api.w.org\/{rel}","templated":true}]}}