{"id":977,"date":"2023-07-31T11:59:37","date_gmt":"2023-07-31T03:59:37","guid":{"rendered":"https:\/\/ambsingapore.esteri.it\/?page_id=977"},"modified":"2025-08-06T17:37:15","modified_gmt":"2025-08-06T09:37:15","slug":"associazioni-italiane","status":"publish","type":"page","link":"https:\/\/ambsingapore.esteri.it\/it\/servizi-consolari-e-visti\/servizi-per-il-cittadino-italiano\/associazioni-italiane\/","title":{"rendered":"Associazioni italiane"},"content":{"rendered":"<p style=\"text-align: justify;\">L\u2019associazionismo italiano all\u2019estero rappresenta una ricchezza di tradizione e cultura di indubbio valore. Si tratta di un mondo composito che ha mostrato e deve sempre pi\u00f9 mostrare la capacit\u00e0 di adeguarsi alle mutazioni sociali, culturali e generazionali delle collettivit\u00e0 di riferimento.<\/p>\n<p style=\"text-align: justify;\">In tale situazione si rende necessario, da un lato, verificare quali Associazioni registrate negli anni scorsi nell\u2019apposito registro\/database siano ancora pienamente attive e, dall\u2019altro, valorizzare le esperienze di Associazioni che svolgono attivit\u00e0 concrete e positive che potrebbero essere prese a modello per un rilancio del nostro associazionismo nel mondo.<\/p>\n<p><em><span style=\"text-decoration: underline;\">Associazioni iscritte nel Registro delle Associazioni Italiane all&#8217;estero (<a href=\"https:\/\/www.esteri.it\/mae\/resource\/doc\/2017\/05\/Circolare_n2_9ottobre2013.pdf\">Circolare MAECI 2 del 9 ottobre 2013<\/a>). <\/span><\/em><\/p>\n<p>Per effettuare prima iscrizione o rinnovo iscrizione al Registro delle Associazioni Italiane a Singapore visitare la <a href=\"https:\/\/ambsingapore.esteri.it\/it\/servizi-consolari-e-visti\/servizi-per-il-cittadino-italiano\/associazioni-italiane\/prima-iscrizione-rinnovo-iscrizione-registro-associazioni-italiane-a-singapore\/\">pagina dedicata<\/a>.<\/p>\n<p style=\"text-align: justify;\"><strong>Associazione per la Promozione della Cultura Italiana a Singapore (Apics)<\/strong><\/p>\n<p><strong>&amp; Scuola Supplementare Italiana<\/strong><\/p>\n<p style=\"text-align: justify;\">Sito internet:\u00a0 \u00a0\u00a0 \u00a0\u00a0 <a href=\"http:\/\/www.apics.com.sg\/\">www.apics.com.sg <\/a><\/p>\n<p style=\"text-align: justify;\">\u00a0 \u00a0 \u00a0 \u00a0 \u00a0 \u00a0 \u00a0 \u00a0 \u00a0 \u00a0 \u00a0 \u00a0 \u00a0 \u00a0 \u00a0 \u00a0 \u00a0<a href=\"http:\/\/www.scuolaitaliana.sg\/\">www.scuolaitaliana.sg<\/a><\/p>\n<p style=\"text-align: justify;\">Posta elettronica:\u00a0<a href=\"mailto:admin@apics.com.sg\">admin@apics.com.sg<\/a><\/p>\n<p>\u00a0 \u00a0 \u00a0 \u00a0 \u00a0 \u00a0 \u00a0 \u00a0 \u00a0 \u00a0 \u00a0 \u00a0 \u00a0 \u00a0 \u00a0\u00a0 \u00a0\u00a0<a href=\"mailto:scuolaitaliana@apics.com.sg;\">scuolaitaliana@apics.com.sg<\/a><\/p>\n<p>Whatsapp:\u00a0(+65) 8485 6694<\/p>\n<p style=\"text-align: justify;\">Indirizzo:\u00a0APICS c\/o United Language Center, 1st Coleman Street The Adelphi #10-12, 179803 Singapore<\/p>\n<p>Indirizzo:\u00a0<a href=\"https:\/\/www.sais.edu.sg\/\">Stamford American International School<\/a>, Woodleigh Campus,\u00a01 Woodleigh Lane,\u00a0Singapore 357684<\/p>\n<p style=\"text-align: justify;\">Finalit\u00e0: Istruzione, Insegnamento della Lingua Italiana, Formazione Professionale, Informazione e Comunicazione, Promozione e\u00a0Attivit\u00e0 Culturali.<\/p>\n<p>&nbsp;<\/p>\n<p style=\"text-align: justify;\"><strong>Italian Women&#8217;s Group<\/strong><\/p>\n<p style=\"text-align: justify;\">Sito internet:\u00a0<a href=\"http:\/\/www.iwgsingapore.org\/\">www.iwgsingapore.org<\/a><\/p>\n<p style=\"text-align: justify;\">Posta elettronia:\u00a0<a href=\"mailto:iwgsingapore@gmail.com\">iwgsingapore@gmail.com<\/a><\/p>\n<p style=\"text-align: justify;\">Finalit\u00e0:\u00a0Promozione della Cultura Italiana a Singapore attraverso Attivit\u00e0 Culturali, Formative, Professionali, Ricreative e di\u00a0Beneficienza.<\/p>\n<p>&nbsp;<\/p>\n<p><strong>Singapore Italian Association<\/strong><\/p>\n<p><strong>&amp; Italian Language School<\/strong><\/p>\n<p>Sito web: <a href=\"http:\/\/www.italianassociation.com\/\">www.italianassociation.com<\/a><\/p>\n<p>Email: <a href=\"mailto:info@italianassociation.com\">info@italianassociation.com<\/a><\/p>\n<p>Sito web: <a href=\"https:\/\/www.italianschool.sg\">www.italianschool.sg<\/a><\/p>\n<p>Email: <a href=\"mailto:info@italianschool.sg\">info@italianschool.sg<\/a><\/p>\n<p>WhatsApp: (+65) 8830 7492<\/p>\n<p>Indirizzo: 400 Orchard Road #06-10 Orchard Towers Singapore 238875<\/p>\n<p>Finalit\u00e0:\u00a0Organizzazione non governtiva e no-profit che si prefigge di unire i membri\u00a0della comunit\u00e0 italiana e metterli in contatto con le altre realt\u00e0 locali.<\/p>\n<p>&nbsp;<\/p>\n<p><span style=\"text-decoration: underline;\"><em>Altre Associazioni italiane a Singapore<\/em><\/span><\/p>\n<p><strong>Accademia della Cucina Italiana<\/strong><\/p>\n<p>Sito web: <a href=\"https:\/\/l.instagram.com\/?u=http%3A%2F%2Fwww.accademia1953.it%2F&amp;e=AT3Nqn8mEW6T24A24veQ0sy3nydubJQGw-CC_eqWWgqJ18va8qugvPqPJ4_1WPnxJYarWNiK_83DcNEuyF3YDoHgESsf3c9NJwAC0A\" target=\"_blank\" rel=\"me nofollow noopener noreferrer\"><span class=\"x1lliihq x1plvlek xryxfnj x1n2onr6 x193iq5w xeuugli x1fj9vlw x13faqbe x1vvkbs x1s928wv xhkezso x1gmr53x x1cpjm7i x1fgarty x1943h6x x1i0vuye xvs91rp x1s688f x7l2uk3 x10wh9bi x1wdrske x8viiok x18hxmgj\" dir=\"auto\"><span class=\"x1lliihq x193iq5w x6ikm8r x10wlt62 xlyipyv xuxw1ft\">www.accademia1953.it<\/span><\/span><\/a><\/p>\n<p>Finalit\u00e0: Tutelare le tradizioni della cucina italiana, di cui promuove e favorisce il miglioramento in Italia e all\u2019estero.<\/p>\n<p>&nbsp;<\/p>\n<p><strong>Comunit\u00e0 Cattolica Italiana<\/strong><\/p>\n<p>Email:\u00a0<a href=\"mailto:catechismo.italiano@gmail.com\">catechismo.italiano@gmail.com<\/a><\/p>\n<p>Sito: <a href=\"https:\/\/www.comunitacattolicasingapore.com\/groups\"><span style=\"color: #0000ff;\">www.comunitacattolicaasingapore.com\/groups <\/span><\/a><\/p>\n<p>Tel.:\u00a0+65 9061 4762<\/p>\n<p>Finalit\u00e0: Promuovere i valori cattolici per gli italiani residenti o in transito a Singapore.<\/p>\n<p>&nbsp;<\/p>\n","protected":false},"excerpt":{"rendered":"L\u2019associazionismo italiano all\u2019estero rappresenta una ricchezza di tradizione e cultura di indubbio valore. Si tratta di un mondo composito che ha mostrato e deve sempre pi\u00f9 mostrare la capacit\u00e0 di adeguarsi alle mutazioni sociali, culturali e generazionali delle collettivit\u00e0 di riferimento. In tale situazione si rende necessario, da un lato, verificare quali Associazioni registrate negli [&hellip;]","protected":false},"author":4,"featured_media":0,"parent":47,"menu_order":17,"comment_status":"closed","ping_status":"closed","template":"","meta":{"footnotes":""},"class_list":["post-977","page","type-page","status-publish","hentry"],"_links":{"self":[{"href":"https:\/\/ambsingapore.esteri.it\/it\/wp-json\/wp\/v2\/pages\/977","targetHints":{"allow":["GET"]}}],"collection":[{"href":"https:\/\/ambsingapore.esteri.it\/it\/wp-json\/wp\/v2\/pages"}],"about":[{"href":"https:\/\/ambsingapore.esteri.it\/it\/wp-json\/wp\/v2\/types\/page"}],"author":[{"embeddable":true,"href":"https:\/\/ambsingapore.esteri.it\/it\/wp-json\/wp\/v2\/users\/4"}],"replies":[{"embeddable":true,"href":"https:\/\/ambsingapore.esteri.it\/it\/wp-json\/wp\/v2\/comments?post=977"}],"version-history":[{"count":5,"href":"https:\/\/ambsingapore.esteri.it\/it\/wp-json\/wp\/v2\/pages\/977\/revisions"}],"predecessor-version":[{"id":6627,"href":"https:\/\/ambsingapore.esteri.it\/it\/wp-json\/wp\/v2\/pages\/977\/revisions\/6627"}],"up":[{"embeddable":true,"href":"https:\/\/ambsingapore.esteri.it\/it\/wp-json\/wp\/v2\/pages\/47"}],"wp:attachment":[{"href":"https:\/\/ambsingapore.esteri.it\/it\/wp-json\/wp\/v2\/media?parent=977"}],"curies":[{"name":"wp","href":"https:\/\/api.w.org\/{rel}","templated":true}]}}